{"id":447,"date":"2025-09-23T12:04:11","date_gmt":"2025-09-23T09:04:11","guid":{"rendered":"https:\/\/savonlinnatours.fi\/savonlinnan-oopperajuhlat\/"},"modified":"2026-02-05T11:36:14","modified_gmt":"2026-02-05T09:36:14","slug":"savonlinna-opera-festival","status":"publish","type":"page","link":"https:\/\/savonlinnatours.fi\/en\/savonlinna-opera-festival\/","title":{"rendered":"Savonlinna Opera Festival"},"content":{"rendered":"<h1>Savon\u00adlinna opera festival 2026<\/h1>\n<h2>World-Class Opera in the Historic Settings of Olavinlinna Castle<\/h2>\n<div>\n<p>The Savonlinna Opera Festival is one of the most renowned opera festivals in the world. It is held annually at Olavinlinna Castle, a medieval fortress completed in 1475 in the heart of Savonlinna.<\/p>\n<p>A high-quality opera performance in a medieval castle surrounded by a lake landscape is an unforgettable experience for everyone!<\/p>\n<p><strong>All Your Opera Travel Services from One Place<\/strong><\/p>\n<p>Savonlinna Tours Ltd assists both groups and individual opera visitors in creating a tailor-made opera trip. We help with accommodation and opera ticket reservations as well as organizing transportation. We offer a wide range of cruises on Lake Saimaa, including the option to transfer to the opera via the VIP entrance at Olavinlinna Castle\u2019s rear dock. You can also book backstage tours at the opera, city tours, and excursions to cultural sites in the surrounding area through us.<\/p>\n<\/div>\n<h1>Complete your opera experience<\/h1>\n<div>\n<\/div>\n<div>\n<p>        <img decoding=\"async\" src=\"\/wp-content\/uploads\/2025\/09\/nabucco-2026.jpg\" alt=\"\"><\/p>\n<h3>Italy Comes to Savonlinna<\/h3>\n<p>Program 2026<\/p>\n<div>\n<p>The theme of the summer 2026 program is \u201cItaly Comes to Savonlinna\u201d, featuring timeless classics such as Puccini\u2019s <em>Madama Butterfly<\/em>, Verdi\u2019s <em>Nabucco<\/em>, and Mozart\u2019s <em>The Marriage of Figaro<\/em>. The lineup is crowned by a guest performance from the Gothenburg Opera with Verdi\u2019s <em>La Traviata<\/em>.<\/p>\n<ul>\n<li>The Marriage of Figaro: 3.7., 6.7., 9.7., 13.7., 16.7., 20.7., 22.7., 25.7.<\/li>\n<li>\n<div>Madama Butterfly: 4.7., 7.7., 10.7., 15.7., 18.7., 23.7.,<\/div>\n<\/li>\n<li>\n<div>Nabucco: 8.7., 11.7., 14.7., 17.7., 21.7., 24.7.,<\/div>\n<\/li>\n<li>\n<div>La Traviata: 27.7., 28.7., 30.7., 31.7.<\/div>\n<\/li>\n<\/ul>\n<\/div>\n<p><a href=\"https:\/\/savonlinnatours.fi\/en\/savonlinna-opera-festival\/opera-festival-travel-packages\/\">Travel Packages for the Opera Festival<\/a><\/p>\n<\/div>\n<h3><a href=\"https:\/\/savonlinnatours.fi\/en\/savonlinna-opera-festival\/opera-festival-travel-packages\/\">Experience the Savonlinna Opera Festival easily and effortlessly with a ready-made travel package<\/a><\/h3>\n<div>\n<p>Savonlinna Tours offers convenient all-in-one packages that include accommodation, opera tickets, and optional extras\u2014such as a scenic cruise with VIP access directly to Olavinlinna or a backstage tour at the opera. Choose the option that suits you best and secure an unforgettable experience with world-class opera.<\/p>\n<\/div>\n<div><a href=\"https:\/\/savonlinnatours.fi\/en\/savonlinna-opera-festival\/opera-festival-travel-packages\/\">Explore Our Travel Packages<\/a><\/div>\n<div><a href=\"mailto:sales@savonlinnatours.fi\">sales@savonlinnatours.fi<\/a><\/div>\n<div><a href=\"tel:+358505484004\">+358 50 548 4004<\/a><\/div>\n<h3>Frequently Asked Practical Questions<\/h3>\n<div>\n<\/div>\n<p><!--more--><br \/>\n<!-- {\"type\":\"layout\",\"children\":[{\"name\":\"Hero\",\"type\":\"section\",\"props\":{\"header_transparent\":true,\"header_transparent_noplaceholder\":true,\"header_transparent_text_color\":\"light\",\"height\":\"viewport\",\"height_offset_top\":true,\"height_viewport\":80,\"image\":\"wp-content\\\/uploads\\\/2025\\\/10\\\/Turandot-ooppera.jpg\",\"image_effect\":\"fixed\",\"image_loading\":true,\"image_position\":\"center-center\",\"image_size\":\"cover\",\"image_width\":\"2560\",\"media_background\":\"#fff\",\"media_overlay\":\"rgba(0, 0, 0, 0.34)\",\"padding\":\"large\",\"style\":\"secondary\",\"title_breakpoint\":\"xl\",\"title_position\":\"top-left\",\"title_rotation\":\"left\",\"vertical_align\":\"middle\",\"width\":\"default\"},\"children\":[{\"type\":\"row\",\"children\":[{\"type\":\"column\",\"props\":{\"image_position\":\"center-center\",\"position_sticky_breakpoint\":\"m\"},\"children\":[{\"type\":\"headline\",\"props\":{\"block_align\":\"right\",\"block_align_breakpoint\":\"m\",\"block_align_fallback\":\"center\",\"content\":\"Savon\\u00adlinna opera festival 2026\",\"margin\":\"remove-vertical\",\"margin_remove_top\":false,\"maxwidth\":\"2xlarge\",\"text_align\":\"right\",\"text_align_breakpoint\":\"m\",\"text_align_fallback\":\"center\",\"title_element\":\"h1\",\"title_style\":\"heading-large\"}}]}]}]},{\"name\":\"Hero\",\"type\":\"section\",\"props\":{\"animation_delay\":false,\"image_position\":\"center-center\",\"overlap\":false,\"padding_remove_top\":true,\"style\":\"default\",\"title_breakpoint\":\"xl\",\"title_position\":\"top-left\",\"title_rotation\":\"left\",\"vertical_align\":\"\",\"width\":\"\"},\"children\":[{\"type\":\"row\",\"props\":{\"column_gap\":\"large\",\"layout\":\"expand,large\",\"margin\":\"remove-vertical\",\"margin_remove_bottom\":false,\"margin_remove_top\":false,\"row_gap\":\"large\",\"width\":\"large\"},\"children\":[{\"type\":\"column\",\"props\":{\"image_effect\":\"parallax\",\"image_height\":\"310\",\"image_parallax_bgy\":\"-110,-250\",\"image_parallax_easing\":\"1\",\"image_position\":\"top-left\",\"image_width\":\"260\",\"position_sticky_breakpoint\":\"m\",\"style\":\"tile-default\",\"width_large\":\"expand\"},\"children\":[{\"type\":\"headline\",\"props\":{\"content\":\"World-Class Opera in the Historic Settings of Olavinlinna Castle\",\"margin\":\"default\",\"margin_remove_top\":true,\"title_element\":\"h2\",\"title_style\":\"h2\"}},{\"type\":\"text\",\"props\":{\"column_breakpoint\":\"l\",\"column_divider\":false,\"content\":\"\n\n<p>The Savonlinna Opera Festival is one of the most renowned opera festivals in the world. It is held annually at Olavinlinna Castle, a medieval fortress completed in 1475 in the heart of Savonlinna.<\\\/p>\\n\n\n<p>A high-quality opera performance in a medieval castle surrounded by a lake landscape is an unforgettable experience for everyone!<\\\/p>\\n\n\n<p><strong>All Your Opera Travel Services from One Place<\\\/strong><\\\/p>\\n\n\n<p>Savonlinna Tours Ltd assists both groups and individual opera visitors in creating a tailor-made opera trip. We help with accommodation and opera ticket reservations as well as organizing transportation. We offer a wide range of cruises on Lake Saimaa, including the option to transfer to the opera via the VIP entrance at Olavinlinna Castle\\u2019s rear dock. You can also book backstage tours at the opera, city tours, and excursions to cultural sites in the surrounding area through us.<\\\/p>\",\"margin\":\"default\",\"maxwidth\":\"2xlarge\",\"text_align_fallback\":\"left\"}},{\"type\":\"headline\",\"props\":{\"content\":\"Complete your opera experience\",\"title_element\":\"h1\"}},{\"type\":\"grid\",\"props\":{\"content_column_breakpoint\":\"m\",\"content_margin\":\"small\",\"content_style\":\"text-meta\",\"filter\":false,\"filter_align\":\"left\",\"filter_all\":true,\"filter_all_label\":\"Kaikki\",\"filter_animation\":\"fade\",\"filter_grid_breakpoint\":\"m\",\"filter_grid_width\":\"auto\",\"filter_position\":\"top\",\"filter_style\":\"tab\",\"grid_default\":\"1\",\"grid_medium\":\"\",\"grid_parallax_justify\":false,\"grid_small\":\"2\",\"icon_width\":80,\"image_align\":\"top\",\"image_grid_breakpoint\":\"m\",\"image_grid_width\":\"1-2\",\"image_height\":533,\"image_link\":true,\"image_svg_color\":\"emphasis\",\"image_transition\":\"scale-up\",\"image_width\":800,\"item_animation\":true,\"lightbox_bg_close\":true,\"link_fullwidth\":true,\"link_margin\":\"small\",\"link_style\":\"text\",\"link_text\":\"\",\"margin\":\"default\",\"meta_align\":\"below-title\",\"meta_element\":\"div\",\"meta_margin\":\"small\",\"meta_style\":\"text-meta\",\"panel_image_no_padding\":true,\"panel_link\":true,\"panel_padding\":\"small\",\"panel_style\":\"card-default\",\"show_content\":true,\"show_hover_image\":true,\"show_hover_video\":true,\"show_image\":true,\"show_link\":true,\"show_meta\":true,\"show_title\":true,\"show_video\":true,\"text_align\":\"center\",\"title_align\":\"top\",\"title_decoration\":\"divider\",\"title_element\":\"h3\",\"title_grid_breakpoint\":\"m\",\"title_grid_width\":\"1-2\",\"title_hover_style\":\"reset\",\"title_style\":\"h4\"},\"children\":[{\"type\":\"grid_item\",\"source\":{\"query\":{\"name\":\"posts.customPost\",\"arguments\":{\"terms\":[],\"category_operator\":\"IN\",\"post_tag_operator\":\"IN\",\"users\":[],\"users_operator\":\"IN\",\"offset\":0,\"order\":\"date\",\"order_direction\":\"DESC\",\"id\":317}},\"props\":{\"title\":{\"name\":\"title\"},\"content\":{\"arguments\":{\"show_excerpt\":true,\"show_content\":true},\"name\":\"teaser\"},\"image\":{\"name\":\"featuredImage.url\"},\"image_alt\":{\"name\":\"featuredImage.alt\"},\"link\":{\"name\":\"link\"},\"link_aria_label\":{\"name\":\"title\"},\"tags\":{\"arguments\":{\"separator\":\", \",\"show_link\":true,\"link_style\":\"\"},\"name\":\"post_tagString\"}}},\"props\":{\"link_text\":\"Book now\"}}],\"name\":\"\\u00c4L\\u00c4 koske\"}]},{\"type\":\"column\",\"props\":{\"image_position\":\"center-center\",\"position_sticky_breakpoint\":\"m\",\"preserve_color\":false,\"width_large\":\"xlarge\"},\"children\":[{\"type\":\"panel\",\"props\":{\"animation\":\"parallax\",\"content\":\"\n\n<p>The theme of the summer 2026 program is \\u201cItaly Comes to Savonlinna\\u201d, featuring timeless classics such as Puccini\\u2019s <em>Madama Butterfly<\\\/em>, Verdi\\u2019s <em>Nabucco<\\\/em>, and Mozart\\u2019s <em>The Marriage of Figaro<\\\/em>. The lineup is crowned by a guest performance from the Gothenburg Opera with Verdi\\u2019s <em>La Traviata<\\\/em>.<\\\/p>\\n\n\n<ul>\\n\n\n<li>The Marriage of Figaro: 3.7., 6.7., 9.7., 13.7., 16.7., 20.7., 22.7., 25.7.<\\\/li>\\n\n\n<li>\\n\n\n<div>Madama Butterfly: 4.7., 7.7., 10.7., 15.7., 18.7., 23.7.,<\\\/div>\\n<\\\/li>\\n\n\n<li>\\n\n\n<div>Nabucco: 8.7., 11.7., 14.7., 17.7., 21.7., 24.7.,<\\\/div>\\n<\\\/li>\\n\n\n<li>\\n\n\n<div>La Traviata: 27.7., 28.7., 30.7., 31.7.<\\\/div>\\n<\\\/li>\\n<\\\/ul>\",\"content_column_breakpoint\":\"m\",\"icon_width\":80,\"image\":\"wp-content\\\/uploads\\\/2025\\\/09\\\/nabucco-2026.jpg\",\"image_align\":\"top\",\"image_grid_breakpoint\":\"m\",\"image_grid_width\":\"1-2\",\"image_svg_color\":\"emphasis\",\"link\":\"?page_id=50\",\"link_aria_label\":\"Travel Packages for the Opera Festival\",\"link_style\":\"primary\",\"link_text\":\"Travel Packages for the Opera Festival\",\"margin\":\"remove-vertical\",\"meta\":\"Program 2026\",\"meta_align\":\"below-title\",\"meta_element\":\"div\",\"meta_style\":\"h3\",\"panel_image_no_padding\":true,\"panel_padding\":\"large\",\"panel_style\":\"card-secondary\",\"parallax_breakpoint\":\"l\",\"parallax_easing\":\"1\",\"parallax_target\":\"!.uk-section\",\"parallax_y\":\"-80,110\",\"parallax_zindex\":false,\"title\":\"Italy Comes to Savonlinna\",\"title_align\":\"top\",\"title_element\":\"h3\",\"title_grid_breakpoint\":\"m\",\"title_grid_width\":\"1-2\",\"title_hover_style\":\"reset\",\"title_style\":\"heading-small\"}}]}]}]},{\"type\":\"section\",\"props\":{\"image_position\":\"center-center\",\"style\":\"muted\",\"title_breakpoint\":\"xl\",\"title_position\":\"top-left\",\"title_rotation\":\"left\",\"vertical_align\":\"middle\",\"width\":\"default\"},\"children\":[{\"type\":\"row\",\"props\":{\"divider\":true,\"layout\":\"1-2,1-2\"},\"children\":[{\"type\":\"column\",\"props\":{\"image_position\":\"center-center\",\"position_sticky_breakpoint\":\"m\",\"width_medium\":\"1-2\"},\"children\":[{\"type\":\"headline\",\"props\":{\"content\":\"Experience the Savonlinna Opera Festival easily and effortlessly with a ready-made travel package\",\"link\":\"?page_id=50\",\"title_element\":\"h3\",\"title_style\":\"h3\"}},{\"type\":\"text\",\"props\":{\"column_breakpoint\":\"m\",\"content\":\"\n\n<p>Savonlinna Tours offers convenient all-in-one packages that include accommodation, opera tickets, and optional extras\\u2014such as a scenic cruise with VIP access directly to Olavinlinna or a backstage tour at the opera. Choose the option that suits you best and secure an unforgettable experience with world-class opera.<\\\/p>\",\"margin\":\"default\"}},{\"type\":\"headline\",\"props\":{\"content\":\"Explore Our Travel Packages\",\"link\":\"?page_id=50\",\"link_target\":false,\"margin\":\"small\",\"title_element\":\"div\",\"title_style\":\"h3\"},\"name\":\"paketit\"},{\"type\":\"headline\",\"props\":{\"content\":\"sales@savonlinnatours.fi\",\"link\":\"mailto:sales@savonlinnatours.fi\",\"link_target\":true,\"margin\":\"small\",\"title_element\":\"div\",\"title_style\":\"h3\"},\"name\":\"email\"},{\"type\":\"headline\",\"props\":{\"content\":\"+358 50 548 4004\",\"link\":\"tel:+358505484004\",\"link_target\":true,\"margin\":\"small\",\"title_element\":\"div\",\"title_style\":\"h3\"},\"name\":\"puh\"}]},{\"type\":\"column\",\"props\":{\"image_position\":\"center-center\",\"position_sticky_breakpoint\":\"m\",\"width_medium\":\"1-2\"},\"children\":[{\"type\":\"headline\",\"props\":{\"content\":\"Frequently Asked Practical Questions\",\"title_color\":\"primary\",\"title_decoration\":\"divider\",\"title_element\":\"h3\",\"title_style\":\"h4\"}},{\"type\":\"accordion\",\"props\":{\"collapsible\":true,\"content_column_breakpoint\":\"m\",\"image_align\":\"top\",\"image_grid_breakpoint\":\"m\",\"image_grid_width\":\"1-2\",\"image_svg_color\":\"emphasis\",\"link_style\":\"default\",\"link_text\":\"Read more\",\"show_image\":true,\"show_link\":true},\"children\":[{\"type\":\"accordion_item\",\"source\":{\"query\":{\"name\":\"posts.customPosts\",\"arguments\":{\"terms\":[18],\"category_operator\":\"IN\",\"post_tag_operator\":\"IN\",\"users\":[],\"users_operator\":\"IN\",\"offset\":0,\"limit\":10,\"order\":\"date\",\"order_direction\":\"DESC\"}},\"props\":{\"title\":{\"name\":\"title\"},\"content\":{\"arguments\":{\"show_intro_text\":true},\"name\":\"content\"}}}}]}]}]}]},{\"type\":\"section\",\"props\":{\"height\":\"viewport\",\"image\":\"wp-content\\\/uploads\\\/2025\\\/09\\\/savonlinna-jarvelta.jpg\",\"image_position\":\"center-center\",\"image_size\":\"cover\",\"sticky\":\"reveal\",\"style\":\"default\",\"title_breakpoint\":\"xl\",\"title_position\":\"top-left\",\"title_rotation\":\"left\",\"vertical_align\":\"middle\",\"width\":\"default\"},\"children\":[{\"type\":\"row\",\"children\":[{\"type\":\"column\",\"props\":{\"image_position\":\"center-center\",\"position_sticky_breakpoint\":\"m\"}}]}]}],\"version\":\"4.5.32\"} --><\/p>\n","protected":false},"excerpt":{"rendered":"<p>Savon\u00adlinna opera festival 2026 World-Class Opera in the Historic Settings of Olavinlinna Castle The Savonlinna Opera Festival is one of the most renowned opera festivals in the world. It is held annually at Olavinlinna Castle, a medieval fortress completed in 1475 in the heart of Savonlinna. A high-quality opera performance in a medieval castle surrounded [&hellip;]<\/p>\n","protected":false},"author":1,"featured_media":526,"parent":0,"menu_order":0,"comment_status":"closed","ping_status":"closed","template":"","meta":{"footnotes":""},"class_list":["post-447","page","type-page","status-publish","has-post-thumbnail","hentry"],"yoast_head":"<!-- This site is optimized with the Yoast SEO Premium plugin v27.2 (Yoast SEO v27.2) - https:\/\/yoast.com\/product\/yoast-seo-premium-wordpress\/ -->\n<title>Savonlinna Opera Festival - Savonlinna Tours<\/title>\n<meta name=\"description\" content=\"Maailmanluokan oopperaa Olavinlinnan historiallisessa milj\u00f6\u00f6ss\u00e4. Autamme sinua rakentamaan toiveiden mukaisen oopperamatkan\" \/>\n<meta name=\"robots\" content=\"index, follow, max-snippet:-1, max-image-preview:large, max-video-preview:-1\" \/>\n<link rel=\"canonical\" href=\"https:\/\/savonlinnatours.fi\/en\/savonlinna-opera-festival\/\" \/>\n<meta property=\"og:locale\" content=\"en_US\" \/>\n<meta property=\"og:type\" content=\"article\" \/>\n<meta property=\"og:title\" content=\"Savonlinna Opera Festival\" \/>\n<meta property=\"og:description\" content=\"Maailmanluokan oopperaa Olavinlinnan historiallisessa milj\u00f6\u00f6ss\u00e4. Autamme sinua rakentamaan toiveiden mukaisen oopperamatkan\" \/>\n<meta property=\"og:url\" content=\"https:\/\/savonlinnatours.fi\/en\/savonlinna-opera-festival\/\" \/>\n<meta property=\"og:site_name\" content=\"Savonlinna Tours\" \/>\n<meta property=\"article:modified_time\" content=\"2026-02-05T09:36:14+00:00\" \/>\n<meta property=\"og:image\" content=\"https:\/\/savonlinnatours.fi\/wp-content\/uploads\/2025\/10\/Turandot-ooppera.jpg\" \/>\n\t<meta property=\"og:image:width\" content=\"1920\" \/>\n\t<meta property=\"og:image:height\" content=\"1280\" \/>\n\t<meta property=\"og:image:type\" content=\"image\/jpeg\" \/>\n<meta name=\"twitter:card\" content=\"summary_large_image\" \/>\n<meta name=\"twitter:label1\" content=\"Est. reading time\" \/>\n\t<meta name=\"twitter:data1\" content=\"1 minute\" \/>\n<script type=\"application\/ld+json\" class=\"yoast-schema-graph\">{\"@context\":\"https:\/\/schema.org\",\"@graph\":[{\"@type\":\"WebPage\",\"@id\":\"https:\/\/savonlinnatours.fi\/en\/savonlinna-opera-festival\/\",\"url\":\"https:\/\/savonlinnatours.fi\/en\/savonlinna-opera-festival\/\",\"name\":\"Savonlinna Opera Festival - Savonlinna Tours\",\"isPartOf\":{\"@id\":\"https:\/\/savonlinnatours.fi\/en\/#website\"},\"primaryImageOfPage\":{\"@id\":\"https:\/\/savonlinnatours.fi\/en\/savonlinna-opera-festival\/#primaryimage\"},\"image\":{\"@id\":\"https:\/\/savonlinnatours.fi\/en\/savonlinna-opera-festival\/#primaryimage\"},\"thumbnailUrl\":\"https:\/\/savonlinnatours.fi\/wp-content\/uploads\/2025\/10\/Turandot-ooppera.jpg\",\"datePublished\":\"2025-09-23T09:04:11+00:00\",\"dateModified\":\"2026-02-05T09:36:14+00:00\",\"description\":\"Maailmanluokan oopperaa Olavinlinnan historiallisessa milj\u00f6\u00f6ss\u00e4. Autamme sinua rakentamaan toiveiden mukaisen oopperamatkan\",\"breadcrumb\":{\"@id\":\"https:\/\/savonlinnatours.fi\/en\/savonlinna-opera-festival\/#breadcrumb\"},\"inLanguage\":\"en-US\",\"potentialAction\":[{\"@type\":\"ReadAction\",\"target\":[\"https:\/\/savonlinnatours.fi\/en\/savonlinna-opera-festival\/\"]}]},{\"@type\":\"ImageObject\",\"inLanguage\":\"en-US\",\"@id\":\"https:\/\/savonlinnatours.fi\/en\/savonlinna-opera-festival\/#primaryimage\",\"url\":\"https:\/\/savonlinnatours.fi\/wp-content\/uploads\/2025\/10\/Turandot-ooppera.jpg\",\"contentUrl\":\"https:\/\/savonlinnatours.fi\/wp-content\/uploads\/2025\/10\/Turandot-ooppera.jpg\",\"width\":1920,\"height\":1280},{\"@type\":\"BreadcrumbList\",\"@id\":\"https:\/\/savonlinnatours.fi\/en\/savonlinna-opera-festival\/#breadcrumb\",\"itemListElement\":[{\"@type\":\"ListItem\",\"position\":1,\"name\":\"Etusivu\",\"item\":\"https:\/\/savonlinnatours.fi\/en\/\"},{\"@type\":\"ListItem\",\"position\":2,\"name\":\"Savonlinna Opera Festival\"}]},{\"@type\":\"WebSite\",\"@id\":\"https:\/\/savonlinnatours.fi\/en\/#website\",\"url\":\"https:\/\/savonlinnatours.fi\/en\/\",\"name\":\"Savonlinna Tours\",\"description\":\"El\u00e4myksi\u00e4 Saimaan syd\u00e4mess\u00e4\",\"publisher\":{\"@id\":\"https:\/\/savonlinnatours.fi\/en\/#organization\"},\"potentialAction\":[{\"@type\":\"SearchAction\",\"target\":{\"@type\":\"EntryPoint\",\"urlTemplate\":\"https:\/\/savonlinnatours.fi\/en\/?s={search_term_string}\"},\"query-input\":{\"@type\":\"PropertyValueSpecification\",\"valueRequired\":true,\"valueName\":\"search_term_string\"}}],\"inLanguage\":\"en-US\"},{\"@type\":\"Organization\",\"@id\":\"https:\/\/savonlinnatours.fi\/en\/#organization\",\"name\":\"Savonlinna Tours\",\"url\":\"https:\/\/savonlinnatours.fi\/en\/\",\"logo\":{\"@type\":\"ImageObject\",\"inLanguage\":\"en-US\",\"@id\":\"https:\/\/savonlinnatours.fi\/en\/#\/schema\/logo\/image\/\",\"url\":\"https:\/\/savonlinnatours.fi\/wp-content\/uploads\/2025\/09\/savonlinna_tours_black-nelio.svg\",\"contentUrl\":\"https:\/\/savonlinnatours.fi\/wp-content\/uploads\/2025\/09\/savonlinna_tours_black-nelio.svg\",\"width\":1,\"height\":1,\"caption\":\"Savonlinna Tours\"},\"image\":{\"@id\":\"https:\/\/savonlinnatours.fi\/en\/#\/schema\/logo\/image\/\"}}]}<\/script>\n<!-- \/ Yoast SEO Premium plugin. -->","yoast_head_json":{"title":"Savonlinna Opera Festival - Savonlinna Tours","description":"Maailmanluokan oopperaa Olavinlinnan historiallisessa milj\u00f6\u00f6ss\u00e4. Autamme sinua rakentamaan toiveiden mukaisen oopperamatkan","robots":{"index":"index","follow":"follow","max-snippet":"max-snippet:-1","max-image-preview":"max-image-preview:large","max-video-preview":"max-video-preview:-1"},"canonical":"https:\/\/savonlinnatours.fi\/en\/savonlinna-opera-festival\/","og_locale":"en_US","og_type":"article","og_title":"Savonlinna Opera Festival","og_description":"Maailmanluokan oopperaa Olavinlinnan historiallisessa milj\u00f6\u00f6ss\u00e4. Autamme sinua rakentamaan toiveiden mukaisen oopperamatkan","og_url":"https:\/\/savonlinnatours.fi\/en\/savonlinna-opera-festival\/","og_site_name":"Savonlinna Tours","article_modified_time":"2026-02-05T09:36:14+00:00","og_image":[{"width":1920,"height":1280,"url":"https:\/\/savonlinnatours.fi\/wp-content\/uploads\/2025\/10\/Turandot-ooppera.jpg","type":"image\/jpeg"}],"twitter_card":"summary_large_image","twitter_misc":{"Est. reading time":"1 minute"},"schema":{"@context":"https:\/\/schema.org","@graph":[{"@type":"WebPage","@id":"https:\/\/savonlinnatours.fi\/en\/savonlinna-opera-festival\/","url":"https:\/\/savonlinnatours.fi\/en\/savonlinna-opera-festival\/","name":"Savonlinna Opera Festival - Savonlinna Tours","isPartOf":{"@id":"https:\/\/savonlinnatours.fi\/en\/#website"},"primaryImageOfPage":{"@id":"https:\/\/savonlinnatours.fi\/en\/savonlinna-opera-festival\/#primaryimage"},"image":{"@id":"https:\/\/savonlinnatours.fi\/en\/savonlinna-opera-festival\/#primaryimage"},"thumbnailUrl":"https:\/\/savonlinnatours.fi\/wp-content\/uploads\/2025\/10\/Turandot-ooppera.jpg","datePublished":"2025-09-23T09:04:11+00:00","dateModified":"2026-02-05T09:36:14+00:00","description":"Maailmanluokan oopperaa Olavinlinnan historiallisessa milj\u00f6\u00f6ss\u00e4. Autamme sinua rakentamaan toiveiden mukaisen oopperamatkan","breadcrumb":{"@id":"https:\/\/savonlinnatours.fi\/en\/savonlinna-opera-festival\/#breadcrumb"},"inLanguage":"en-US","potentialAction":[{"@type":"ReadAction","target":["https:\/\/savonlinnatours.fi\/en\/savonlinna-opera-festival\/"]}]},{"@type":"ImageObject","inLanguage":"en-US","@id":"https:\/\/savonlinnatours.fi\/en\/savonlinna-opera-festival\/#primaryimage","url":"https:\/\/savonlinnatours.fi\/wp-content\/uploads\/2025\/10\/Turandot-ooppera.jpg","contentUrl":"https:\/\/savonlinnatours.fi\/wp-content\/uploads\/2025\/10\/Turandot-ooppera.jpg","width":1920,"height":1280},{"@type":"BreadcrumbList","@id":"https:\/\/savonlinnatours.fi\/en\/savonlinna-opera-festival\/#breadcrumb","itemListElement":[{"@type":"ListItem","position":1,"name":"Etusivu","item":"https:\/\/savonlinnatours.fi\/en\/"},{"@type":"ListItem","position":2,"name":"Savonlinna Opera Festival"}]},{"@type":"WebSite","@id":"https:\/\/savonlinnatours.fi\/en\/#website","url":"https:\/\/savonlinnatours.fi\/en\/","name":"Savonlinna Tours","description":"El\u00e4myksi\u00e4 Saimaan syd\u00e4mess\u00e4","publisher":{"@id":"https:\/\/savonlinnatours.fi\/en\/#organization"},"potentialAction":[{"@type":"SearchAction","target":{"@type":"EntryPoint","urlTemplate":"https:\/\/savonlinnatours.fi\/en\/?s={search_term_string}"},"query-input":{"@type":"PropertyValueSpecification","valueRequired":true,"valueName":"search_term_string"}}],"inLanguage":"en-US"},{"@type":"Organization","@id":"https:\/\/savonlinnatours.fi\/en\/#organization","name":"Savonlinna Tours","url":"https:\/\/savonlinnatours.fi\/en\/","logo":{"@type":"ImageObject","inLanguage":"en-US","@id":"https:\/\/savonlinnatours.fi\/en\/#\/schema\/logo\/image\/","url":"https:\/\/savonlinnatours.fi\/wp-content\/uploads\/2025\/09\/savonlinna_tours_black-nelio.svg","contentUrl":"https:\/\/savonlinnatours.fi\/wp-content\/uploads\/2025\/09\/savonlinna_tours_black-nelio.svg","width":1,"height":1,"caption":"Savonlinna Tours"},"image":{"@id":"https:\/\/savonlinnatours.fi\/en\/#\/schema\/logo\/image\/"}}]}},"_links":{"self":[{"href":"https:\/\/savonlinnatours.fi\/en\/wp-json\/wp\/v2\/pages\/447","targetHints":{"allow":["GET"]}}],"collection":[{"href":"https:\/\/savonlinnatours.fi\/en\/wp-json\/wp\/v2\/pages"}],"about":[{"href":"https:\/\/savonlinnatours.fi\/en\/wp-json\/wp\/v2\/types\/page"}],"author":[{"embeddable":true,"href":"https:\/\/savonlinnatours.fi\/en\/wp-json\/wp\/v2\/users\/1"}],"replies":[{"embeddable":true,"href":"https:\/\/savonlinnatours.fi\/en\/wp-json\/wp\/v2\/comments?post=447"}],"version-history":[{"count":12,"href":"https:\/\/savonlinnatours.fi\/en\/wp-json\/wp\/v2\/pages\/447\/revisions"}],"predecessor-version":[{"id":550,"href":"https:\/\/savonlinnatours.fi\/en\/wp-json\/wp\/v2\/pages\/447\/revisions\/550"}],"wp:featuredmedia":[{"embeddable":true,"href":"https:\/\/savonlinnatours.fi\/en\/wp-json\/wp\/v2\/media\/526"}],"wp:attachment":[{"href":"https:\/\/savonlinnatours.fi\/en\/wp-json\/wp\/v2\/media?parent=447"}],"curies":[{"name":"wp","href":"https:\/\/api.w.org\/{rel}","templated":true}]}}