{"id":426,"date":"2025-09-23T12:07:39","date_gmt":"2025-09-23T09:07:39","guid":{"rendered":"https:\/\/savonlinnatours.fi\/ryhmille-matkanjarjestajille\/"},"modified":"2025-11-12T07:53:52","modified_gmt":"2025-11-12T05:53:52","slug":"groups-travel-organizers","status":"publish","type":"page","link":"https:\/\/savonlinnatours.fi\/en\/groups-travel-organizers\/","title":{"rendered":"For Groups &amp; Travel Organizers"},"content":{"rendered":"<h1>For Groups &#038; Travel Organizers<br \/>\n<\/h1>\n<h2>Full-Service destination travel agency for groups in the Savonlinna region<\/h2>\n<div>\n<p>Savonlinna Tours is a local destination travel agency offering a wide range of travel services both in the Savonlinna region and elsewhere in Finland. We serve domestic and international tour operators and groups, tailoring programs to meet each client\u2019s specific needs.<\/p>\n<p>Our services include transportation from Helsinki to Savonlinna (by car, bus, or plane), local transfers, accommodations, meals, cruises through the beautiful Saimaa scenery, guided tours, day trips, and activities. We also provide opera ticket bookings for the Savonlinna Opera Festival, as well as visits to Olavinlinna Castle and other regional attractions.<\/p>\n<p>You can book a complete group travel program from start to finish or select only the services you need\u2014transportation, accommodation, or even just a scenic cruise.<\/p>\n<\/div>\n<div>\n<h3>Savonlinna Tours<\/h3>\n<p>makes planning a group trip easy and ensures a memorable experience<\/p>\n<div>\n<h3 data-id=\"page#1-0-0-3\"><a href=\"mailto:sales@savonlinnatours.fi\" target=\"_blank\" rel=\"noopener\">sales@savonlinnatours.fi<\/a><br \/><a href=\"tel:+358505484004\" target=\"_blank\" rel=\"noopener\">+358 50 548 4004<\/a><\/h3>\n<\/div>\n<\/div>\n<p><!--more--><br \/>\n<!-- {\"type\":\"layout\",\"children\":[{\"name\":\"Hero\",\"type\":\"section\",\"props\":{\"header_transparent\":true,\"header_transparent_noplaceholder\":true,\"header_transparent_text_color\":\"light\",\"height\":\"viewport\",\"height_offset_top\":true,\"height_viewport\":80,\"image\":\"wp-content\\\/uploads\\\/2025\\\/11\\\/cruise-on-lake-saimaa-visit-saimaa-ryhmille3.jpg\",\"image_loading\":true,\"image_position\":\"bottom-center\",\"image_size\":\"cover\",\"image_width\":\"2560\",\"media_background\":\"#fff\",\"media_focal_point\":\"bottom-center\",\"media_overlay\":\"rgba(0, 0, 0, 0.2)\",\"padding\":\"large\",\"style\":\"secondary\",\"title\":\"Kuva: Visit Saimaa, Savonlinna region\",\"title_breakpoint\":\"\",\"title_position\":\"bottom-right\",\"title_rotation\":\"left\",\"vertical_align\":\"middle\",\"width\":\"default\"},\"children\":[{\"type\":\"row\",\"children\":[{\"type\":\"column\",\"props\":{\"image_position\":\"center-center\",\"position_sticky_breakpoint\":\"m\"},\"children\":[{\"type\":\"headline\",\"props\":{\"block_align_breakpoint\":\"m\",\"block_align_fallback\":\"center\",\"content\":\"For Groups & Travel Organizers\\n\",\"margin\":\"remove-vertical\",\"margin_remove_top\":false,\"maxwidth\":\"2xlarge\",\"text_align\":\"left\",\"text_align_breakpoint\":\"m\",\"text_align_fallback\":\"center\",\"title_element\":\"h1\",\"title_style\":\"heading-large\"}}]}]}]},{\"name\":\"Hero\",\"type\":\"section\",\"props\":{\"animation_delay\":false,\"image_position\":\"center-center\",\"overlap\":false,\"padding_remove_top\":true,\"style\":\"default\",\"title_breakpoint\":\"xl\",\"title_position\":\"top-left\",\"title_rotation\":\"left\",\"vertical_align\":\"\",\"width\":\"\"},\"children\":[{\"type\":\"row\",\"props\":{\"column_gap\":\"large\",\"layout\":\"expand,large\",\"margin\":\"remove-vertical\",\"margin_remove_bottom\":false,\"margin_remove_top\":false,\"row_gap\":\"large\",\"width\":\"large\"},\"children\":[{\"type\":\"column\",\"props\":{\"image_effect\":\"parallax\",\"image_height\":\"310\",\"image_parallax_bgy\":\"-110,-250\",\"image_parallax_easing\":\"1\",\"image_position\":\"top-left\",\"image_width\":\"260\",\"position_sticky_breakpoint\":\"m\",\"style\":\"tile-default\",\"width_large\":\"expand\"},\"children\":[{\"type\":\"headline\",\"props\":{\"content\":\"Full-Service destination travel agency for groups in the Savonlinna region\",\"margin\":\"default\",\"margin_remove_top\":true,\"title_element\":\"h2\",\"title_style\":\"h2\"}},{\"type\":\"text\",\"props\":{\"column_breakpoint\":\"l\",\"column_divider\":false,\"content\":\"\n\n<p>Savonlinna Tours is a local destination travel agency offering a wide range of travel services both in the Savonlinna region and elsewhere in Finland. We serve domestic and international tour operators and groups, tailoring programs to meet each client\\u2019s specific needs.<\\\/p>\\n\n\n<p>Our services include transportation from Helsinki to Savonlinna (by car, bus, or plane), local transfers, accommodations, meals, cruises through the beautiful Saimaa scenery, guided tours, day trips, and activities. We also provide opera ticket bookings for the Savonlinna Opera Festival, as well as visits to Olavinlinna Castle and other regional attractions.<\\\/p>\\n\n\n<p>You can book a complete group travel program from start to finish or select only the services you need\\u2014transportation, accommodation, or even just a scenic cruise.<\\\/p>\",\"margin\":\"default\",\"maxwidth\":\"2xlarge\",\"text_align_fallback\":\"left\"}}]},{\"type\":\"column\",\"props\":{\"image_position\":\"center-center\",\"position_sticky_breakpoint\":\"m\",\"preserve_color\":false,\"width_large\":\"xlarge\"},\"children\":[{\"type\":\"panel\",\"props\":{\"animation\":\"parallax\",\"content\":\"\n\n<h3 data-id=\\\"page#1-0-0-3\\\"><a href=\\\"mailto:sales@savonlinnatours.fi\\\" target=\\\"_blank\\\" rel=\\\"noopener\\\">sales@savonlinnatours.fi<\\\/a><br \\\/><a href=\\\"tel:+358505484004\\\" target=\\\"_blank\\\" rel=\\\"noopener\\\">+358 50 548 4004<\\\/a><\\\/h3>\",\"content_column_breakpoint\":\"m\",\"icon_width\":80,\"image\":\"\",\"image_align\":\"top\",\"image_grid_breakpoint\":\"m\",\"image_grid_width\":\"1-2\",\"image_svg_color\":\"emphasis\",\"link_style\":\"primary\",\"link_text\":\"\",\"margin\":\"remove-vertical\",\"meta\":\"makes planning a group trip easy and ensures a memorable experience\",\"meta_align\":\"below-title\",\"meta_element\":\"div\",\"meta_style\":\"h3\",\"panel_image_no_padding\":true,\"panel_padding\":\"large\",\"panel_style\":\"card-secondary\",\"parallax_breakpoint\":\"l\",\"parallax_easing\":\"1\",\"parallax_target\":\"!.uk-section\",\"parallax_y\":\"-80,110\",\"parallax_zindex\":false,\"title\":\"Savonlinna Tours\",\"title_align\":\"top\",\"title_element\":\"h3\",\"title_grid_breakpoint\":\"m\",\"title_grid_width\":\"1-2\",\"title_hover_style\":\"reset\",\"title_style\":\"heading-small\"}}]}]}]},{\"type\":\"section\",\"props\":{\"image_position\":\"center-center\",\"status\":\"disabled\",\"style\":\"muted\",\"title_breakpoint\":\"xl\",\"title_position\":\"top-left\",\"title_rotation\":\"left\",\"vertical_align\":\"middle\",\"width\":\"default\"},\"children\":[{\"type\":\"row\",\"props\":{\"divider\":true,\"layout\":\"1-2,1-2\"},\"children\":[{\"type\":\"column\",\"props\":{\"image_position\":\"center-center\",\"position_sticky_breakpoint\":\"m\",\"width_medium\":\"1-2\"},\"children\":[{\"type\":\"headline\",\"props\":{\"content\":\"Koe Savonlinnan Oopperajuhlat helposti ja vaivattomasti valmiilla matkapaketilla\",\"link\":\"?page_id=50\",\"title_element\":\"h3\",\"title_style\":\"h3\"}},{\"type\":\"text\",\"props\":{\"column_breakpoint\":\"m\",\"content\":\"Savonlinna Tours tarjoaa k\\u00e4tev\\u00e4t kokonaisuudet, joihin sis\\u00e4ltyy majoitus, oopperaliput ja halutessasi lis\\u00e4palvelut \\u2013 kuten maisemaristeilyn VIP-sis\\u00e4\\u00e4nk\\u00e4ynnin kautta suoraan Olavinlinnaan tai oopperan Backstage-kierroksen. Valitse itsellesi sopivin vaihtoehto ja varmista unohtumaton el\\u00e4mys maailmanluokan oopperan parissa.\",\"margin\":\"default\"}}]},{\"type\":\"column\",\"props\":{\"image_position\":\"center-center\",\"position_sticky_breakpoint\":\"m\",\"width_medium\":\"1-2\"},\"children\":[{\"type\":\"headline\",\"props\":{\"content\":\"Usein kysytyt k\\u00e4yt\\u00e4nn\\u00f6n kysymykset\",\"title_color\":\"primary\",\"title_decoration\":\"divider\",\"title_element\":\"h3\",\"title_style\":\"h4\"}},{\"type\":\"accordion\",\"props\":{\"collapsible\":true,\"content_column_breakpoint\":\"m\",\"image_align\":\"top\",\"image_grid_breakpoint\":\"m\",\"image_grid_width\":\"1-2\",\"image_svg_color\":\"emphasis\",\"link_style\":\"default\",\"link_text\":\"Read more\",\"show_image\":true,\"show_link\":true},\"children\":[{\"type\":\"accordion_item\",\"source\":{\"query\":{\"name\":\"posts.customPosts\",\"arguments\":{\"terms\":[18],\"category_operator\":\"IN\",\"post_tag_operator\":\"IN\",\"users\":[],\"users_operator\":\"IN\",\"offset\":0,\"limit\":10,\"order\":\"date\",\"order_direction\":\"DESC\"}},\"props\":{\"title\":{\"name\":\"title\"},\"content\":{\"arguments\":{\"show_intro_text\":true},\"name\":\"content\"}}}}]}]}]}]},{\"type\":\"section\",\"props\":{\"height\":\"viewport\",\"image\":\"wp-content\\\/uploads\\\/2025\\\/09\\\/figaron-haat.jpg\",\"image_position\":\"center-center\",\"image_size\":\"cover\",\"sticky\":\"reveal\",\"style\":\"default\",\"title_breakpoint\":\"xl\",\"title_position\":\"top-left\",\"title_rotation\":\"left\",\"vertical_align\":\"middle\",\"width\":\"default\"},\"children\":[{\"type\":\"row\",\"children\":[{\"type\":\"column\",\"props\":{\"image_position\":\"center-center\",\"position_sticky_breakpoint\":\"m\"}}]}]}],\"version\":\"4.5.32\"} --><\/p>\n","protected":false},"excerpt":{"rendered":"<p>For Groups &#038; Travel Organizers Full-Service destination travel agency for groups in the Savonlinna region Savonlinna Tours is a local destination travel agency offering a wide range of travel services both in the Savonlinna region and elsewhere in Finland. We serve domestic and international tour operators and groups, tailoring programs to meet each client\u2019s specific [&hellip;]<\/p>\n","protected":false},"author":1,"featured_media":0,"parent":0,"menu_order":0,"comment_status":"closed","ping_status":"closed","template":"","meta":{"footnotes":""},"class_list":["post-426","page","type-page","status-publish","hentry"],"yoast_head":"<!-- This site is optimized with the Yoast SEO Premium plugin v27.2 (Yoast SEO v27.2) - https:\/\/yoast.com\/product\/yoast-seo-premium-wordpress\/ -->\n<title>For Groups &amp; Travel Organizers - Savonlinna Tours<\/title>\n<meta name=\"robots\" content=\"index, follow, max-snippet:-1, max-image-preview:large, max-video-preview:-1\" \/>\n<link rel=\"canonical\" href=\"https:\/\/savonlinnatours.fi\/en\/groups-travel-organizers\/\" \/>\n<meta property=\"og:locale\" content=\"en_US\" \/>\n<meta property=\"og:type\" content=\"article\" \/>\n<meta property=\"og:title\" content=\"For Groups &amp; Travel Organizers\" \/>\n<meta property=\"og:description\" content=\"For Groups &#038; Travel Organizers Full-Service destination travel agency for groups in the Savonlinna region Savonlinna Tours is a local destination travel agency offering a wide range of travel services both in the Savonlinna region and elsewhere in Finland. We serve domestic and international tour operators and groups, tailoring programs to meet each client\u2019s specific [&hellip;]\" \/>\n<meta property=\"og:url\" content=\"https:\/\/savonlinnatours.fi\/en\/groups-travel-organizers\/\" \/>\n<meta property=\"og:site_name\" content=\"Savonlinna Tours\" \/>\n<meta property=\"article:modified_time\" content=\"2025-11-12T05:53:52+00:00\" \/>\n<meta property=\"og:image\" content=\"https:\/\/savonlinnatours.fi\/wp-content\/uploads\/2025\/10\/Oopperaristeily.jpg\" \/>\n\t<meta property=\"og:image:width\" content=\"1228\" \/>\n\t<meta property=\"og:image:height\" content=\"664\" \/>\n\t<meta property=\"og:image:type\" content=\"image\/jpeg\" \/>\n<meta name=\"twitter:card\" content=\"summary_large_image\" \/>\n<meta name=\"twitter:label1\" content=\"Est. reading time\" \/>\n\t<meta name=\"twitter:data1\" content=\"1 minute\" \/>\n<script type=\"application\/ld+json\" class=\"yoast-schema-graph\">{\"@context\":\"https:\/\/schema.org\",\"@graph\":[{\"@type\":\"WebPage\",\"@id\":\"https:\/\/savonlinnatours.fi\/en\/groups-travel-organizers\/\",\"url\":\"https:\/\/savonlinnatours.fi\/en\/groups-travel-organizers\/\",\"name\":\"For Groups &amp; Travel Organizers - Savonlinna Tours\",\"isPartOf\":{\"@id\":\"https:\/\/savonlinnatours.fi\/en\/#website\"},\"datePublished\":\"2025-09-23T09:07:39+00:00\",\"dateModified\":\"2025-11-12T05:53:52+00:00\",\"breadcrumb\":{\"@id\":\"https:\/\/savonlinnatours.fi\/en\/groups-travel-organizers\/#breadcrumb\"},\"inLanguage\":\"en-US\",\"potentialAction\":[{\"@type\":\"ReadAction\",\"target\":[\"https:\/\/savonlinnatours.fi\/en\/groups-travel-organizers\/\"]}]},{\"@type\":\"BreadcrumbList\",\"@id\":\"https:\/\/savonlinnatours.fi\/en\/groups-travel-organizers\/#breadcrumb\",\"itemListElement\":[{\"@type\":\"ListItem\",\"position\":1,\"name\":\"Etusivu\",\"item\":\"https:\/\/savonlinnatours.fi\/en\/\"},{\"@type\":\"ListItem\",\"position\":2,\"name\":\"For Groups &amp; Travel Organizers\"}]},{\"@type\":\"WebSite\",\"@id\":\"https:\/\/savonlinnatours.fi\/en\/#website\",\"url\":\"https:\/\/savonlinnatours.fi\/en\/\",\"name\":\"Savonlinna Tours\",\"description\":\"El\u00e4myksi\u00e4 Saimaan syd\u00e4mess\u00e4\",\"publisher\":{\"@id\":\"https:\/\/savonlinnatours.fi\/en\/#organization\"},\"potentialAction\":[{\"@type\":\"SearchAction\",\"target\":{\"@type\":\"EntryPoint\",\"urlTemplate\":\"https:\/\/savonlinnatours.fi\/en\/?s={search_term_string}\"},\"query-input\":{\"@type\":\"PropertyValueSpecification\",\"valueRequired\":true,\"valueName\":\"search_term_string\"}}],\"inLanguage\":\"en-US\"},{\"@type\":\"Organization\",\"@id\":\"https:\/\/savonlinnatours.fi\/en\/#organization\",\"name\":\"Savonlinna Tours\",\"url\":\"https:\/\/savonlinnatours.fi\/en\/\",\"logo\":{\"@type\":\"ImageObject\",\"inLanguage\":\"en-US\",\"@id\":\"https:\/\/savonlinnatours.fi\/en\/#\/schema\/logo\/image\/\",\"url\":\"https:\/\/savonlinnatours.fi\/wp-content\/uploads\/2025\/09\/savonlinna_tours_black-nelio.svg\",\"contentUrl\":\"https:\/\/savonlinnatours.fi\/wp-content\/uploads\/2025\/09\/savonlinna_tours_black-nelio.svg\",\"width\":1,\"height\":1,\"caption\":\"Savonlinna Tours\"},\"image\":{\"@id\":\"https:\/\/savonlinnatours.fi\/en\/#\/schema\/logo\/image\/\"}}]}<\/script>\n<!-- \/ Yoast SEO Premium plugin. -->","yoast_head_json":{"title":"For Groups &amp; Travel Organizers - Savonlinna Tours","robots":{"index":"index","follow":"follow","max-snippet":"max-snippet:-1","max-image-preview":"max-image-preview:large","max-video-preview":"max-video-preview:-1"},"canonical":"https:\/\/savonlinnatours.fi\/en\/groups-travel-organizers\/","og_locale":"en_US","og_type":"article","og_title":"For Groups &amp; Travel Organizers","og_description":"For Groups &#038; Travel Organizers Full-Service destination travel agency for groups in the Savonlinna region Savonlinna Tours is a local destination travel agency offering a wide range of travel services both in the Savonlinna region and elsewhere in Finland. We serve domestic and international tour operators and groups, tailoring programs to meet each client\u2019s specific [&hellip;]","og_url":"https:\/\/savonlinnatours.fi\/en\/groups-travel-organizers\/","og_site_name":"Savonlinna Tours","article_modified_time":"2025-11-12T05:53:52+00:00","og_image":[{"width":1228,"height":664,"url":"https:\/\/savonlinnatours.fi\/wp-content\/uploads\/2025\/10\/Oopperaristeily.jpg","type":"image\/jpeg"}],"twitter_card":"summary_large_image","twitter_misc":{"Est. reading time":"1 minute"},"schema":{"@context":"https:\/\/schema.org","@graph":[{"@type":"WebPage","@id":"https:\/\/savonlinnatours.fi\/en\/groups-travel-organizers\/","url":"https:\/\/savonlinnatours.fi\/en\/groups-travel-organizers\/","name":"For Groups &amp; Travel Organizers - Savonlinna Tours","isPartOf":{"@id":"https:\/\/savonlinnatours.fi\/en\/#website"},"datePublished":"2025-09-23T09:07:39+00:00","dateModified":"2025-11-12T05:53:52+00:00","breadcrumb":{"@id":"https:\/\/savonlinnatours.fi\/en\/groups-travel-organizers\/#breadcrumb"},"inLanguage":"en-US","potentialAction":[{"@type":"ReadAction","target":["https:\/\/savonlinnatours.fi\/en\/groups-travel-organizers\/"]}]},{"@type":"BreadcrumbList","@id":"https:\/\/savonlinnatours.fi\/en\/groups-travel-organizers\/#breadcrumb","itemListElement":[{"@type":"ListItem","position":1,"name":"Etusivu","item":"https:\/\/savonlinnatours.fi\/en\/"},{"@type":"ListItem","position":2,"name":"For Groups &amp; Travel Organizers"}]},{"@type":"WebSite","@id":"https:\/\/savonlinnatours.fi\/en\/#website","url":"https:\/\/savonlinnatours.fi\/en\/","name":"Savonlinna Tours","description":"El\u00e4myksi\u00e4 Saimaan syd\u00e4mess\u00e4","publisher":{"@id":"https:\/\/savonlinnatours.fi\/en\/#organization"},"potentialAction":[{"@type":"SearchAction","target":{"@type":"EntryPoint","urlTemplate":"https:\/\/savonlinnatours.fi\/en\/?s={search_term_string}"},"query-input":{"@type":"PropertyValueSpecification","valueRequired":true,"valueName":"search_term_string"}}],"inLanguage":"en-US"},{"@type":"Organization","@id":"https:\/\/savonlinnatours.fi\/en\/#organization","name":"Savonlinna Tours","url":"https:\/\/savonlinnatours.fi\/en\/","logo":{"@type":"ImageObject","inLanguage":"en-US","@id":"https:\/\/savonlinnatours.fi\/en\/#\/schema\/logo\/image\/","url":"https:\/\/savonlinnatours.fi\/wp-content\/uploads\/2025\/09\/savonlinna_tours_black-nelio.svg","contentUrl":"https:\/\/savonlinnatours.fi\/wp-content\/uploads\/2025\/09\/savonlinna_tours_black-nelio.svg","width":1,"height":1,"caption":"Savonlinna Tours"},"image":{"@id":"https:\/\/savonlinnatours.fi\/en\/#\/schema\/logo\/image\/"}}]}},"_links":{"self":[{"href":"https:\/\/savonlinnatours.fi\/en\/wp-json\/wp\/v2\/pages\/426","targetHints":{"allow":["GET"]}}],"collection":[{"href":"https:\/\/savonlinnatours.fi\/en\/wp-json\/wp\/v2\/pages"}],"about":[{"href":"https:\/\/savonlinnatours.fi\/en\/wp-json\/wp\/v2\/types\/page"}],"author":[{"embeddable":true,"href":"https:\/\/savonlinnatours.fi\/en\/wp-json\/wp\/v2\/users\/1"}],"replies":[{"embeddable":true,"href":"https:\/\/savonlinnatours.fi\/en\/wp-json\/wp\/v2\/comments?post=426"}],"version-history":[{"count":3,"href":"https:\/\/savonlinnatours.fi\/en\/wp-json\/wp\/v2\/pages\/426\/revisions"}],"predecessor-version":[{"id":457,"href":"https:\/\/savonlinnatours.fi\/en\/wp-json\/wp\/v2\/pages\/426\/revisions\/457"}],"wp:attachment":[{"href":"https:\/\/savonlinnatours.fi\/en\/wp-json\/wp\/v2\/media?parent=426"}],"curies":[{"name":"wp","href":"https:\/\/api.w.org\/{rel}","templated":true}]}}