{"id":424,"date":"2025-11-03T09:48:38","date_gmt":"2025-11-03T07:48:38","guid":{"rendered":"https:\/\/savonlinnatours.fi\/cruises-in-saimaa-and-savonlinna\/opera-cruise-in-savonlinna\/"},"modified":"2025-11-11T15:32:56","modified_gmt":"2025-11-11T13:32:56","slug":"opera-cruise-in-savonlinna","status":"publish","type":"page","link":"https:\/\/savonlinnatours.fi\/en\/cruises-in-saimaa-and-savonlinna\/opera-cruise-in-savonlinna\/","title":{"rendered":"Opera Cruise in Savonlinna"},"content":{"rendered":"\n<p>On the opera cruise, you can combine a scenic cruise with transfer to the opera via the rear dock of Olavinlinna Castle. The boat departs from Savonlinna Harbor on opera evenings at 5:30 PM and cruises for approximately one hour in the nearby archipelago of Savonlinna. The boat docks at the rear dock of Olavinlinna Castle at approximately 6:30 PM, from where you can conveniently proceed to the opera performance, avoiding the longest queues. The boat has a caf\u00e9 where you can purchase refreshments, caf\u00e9 items, or even sparkling wine. If you\u2019re lucky, you might catch a glimpse of Saimaa\u2019s playful resident, the seal. The boat has plenty of covered space, so rain is not an obstacle for the cruise.<\/p>\n\n<p>If your schedule changes, tickets purchased from the online store can be exchanged for the same boat\u2019s cruise on another day throughout the 2026 cruise season.<\/p>\n\n<ul class=\"wp-block-list\">\n<li>Bookings atleast one day in advance<\/li>\n\n\n\n<li>Duration: approx. 1h<\/li>\n\n\n\n<li>Price: 28EUR\/adult, 15EUR\/child (under 12v).<\/li>\n<\/ul>\n","protected":false},"excerpt":{"rendered":"<p>Duration approx. 1 hour<\/p>\n","protected":false},"author":1,"featured_media":422,"parent":413,"menu_order":0,"comment_status":"open","ping_status":"open","template":"","meta":{"footnotes":""},"class_list":["post-424","page","type-page","status-publish","has-post-thumbnail","hentry"],"yoast_head":"<!-- This site is optimized with the Yoast SEO Premium plugin v27.2 (Yoast SEO v27.2) - https:\/\/yoast.com\/product\/yoast-seo-premium-wordpress\/ -->\n<title>Opera Cruise in Savonlinna - Savonlinna Tours<\/title>\n<meta name=\"description\" content=\"On the opera cruise, you can combine a scenic cruise with transfer to the opera via the rear dock of Olavinlinna Castle.\" \/>\n<meta name=\"robots\" content=\"index, follow, max-snippet:-1, max-image-preview:large, max-video-preview:-1\" \/>\n<link rel=\"canonical\" href=\"https:\/\/savonlinnatours.fi\/en\/cruises-in-saimaa-and-savonlinna\/opera-cruise-in-savonlinna\/\" \/>\n<meta property=\"og:locale\" content=\"en_US\" \/>\n<meta property=\"og:type\" content=\"article\" \/>\n<meta property=\"og:title\" content=\"Opera Cruise in Savonlinna\" \/>\n<meta property=\"og:description\" content=\"On the opera cruise, you can combine a scenic cruise with transfer to the opera via the rear dock of Olavinlinna Castle.\" \/>\n<meta property=\"og:url\" content=\"https:\/\/savonlinnatours.fi\/en\/cruises-in-saimaa-and-savonlinna\/opera-cruise-in-savonlinna\/\" \/>\n<meta property=\"og:site_name\" content=\"Savonlinna Tours\" \/>\n<meta property=\"article:modified_time\" content=\"2025-11-11T13:32:56+00:00\" \/>\n<meta property=\"og:image\" content=\"https:\/\/savonlinnatours.fi\/wp-content\/uploads\/2025\/10\/Oopperaristeily.jpg\" \/>\n\t<meta property=\"og:image:width\" content=\"1228\" \/>\n\t<meta property=\"og:image:height\" content=\"664\" \/>\n\t<meta property=\"og:image:type\" content=\"image\/jpeg\" \/>\n<meta name=\"twitter:card\" content=\"summary_large_image\" \/>\n<meta name=\"twitter:label1\" content=\"Est. reading time\" \/>\n\t<meta name=\"twitter:data1\" content=\"1 minute\" \/>\n<script type=\"application\/ld+json\" class=\"yoast-schema-graph\">{\"@context\":\"https:\/\/schema.org\",\"@graph\":[{\"@type\":\"WebPage\",\"@id\":\"https:\/\/savonlinnatours.fi\/en\/cruises-in-saimaa-and-savonlinna\/opera-cruise-in-savonlinna\/\",\"url\":\"https:\/\/savonlinnatours.fi\/en\/cruises-in-saimaa-and-savonlinna\/opera-cruise-in-savonlinna\/\",\"name\":\"Opera Cruise in Savonlinna - Savonlinna Tours\",\"isPartOf\":{\"@id\":\"https:\/\/savonlinnatours.fi\/en\/#website\"},\"primaryImageOfPage\":{\"@id\":\"https:\/\/savonlinnatours.fi\/en\/cruises-in-saimaa-and-savonlinna\/opera-cruise-in-savonlinna\/#primaryimage\"},\"image\":{\"@id\":\"https:\/\/savonlinnatours.fi\/en\/cruises-in-saimaa-and-savonlinna\/opera-cruise-in-savonlinna\/#primaryimage\"},\"thumbnailUrl\":\"https:\/\/savonlinnatours.fi\/wp-content\/uploads\/2025\/10\/Oopperaristeily.jpg\",\"datePublished\":\"2025-11-03T07:48:38+00:00\",\"dateModified\":\"2025-11-11T13:32:56+00:00\",\"description\":\"On the opera cruise, you can combine a scenic cruise with transfer to the opera via the rear dock of Olavinlinna Castle.\",\"breadcrumb\":{\"@id\":\"https:\/\/savonlinnatours.fi\/en\/cruises-in-saimaa-and-savonlinna\/opera-cruise-in-savonlinna\/#breadcrumb\"},\"inLanguage\":\"en-US\",\"potentialAction\":[{\"@type\":\"ReadAction\",\"target\":[\"https:\/\/savonlinnatours.fi\/en\/cruises-in-saimaa-and-savonlinna\/opera-cruise-in-savonlinna\/\"]}]},{\"@type\":\"ImageObject\",\"inLanguage\":\"en-US\",\"@id\":\"https:\/\/savonlinnatours.fi\/en\/cruises-in-saimaa-and-savonlinna\/opera-cruise-in-savonlinna\/#primaryimage\",\"url\":\"https:\/\/savonlinnatours.fi\/wp-content\/uploads\/2025\/10\/Oopperaristeily.jpg\",\"contentUrl\":\"https:\/\/savonlinnatours.fi\/wp-content\/uploads\/2025\/10\/Oopperaristeily.jpg\",\"width\":1228,\"height\":664},{\"@type\":\"BreadcrumbList\",\"@id\":\"https:\/\/savonlinnatours.fi\/en\/cruises-in-saimaa-and-savonlinna\/opera-cruise-in-savonlinna\/#breadcrumb\",\"itemListElement\":[{\"@type\":\"ListItem\",\"position\":1,\"name\":\"Etusivu\",\"item\":\"https:\/\/savonlinnatours.fi\/en\/\"},{\"@type\":\"ListItem\",\"position\":2,\"name\":\"Cruises in Saimaa and Savonlinna\",\"item\":\"https:\/\/savonlinnatours.fi\/en\/saimaan-risteilyt\/\"},{\"@type\":\"ListItem\",\"position\":3,\"name\":\"Opera Cruise in Savonlinna\"}]},{\"@type\":\"WebSite\",\"@id\":\"https:\/\/savonlinnatours.fi\/en\/#website\",\"url\":\"https:\/\/savonlinnatours.fi\/en\/\",\"name\":\"Savonlinna Tours\",\"description\":\"El\u00e4myksi\u00e4 Saimaan syd\u00e4mess\u00e4\",\"publisher\":{\"@id\":\"https:\/\/savonlinnatours.fi\/en\/#organization\"},\"potentialAction\":[{\"@type\":\"SearchAction\",\"target\":{\"@type\":\"EntryPoint\",\"urlTemplate\":\"https:\/\/savonlinnatours.fi\/en\/?s={search_term_string}\"},\"query-input\":{\"@type\":\"PropertyValueSpecification\",\"valueRequired\":true,\"valueName\":\"search_term_string\"}}],\"inLanguage\":\"en-US\"},{\"@type\":\"Organization\",\"@id\":\"https:\/\/savonlinnatours.fi\/en\/#organization\",\"name\":\"Savonlinna Tours\",\"url\":\"https:\/\/savonlinnatours.fi\/en\/\",\"logo\":{\"@type\":\"ImageObject\",\"inLanguage\":\"en-US\",\"@id\":\"https:\/\/savonlinnatours.fi\/en\/#\/schema\/logo\/image\/\",\"url\":\"https:\/\/savonlinnatours.fi\/wp-content\/uploads\/2025\/09\/savonlinna_tours_black-nelio.svg\",\"contentUrl\":\"https:\/\/savonlinnatours.fi\/wp-content\/uploads\/2025\/09\/savonlinna_tours_black-nelio.svg\",\"width\":1,\"height\":1,\"caption\":\"Savonlinna Tours\"},\"image\":{\"@id\":\"https:\/\/savonlinnatours.fi\/en\/#\/schema\/logo\/image\/\"}}]}<\/script>\n<!-- \/ Yoast SEO Premium plugin. -->","yoast_head_json":{"title":"Opera Cruise in Savonlinna - Savonlinna Tours","description":"On the opera cruise, you can combine a scenic cruise with transfer to the opera via the rear dock of Olavinlinna Castle.","robots":{"index":"index","follow":"follow","max-snippet":"max-snippet:-1","max-image-preview":"max-image-preview:large","max-video-preview":"max-video-preview:-1"},"canonical":"https:\/\/savonlinnatours.fi\/en\/cruises-in-saimaa-and-savonlinna\/opera-cruise-in-savonlinna\/","og_locale":"en_US","og_type":"article","og_title":"Opera Cruise in Savonlinna","og_description":"On the opera cruise, you can combine a scenic cruise with transfer to the opera via the rear dock of Olavinlinna Castle.","og_url":"https:\/\/savonlinnatours.fi\/en\/cruises-in-saimaa-and-savonlinna\/opera-cruise-in-savonlinna\/","og_site_name":"Savonlinna Tours","article_modified_time":"2025-11-11T13:32:56+00:00","og_image":[{"width":1228,"height":664,"url":"https:\/\/savonlinnatours.fi\/wp-content\/uploads\/2025\/10\/Oopperaristeily.jpg","type":"image\/jpeg"}],"twitter_card":"summary_large_image","twitter_misc":{"Est. reading time":"1 minute"},"schema":{"@context":"https:\/\/schema.org","@graph":[{"@type":"WebPage","@id":"https:\/\/savonlinnatours.fi\/en\/cruises-in-saimaa-and-savonlinna\/opera-cruise-in-savonlinna\/","url":"https:\/\/savonlinnatours.fi\/en\/cruises-in-saimaa-and-savonlinna\/opera-cruise-in-savonlinna\/","name":"Opera Cruise in Savonlinna - Savonlinna Tours","isPartOf":{"@id":"https:\/\/savonlinnatours.fi\/en\/#website"},"primaryImageOfPage":{"@id":"https:\/\/savonlinnatours.fi\/en\/cruises-in-saimaa-and-savonlinna\/opera-cruise-in-savonlinna\/#primaryimage"},"image":{"@id":"https:\/\/savonlinnatours.fi\/en\/cruises-in-saimaa-and-savonlinna\/opera-cruise-in-savonlinna\/#primaryimage"},"thumbnailUrl":"https:\/\/savonlinnatours.fi\/wp-content\/uploads\/2025\/10\/Oopperaristeily.jpg","datePublished":"2025-11-03T07:48:38+00:00","dateModified":"2025-11-11T13:32:56+00:00","description":"On the opera cruise, you can combine a scenic cruise with transfer to the opera via the rear dock of Olavinlinna Castle.","breadcrumb":{"@id":"https:\/\/savonlinnatours.fi\/en\/cruises-in-saimaa-and-savonlinna\/opera-cruise-in-savonlinna\/#breadcrumb"},"inLanguage":"en-US","potentialAction":[{"@type":"ReadAction","target":["https:\/\/savonlinnatours.fi\/en\/cruises-in-saimaa-and-savonlinna\/opera-cruise-in-savonlinna\/"]}]},{"@type":"ImageObject","inLanguage":"en-US","@id":"https:\/\/savonlinnatours.fi\/en\/cruises-in-saimaa-and-savonlinna\/opera-cruise-in-savonlinna\/#primaryimage","url":"https:\/\/savonlinnatours.fi\/wp-content\/uploads\/2025\/10\/Oopperaristeily.jpg","contentUrl":"https:\/\/savonlinnatours.fi\/wp-content\/uploads\/2025\/10\/Oopperaristeily.jpg","width":1228,"height":664},{"@type":"BreadcrumbList","@id":"https:\/\/savonlinnatours.fi\/en\/cruises-in-saimaa-and-savonlinna\/opera-cruise-in-savonlinna\/#breadcrumb","itemListElement":[{"@type":"ListItem","position":1,"name":"Etusivu","item":"https:\/\/savonlinnatours.fi\/en\/"},{"@type":"ListItem","position":2,"name":"Cruises in Saimaa and Savonlinna","item":"https:\/\/savonlinnatours.fi\/en\/saimaan-risteilyt\/"},{"@type":"ListItem","position":3,"name":"Opera Cruise in Savonlinna"}]},{"@type":"WebSite","@id":"https:\/\/savonlinnatours.fi\/en\/#website","url":"https:\/\/savonlinnatours.fi\/en\/","name":"Savonlinna Tours","description":"El\u00e4myksi\u00e4 Saimaan syd\u00e4mess\u00e4","publisher":{"@id":"https:\/\/savonlinnatours.fi\/en\/#organization"},"potentialAction":[{"@type":"SearchAction","target":{"@type":"EntryPoint","urlTemplate":"https:\/\/savonlinnatours.fi\/en\/?s={search_term_string}"},"query-input":{"@type":"PropertyValueSpecification","valueRequired":true,"valueName":"search_term_string"}}],"inLanguage":"en-US"},{"@type":"Organization","@id":"https:\/\/savonlinnatours.fi\/en\/#organization","name":"Savonlinna Tours","url":"https:\/\/savonlinnatours.fi\/en\/","logo":{"@type":"ImageObject","inLanguage":"en-US","@id":"https:\/\/savonlinnatours.fi\/en\/#\/schema\/logo\/image\/","url":"https:\/\/savonlinnatours.fi\/wp-content\/uploads\/2025\/09\/savonlinna_tours_black-nelio.svg","contentUrl":"https:\/\/savonlinnatours.fi\/wp-content\/uploads\/2025\/09\/savonlinna_tours_black-nelio.svg","width":1,"height":1,"caption":"Savonlinna Tours"},"image":{"@id":"https:\/\/savonlinnatours.fi\/en\/#\/schema\/logo\/image\/"}}]}},"_links":{"self":[{"href":"https:\/\/savonlinnatours.fi\/en\/wp-json\/wp\/v2\/pages\/424","targetHints":{"allow":["GET"]}}],"collection":[{"href":"https:\/\/savonlinnatours.fi\/en\/wp-json\/wp\/v2\/pages"}],"about":[{"href":"https:\/\/savonlinnatours.fi\/en\/wp-json\/wp\/v2\/types\/page"}],"author":[{"embeddable":true,"href":"https:\/\/savonlinnatours.fi\/en\/wp-json\/wp\/v2\/users\/1"}],"replies":[{"embeddable":true,"href":"https:\/\/savonlinnatours.fi\/en\/wp-json\/wp\/v2\/comments?post=424"}],"version-history":[{"count":1,"href":"https:\/\/savonlinnatours.fi\/en\/wp-json\/wp\/v2\/pages\/424\/revisions"}],"predecessor-version":[{"id":425,"href":"https:\/\/savonlinnatours.fi\/en\/wp-json\/wp\/v2\/pages\/424\/revisions\/425"}],"up":[{"embeddable":true,"href":"https:\/\/savonlinnatours.fi\/en\/wp-json\/wp\/v2\/pages\/413"}],"wp:featuredmedia":[{"embeddable":true,"href":"https:\/\/savonlinnatours.fi\/en\/wp-json\/wp\/v2\/media\/422"}],"wp:attachment":[{"href":"https:\/\/savonlinnatours.fi\/en\/wp-json\/wp\/v2\/media?parent=424"}],"curies":[{"name":"wp","href":"https:\/\/api.w.org\/{rel}","templated":true}]}}