{"id":419,"date":"2025-10-07T13:44:01","date_gmt":"2025-10-07T10:44:01","guid":{"rendered":"https:\/\/savonlinnatours.fi\/cruises-in-saimaa-and-savonlinna\/scenic-cruise-in-savonlinna\/"},"modified":"2025-11-11T15:27:05","modified_gmt":"2025-11-11T13:27:05","slug":"scenic-cruise-in-savonlinna","status":"publish","type":"page","link":"https:\/\/savonlinnatours.fi\/en\/cruises-in-saimaa-and-savonlinna\/scenic-cruise-in-savonlinna\/","title":{"rendered":"Scenic Cruise in Savonlinna"},"content":{"rendered":"\n<p>Scenic cruise in the nearby archipelago of Savonlinna. On the cruise, you will experience the labyrinthine archipelago of Saimaa and also get to admire the medieval Olavinlinna Castle from a unique perspective. The boat has a caf\u00e9 where you can purchase refreshments and caf\u00e9 products. If you\u2019re lucky, you might catch a glimpse of Saimaa\u2019s playful resident, the seal. The boat has plenty of covered space, so rain is not an obstacle for the cruise.<\/p>\n\n<p>The cruise is also ideal for families. Children have the opportunity to visit the ship\u2019s wheelhouse and learn about the captain\u2019s work.<\/p>\n\n<p>If your schedule changes, tickets purchased from the online store can be exchanged for the same boat\u2019s cruise on another day or at a different time throughout the 2026 cruise season.<\/p>\n\n<p><strong>Cruise info<\/strong><\/p>\n\n<ul class=\"wp-block-list\">\n<li><strong>Duration:<\/strong> approx. 1 hour<\/li>\n\n\n\n<li><strong>Price:<\/strong> 30 \u20ac \/ person<\/li>\n\n\n\n<li><strong>Bookings:<\/strong> atleast 1 day in advance<\/li>\n<\/ul>\n\n<johku-widget id=\"savonlinnatours\/b20c691494499a29\" locale=\"fi_FI\"><\/johku-widget>\n","protected":false},"excerpt":{"rendered":"<p>Duration approx. 1 hour<\/p>\n","protected":false},"author":1,"featured_media":418,"parent":413,"menu_order":0,"comment_status":"closed","ping_status":"open","template":"","meta":{"footnotes":""},"class_list":["post-419","page","type-page","status-publish","has-post-thumbnail","hentry"],"yoast_head":"<!-- This site is optimized with the Yoast SEO Premium plugin v27.2 (Yoast SEO v27.2) - https:\/\/yoast.com\/product\/yoast-seo-premium-wordpress\/ -->\n<title>Scenic Cruise in Savonlinna - Savonlinna Tours<\/title>\n<meta name=\"description\" content=\"Join a scenic cruise in the archipelago of Savonlinna! Admire Olavinlinna Castle, enjoy treats from the caf\u00e9, and experience the atmosphere of the Saimaa archipelago \u2013 you might even spot a seal.\" \/>\n<meta name=\"robots\" content=\"index, follow, max-snippet:-1, max-image-preview:large, max-video-preview:-1\" \/>\n<link rel=\"canonical\" href=\"https:\/\/savonlinnatours.fi\/en\/cruises-in-saimaa-and-savonlinna\/scenic-cruise-in-savonlinna\/\" \/>\n<meta property=\"og:locale\" content=\"en_US\" \/>\n<meta property=\"og:type\" content=\"article\" \/>\n<meta property=\"og:title\" content=\"Scenic Cruise in Savonlinna\" \/>\n<meta property=\"og:description\" content=\"Join a scenic cruise in the archipelago of Savonlinna! Admire Olavinlinna Castle, enjoy treats from the caf\u00e9, and experience the atmosphere of the Saimaa archipelago \u2013 you might even spot a seal.\" \/>\n<meta property=\"og:url\" content=\"https:\/\/savonlinnatours.fi\/en\/cruises-in-saimaa-and-savonlinna\/scenic-cruise-in-savonlinna\/\" \/>\n<meta property=\"og:site_name\" content=\"Savonlinna Tours\" \/>\n<meta property=\"article:modified_time\" content=\"2025-11-11T13:27:05+00:00\" \/>\n<meta property=\"og:image\" content=\"https:\/\/savonlinnatours.fi\/wp-content\/uploads\/2025\/10\/risteilyt-savonlinnassa.jpg\" \/>\n\t<meta property=\"og:image:width\" content=\"1920\" \/>\n\t<meta property=\"og:image:height\" content=\"969\" \/>\n\t<meta property=\"og:image:type\" content=\"image\/jpeg\" \/>\n<meta name=\"twitter:card\" content=\"summary_large_image\" \/>\n<meta name=\"twitter:label1\" content=\"Est. reading time\" \/>\n\t<meta name=\"twitter:data1\" content=\"1 minute\" \/>\n<script type=\"application\/ld+json\" class=\"yoast-schema-graph\">{\"@context\":\"https:\/\/schema.org\",\"@graph\":[{\"@type\":\"WebPage\",\"@id\":\"https:\/\/savonlinnatours.fi\/en\/cruises-in-saimaa-and-savonlinna\/scenic-cruise-in-savonlinna\/\",\"url\":\"https:\/\/savonlinnatours.fi\/en\/cruises-in-saimaa-and-savonlinna\/scenic-cruise-in-savonlinna\/\",\"name\":\"Scenic Cruise in Savonlinna - Savonlinna Tours\",\"isPartOf\":{\"@id\":\"https:\/\/savonlinnatours.fi\/en\/#website\"},\"primaryImageOfPage\":{\"@id\":\"https:\/\/savonlinnatours.fi\/en\/cruises-in-saimaa-and-savonlinna\/scenic-cruise-in-savonlinna\/#primaryimage\"},\"image\":{\"@id\":\"https:\/\/savonlinnatours.fi\/en\/cruises-in-saimaa-and-savonlinna\/scenic-cruise-in-savonlinna\/#primaryimage\"},\"thumbnailUrl\":\"https:\/\/savonlinnatours.fi\/wp-content\/uploads\/2025\/10\/risteilyt-savonlinnassa.jpg\",\"datePublished\":\"2025-10-07T10:44:01+00:00\",\"dateModified\":\"2025-11-11T13:27:05+00:00\",\"description\":\"Join a scenic cruise in the archipelago of Savonlinna! Admire Olavinlinna Castle, enjoy treats from the caf\u00e9, and experience the atmosphere of the Saimaa archipelago \u2013 you might even spot a seal.\",\"breadcrumb\":{\"@id\":\"https:\/\/savonlinnatours.fi\/en\/cruises-in-saimaa-and-savonlinna\/scenic-cruise-in-savonlinna\/#breadcrumb\"},\"inLanguage\":\"en-US\",\"potentialAction\":[{\"@type\":\"ReadAction\",\"target\":[\"https:\/\/savonlinnatours.fi\/en\/cruises-in-saimaa-and-savonlinna\/scenic-cruise-in-savonlinna\/\"]}]},{\"@type\":\"ImageObject\",\"inLanguage\":\"en-US\",\"@id\":\"https:\/\/savonlinnatours.fi\/en\/cruises-in-saimaa-and-savonlinna\/scenic-cruise-in-savonlinna\/#primaryimage\",\"url\":\"https:\/\/savonlinnatours.fi\/wp-content\/uploads\/2025\/10\/risteilyt-savonlinnassa.jpg\",\"contentUrl\":\"https:\/\/savonlinnatours.fi\/wp-content\/uploads\/2025\/10\/risteilyt-savonlinnassa.jpg\",\"width\":1920,\"height\":969},{\"@type\":\"BreadcrumbList\",\"@id\":\"https:\/\/savonlinnatours.fi\/en\/cruises-in-saimaa-and-savonlinna\/scenic-cruise-in-savonlinna\/#breadcrumb\",\"itemListElement\":[{\"@type\":\"ListItem\",\"position\":1,\"name\":\"Etusivu\",\"item\":\"https:\/\/savonlinnatours.fi\/en\/\"},{\"@type\":\"ListItem\",\"position\":2,\"name\":\"Cruises in Saimaa and Savonlinna\",\"item\":\"https:\/\/savonlinnatours.fi\/en\/saimaan-risteilyt\/\"},{\"@type\":\"ListItem\",\"position\":3,\"name\":\"Scenic Cruise in Savonlinna\"}]},{\"@type\":\"WebSite\",\"@id\":\"https:\/\/savonlinnatours.fi\/en\/#website\",\"url\":\"https:\/\/savonlinnatours.fi\/en\/\",\"name\":\"Savonlinna Tours\",\"description\":\"El\u00e4myksi\u00e4 Saimaan syd\u00e4mess\u00e4\",\"publisher\":{\"@id\":\"https:\/\/savonlinnatours.fi\/en\/#organization\"},\"potentialAction\":[{\"@type\":\"SearchAction\",\"target\":{\"@type\":\"EntryPoint\",\"urlTemplate\":\"https:\/\/savonlinnatours.fi\/en\/?s={search_term_string}\"},\"query-input\":{\"@type\":\"PropertyValueSpecification\",\"valueRequired\":true,\"valueName\":\"search_term_string\"}}],\"inLanguage\":\"en-US\"},{\"@type\":\"Organization\",\"@id\":\"https:\/\/savonlinnatours.fi\/en\/#organization\",\"name\":\"Savonlinna Tours\",\"url\":\"https:\/\/savonlinnatours.fi\/en\/\",\"logo\":{\"@type\":\"ImageObject\",\"inLanguage\":\"en-US\",\"@id\":\"https:\/\/savonlinnatours.fi\/en\/#\/schema\/logo\/image\/\",\"url\":\"https:\/\/savonlinnatours.fi\/wp-content\/uploads\/2025\/09\/savonlinna_tours_black-nelio.svg\",\"contentUrl\":\"https:\/\/savonlinnatours.fi\/wp-content\/uploads\/2025\/09\/savonlinna_tours_black-nelio.svg\",\"width\":1,\"height\":1,\"caption\":\"Savonlinna Tours\"},\"image\":{\"@id\":\"https:\/\/savonlinnatours.fi\/en\/#\/schema\/logo\/image\/\"}}]}<\/script>\n<!-- \/ Yoast SEO Premium plugin. -->","yoast_head_json":{"title":"Scenic Cruise in Savonlinna - Savonlinna Tours","description":"Join a scenic cruise in the archipelago of Savonlinna! Admire Olavinlinna Castle, enjoy treats from the caf\u00e9, and experience the atmosphere of the Saimaa archipelago \u2013 you might even spot a seal.","robots":{"index":"index","follow":"follow","max-snippet":"max-snippet:-1","max-image-preview":"max-image-preview:large","max-video-preview":"max-video-preview:-1"},"canonical":"https:\/\/savonlinnatours.fi\/en\/cruises-in-saimaa-and-savonlinna\/scenic-cruise-in-savonlinna\/","og_locale":"en_US","og_type":"article","og_title":"Scenic Cruise in Savonlinna","og_description":"Join a scenic cruise in the archipelago of Savonlinna! Admire Olavinlinna Castle, enjoy treats from the caf\u00e9, and experience the atmosphere of the Saimaa archipelago \u2013 you might even spot a seal.","og_url":"https:\/\/savonlinnatours.fi\/en\/cruises-in-saimaa-and-savonlinna\/scenic-cruise-in-savonlinna\/","og_site_name":"Savonlinna Tours","article_modified_time":"2025-11-11T13:27:05+00:00","og_image":[{"width":1920,"height":969,"url":"https:\/\/savonlinnatours.fi\/wp-content\/uploads\/2025\/10\/risteilyt-savonlinnassa.jpg","type":"image\/jpeg"}],"twitter_card":"summary_large_image","twitter_misc":{"Est. reading time":"1 minute"},"schema":{"@context":"https:\/\/schema.org","@graph":[{"@type":"WebPage","@id":"https:\/\/savonlinnatours.fi\/en\/cruises-in-saimaa-and-savonlinna\/scenic-cruise-in-savonlinna\/","url":"https:\/\/savonlinnatours.fi\/en\/cruises-in-saimaa-and-savonlinna\/scenic-cruise-in-savonlinna\/","name":"Scenic Cruise in Savonlinna - Savonlinna Tours","isPartOf":{"@id":"https:\/\/savonlinnatours.fi\/en\/#website"},"primaryImageOfPage":{"@id":"https:\/\/savonlinnatours.fi\/en\/cruises-in-saimaa-and-savonlinna\/scenic-cruise-in-savonlinna\/#primaryimage"},"image":{"@id":"https:\/\/savonlinnatours.fi\/en\/cruises-in-saimaa-and-savonlinna\/scenic-cruise-in-savonlinna\/#primaryimage"},"thumbnailUrl":"https:\/\/savonlinnatours.fi\/wp-content\/uploads\/2025\/10\/risteilyt-savonlinnassa.jpg","datePublished":"2025-10-07T10:44:01+00:00","dateModified":"2025-11-11T13:27:05+00:00","description":"Join a scenic cruise in the archipelago of Savonlinna! Admire Olavinlinna Castle, enjoy treats from the caf\u00e9, and experience the atmosphere of the Saimaa archipelago \u2013 you might even spot a seal.","breadcrumb":{"@id":"https:\/\/savonlinnatours.fi\/en\/cruises-in-saimaa-and-savonlinna\/scenic-cruise-in-savonlinna\/#breadcrumb"},"inLanguage":"en-US","potentialAction":[{"@type":"ReadAction","target":["https:\/\/savonlinnatours.fi\/en\/cruises-in-saimaa-and-savonlinna\/scenic-cruise-in-savonlinna\/"]}]},{"@type":"ImageObject","inLanguage":"en-US","@id":"https:\/\/savonlinnatours.fi\/en\/cruises-in-saimaa-and-savonlinna\/scenic-cruise-in-savonlinna\/#primaryimage","url":"https:\/\/savonlinnatours.fi\/wp-content\/uploads\/2025\/10\/risteilyt-savonlinnassa.jpg","contentUrl":"https:\/\/savonlinnatours.fi\/wp-content\/uploads\/2025\/10\/risteilyt-savonlinnassa.jpg","width":1920,"height":969},{"@type":"BreadcrumbList","@id":"https:\/\/savonlinnatours.fi\/en\/cruises-in-saimaa-and-savonlinna\/scenic-cruise-in-savonlinna\/#breadcrumb","itemListElement":[{"@type":"ListItem","position":1,"name":"Etusivu","item":"https:\/\/savonlinnatours.fi\/en\/"},{"@type":"ListItem","position":2,"name":"Cruises in Saimaa and Savonlinna","item":"https:\/\/savonlinnatours.fi\/en\/saimaan-risteilyt\/"},{"@type":"ListItem","position":3,"name":"Scenic Cruise in Savonlinna"}]},{"@type":"WebSite","@id":"https:\/\/savonlinnatours.fi\/en\/#website","url":"https:\/\/savonlinnatours.fi\/en\/","name":"Savonlinna Tours","description":"El\u00e4myksi\u00e4 Saimaan syd\u00e4mess\u00e4","publisher":{"@id":"https:\/\/savonlinnatours.fi\/en\/#organization"},"potentialAction":[{"@type":"SearchAction","target":{"@type":"EntryPoint","urlTemplate":"https:\/\/savonlinnatours.fi\/en\/?s={search_term_string}"},"query-input":{"@type":"PropertyValueSpecification","valueRequired":true,"valueName":"search_term_string"}}],"inLanguage":"en-US"},{"@type":"Organization","@id":"https:\/\/savonlinnatours.fi\/en\/#organization","name":"Savonlinna Tours","url":"https:\/\/savonlinnatours.fi\/en\/","logo":{"@type":"ImageObject","inLanguage":"en-US","@id":"https:\/\/savonlinnatours.fi\/en\/#\/schema\/logo\/image\/","url":"https:\/\/savonlinnatours.fi\/wp-content\/uploads\/2025\/09\/savonlinna_tours_black-nelio.svg","contentUrl":"https:\/\/savonlinnatours.fi\/wp-content\/uploads\/2025\/09\/savonlinna_tours_black-nelio.svg","width":1,"height":1,"caption":"Savonlinna Tours"},"image":{"@id":"https:\/\/savonlinnatours.fi\/en\/#\/schema\/logo\/image\/"}}]}},"_links":{"self":[{"href":"https:\/\/savonlinnatours.fi\/en\/wp-json\/wp\/v2\/pages\/419","targetHints":{"allow":["GET"]}}],"collection":[{"href":"https:\/\/savonlinnatours.fi\/en\/wp-json\/wp\/v2\/pages"}],"about":[{"href":"https:\/\/savonlinnatours.fi\/en\/wp-json\/wp\/v2\/types\/page"}],"author":[{"embeddable":true,"href":"https:\/\/savonlinnatours.fi\/en\/wp-json\/wp\/v2\/users\/1"}],"replies":[{"embeddable":true,"href":"https:\/\/savonlinnatours.fi\/en\/wp-json\/wp\/v2\/comments?post=419"}],"version-history":[{"count":1,"href":"https:\/\/savonlinnatours.fi\/en\/wp-json\/wp\/v2\/pages\/419\/revisions"}],"predecessor-version":[{"id":423,"href":"https:\/\/savonlinnatours.fi\/en\/wp-json\/wp\/v2\/pages\/419\/revisions\/423"}],"up":[{"embeddable":true,"href":"https:\/\/savonlinnatours.fi\/en\/wp-json\/wp\/v2\/pages\/413"}],"wp:featuredmedia":[{"embeddable":true,"href":"https:\/\/savonlinnatours.fi\/en\/wp-json\/wp\/v2\/media\/418"}],"wp:attachment":[{"href":"https:\/\/savonlinnatours.fi\/en\/wp-json\/wp\/v2\/media?parent=419"}],"curies":[{"name":"wp","href":"https:\/\/api.w.org\/{rel}","templated":true}]}}