{"id":413,"date":"2025-09-23T12:05:42","date_gmt":"2025-09-23T09:05:42","guid":{"rendered":"https:\/\/savonlinnatours.fi\/risteilyt-saimaalla-ja-savonlinnassa\/"},"modified":"2026-02-05T11:47:14","modified_gmt":"2026-02-05T09:47:14","slug":"cruises-in-saimaa-and-savonlinna","status":"publish","type":"page","link":"https:\/\/savonlinnatours.fi\/en\/cruises-in-saimaa-and-savonlinna\/","title":{"rendered":"Cruises in Saimaa and Savonlinna"},"content":{"rendered":"<h1>Cruises in Lake Saimaa<\/h1>\n<h2>All Lake Saimaa cruises from a single location<\/h2>\n<div>\n<p>A cruise through the labyrinthine archipelago of Finland\u2019s largest lake region is an experience that everyone visiting the area should have. You can choose from a wide variety of cruises, ranging from a 1-hour scenic cruise to multi-day boat holidays.<\/p>\n<p>We cooperate with most of the cruise operators in the area, and through Savonlinna Tours, you can book virtually all cruises offered in the Savonlinna region, for both individual travelers and larger groups.<\/p>\n<\/div>\n<h2>Book your cruise &#8211; summer 2026<\/h2>\n<ul>\n<li>\n<\/li>\n<li>\n<\/li>\n<\/ul>\n<div>\n<h3>Available cruises include:<\/h3>\n<div>\n<ul>\n<li>1\u20131.5 hour scenic cruises in Savonlinna<\/li>\n<li>Steamboat cruises<\/li>\n<li>Cruises to the Opera via the VIP entrance at the rear dock of Olavinlinna<\/li>\n<li>Cruises from Savonlinna to Punkaharju<\/li>\n<li>Saimaa ringed seal cruises<\/li>\n<li>Sauna cruises<\/li>\n<li>Private cruises for small groups (2\u201310 people)<\/li>\n<li>Charter cruises for larger groups (10\u2013100 people)<\/li>\n<\/ul>\n<p>Lunch or dinner on board can be included in the cruise.<br \/>All cruises can be fully customized according to the customer\u2019s wishes.<\/p>\n<\/div>\n<\/div>\n<div><a href=\"https:\/\/savonlinnatours.fi\/en\/savonlinna-opera-festival\/opera-festival-travel-packages\/\">Cruise Reservations \/ Inquiries<\/a><\/div>\n<div><a href=\"mailto:sales@savonlinnatours.fi\">sales@savonlinnatours.fi<\/a><\/div>\n<div><a href=\"tel:+358505484004\">+358 50 548 4004<\/a><\/div>\n<h3>Frequently Asked Practical Questions<\/h3>\n<div>\n<\/div>\n<p><!--more--><br \/>\n<!-- {\"type\":\"layout\",\"children\":[{\"name\":\"Hero\",\"type\":\"section\",\"props\":{\"header_transparent\":true,\"header_transparent_noplaceholder\":true,\"header_transparent_text_color\":\"light\",\"height\":\"viewport\",\"height_offset_top\":true,\"height_viewport\":80,\"image\":\"wp-content\\\/uploads\\\/2025\\\/09\\\/saimaan-risteilyt.jpg\",\"image_effect\":\"fixed\",\"image_loading\":true,\"image_position\":\"bottom-left\",\"image_size\":\"cover\",\"image_width\":\"2560\",\"media_background\":\"#fff\",\"media_focal_point\":\"bottom-left\",\"media_overlay\":\"rgba(0, 0, 0, 0.34)\",\"padding\":\"large\",\"style\":\"secondary\",\"title_breakpoint\":\"xl\",\"title_position\":\"top-left\",\"title_rotation\":\"left\",\"vertical_align\":\"middle\",\"width\":\"default\"},\"children\":[{\"type\":\"row\",\"children\":[{\"type\":\"column\",\"props\":{\"image_position\":\"center-center\",\"position_sticky_breakpoint\":\"m\"},\"children\":[{\"type\":\"headline\",\"props\":{\"block_align_breakpoint\":\"m\",\"block_align_fallback\":\"center\",\"content\":\"Cruises in Lake Saimaa\",\"margin\":\"remove-vertical\",\"margin_remove_top\":false,\"maxwidth\":\"2xlarge\",\"text_align\":\"left\",\"text_align_breakpoint\":\"m\",\"text_align_fallback\":\"center\",\"title_element\":\"h1\",\"title_style\":\"heading-large\"}}]}]}]},{\"name\":\"Hero\",\"type\":\"section\",\"props\":{\"animation_delay\":false,\"image_position\":\"center-center\",\"overlap\":false,\"padding_remove_top\":true,\"style\":\"default\",\"title_breakpoint\":\"xl\",\"title_position\":\"top-left\",\"title_rotation\":\"left\",\"vertical_align\":\"\",\"width\":\"\"},\"children\":[{\"type\":\"row\",\"props\":{\"column_gap\":\"large\",\"layout\":\"expand,large\",\"margin\":\"remove-vertical\",\"margin_remove_bottom\":false,\"margin_remove_top\":false,\"row_gap\":\"large\",\"width\":\"large\"},\"children\":[{\"type\":\"column\",\"props\":{\"image_effect\":\"parallax\",\"image_height\":\"310\",\"image_parallax_bgy\":\"-110,-250\",\"image_parallax_easing\":\"1\",\"image_position\":\"top-left\",\"image_width\":\"260\",\"position_sticky_breakpoint\":\"m\",\"style\":\"tile-default\",\"width_large\":\"expand\"},\"children\":[{\"type\":\"headline\",\"props\":{\"content\":\"All Lake Saimaa cruises from a single location\",\"margin\":\"default\",\"margin_remove_top\":true,\"title_element\":\"h2\",\"title_style\":\"h2\"}},{\"type\":\"text\",\"props\":{\"column_breakpoint\":\"l\",\"column_divider\":false,\"content\":\"\n\n<p>A cruise through the labyrinthine archipelago of Finland\\u2019s largest lake region is an experience that everyone visiting the area should have. You can choose from a wide variety of cruises, ranging from a 1-hour scenic cruise to multi-day boat holidays.<\\\/p>\\n\n\n<p>We cooperate with most of the cruise operators in the area, and through Savonlinna Tours, you can book virtually all cruises offered in the Savonlinna region, for both individual travelers and larger groups.<\\\/p>\",\"margin\":\"default\",\"maxwidth\":\"2xlarge\",\"text_align_fallback\":\"left\"}},{\"type\":\"headline\",\"props\":{\"content\":\"Book your cruise - summer 2026\",\"margin\":\"default\",\"margin_remove_top\":true,\"title_element\":\"h2\",\"title_style\":\"h2\"}},{\"type\":\"grid\",\"props\":{\"content_column_breakpoint\":\"m\",\"content_margin\":\"small\",\"content_style\":\"text-meta\",\"filter\":false,\"filter_align\":\"left\",\"filter_all\":true,\"filter_all_label\":\"Kaikki\",\"filter_animation\":\"fade\",\"filter_grid_breakpoint\":\"m\",\"filter_grid_width\":\"auto\",\"filter_position\":\"top\",\"filter_style\":\"tab\",\"grid_default\":\"1\",\"grid_medium\":\"\",\"grid_parallax_justify\":false,\"grid_small\":\"2\",\"icon_width\":80,\"image_align\":\"top\",\"image_grid_breakpoint\":\"m\",\"image_grid_width\":\"1-2\",\"image_height\":533,\"image_link\":true,\"image_svg_color\":\"emphasis\",\"image_transition\":\"scale-up\",\"image_width\":800,\"item_animation\":true,\"lightbox_bg_close\":true,\"link_fullwidth\":true,\"link_margin\":\"small\",\"link_style\":\"text\",\"link_text\":\"\",\"margin\":\"default\",\"meta_align\":\"below-title\",\"meta_element\":\"div\",\"meta_margin\":\"small\",\"meta_style\":\"text-meta\",\"panel_image_no_padding\":true,\"panel_link\":true,\"panel_padding\":\"small\",\"panel_style\":\"card-default\",\"show_content\":true,\"show_hover_image\":true,\"show_hover_video\":true,\"show_image\":true,\"show_link\":true,\"show_meta\":true,\"show_title\":true,\"show_video\":true,\"text_align\":\"center\",\"title_align\":\"top\",\"title_decoration\":\"divider\",\"title_element\":\"h3\",\"title_grid_breakpoint\":\"m\",\"title_grid_width\":\"1-2\",\"title_hover_style\":\"reset\",\"title_style\":\"h4\"},\"children\":[{\"type\":\"grid_item\",\"props\":{\"link_text\":\"Book now\"},\"source\":{\"query\":{\"name\":\"pages.customPage\",\"arguments\":{\"users\":[],\"users_operator\":\"IN\",\"offset\":0,\"order\":\"date\",\"order_direction\":\"DESC\",\"id\":424}},\"props\":{\"title\":{\"name\":\"title\"},\"image\":{\"name\":\"featuredImage.url\"},\"image_alt\":{\"name\":\"featuredImage.alt\"},\"link\":{\"name\":\"link\"},\"link_aria_label\":{\"name\":\"title\"},\"meta\":{\"arguments\":{\"show_excerpt\":true,\"show_content\":true},\"name\":\"teaser\"}}}},{\"type\":\"grid_item\",\"props\":{\"link_text\":\"Book now\"},\"source\":{\"query\":{\"name\":\"pages.customPage\",\"arguments\":{\"users\":[],\"users_operator\":\"IN\",\"offset\":0,\"order\":\"date\",\"order_direction\":\"DESC\",\"id\":419}},\"props\":{\"title\":{\"name\":\"title\"},\"image\":{\"name\":\"featuredImage.url\"},\"image_alt\":{\"name\":\"featuredImage.alt\"},\"link\":{\"name\":\"link\"},\"link_aria_label\":{\"name\":\"title\"},\"meta\":{\"arguments\":{\"show_excerpt\":true,\"show_content\":true},\"name\":\"teaser\"}}}}],\"name\":\"aktiviteetit grid\"}]},{\"type\":\"column\",\"props\":{\"image_position\":\"center-center\",\"position_sticky_breakpoint\":\"m\",\"preserve_color\":false,\"width_large\":\"xlarge\"},\"children\":[{\"type\":\"panel\",\"props\":{\"animation\":\"parallax\",\"content\":\"\n\n<ul>\\n\n\n<li>1\\u20131.5 hour scenic cruises in Savonlinna<\\\/li>\\n\n\n<li>Steamboat cruises<\\\/li>\\n\n\n<li>Cruises to the Opera via the VIP entrance at the rear dock of Olavinlinna<\\\/li>\\n\n\n<li>Cruises from Savonlinna to Punkaharju<\\\/li>\\n\n\n<li>Saimaa ringed seal cruises<\\\/li>\\n\n\n<li>Sauna cruises<\\\/li>\\n\n\n<li>Private cruises for small groups (2\\u201310 people)<\\\/li>\\n\n\n<li>Charter cruises for larger groups (10\\u2013100 people)<\\\/li>\\n<\\\/ul>\\n\n\n<p>Lunch or dinner on board can be included in the cruise.<br \\\/>All cruises can be fully customized according to the customer\\u2019s wishes.<\\\/p>\",\"content_column_breakpoint\":\"m\",\"icon_width\":80,\"image\":\"\",\"image_align\":\"top\",\"image_grid_breakpoint\":\"m\",\"image_grid_width\":\"1-2\",\"image_svg_color\":\"emphasis\",\"link_style\":\"primary\",\"link_text\":\"\",\"margin\":\"remove-vertical\",\"meta\":\"\",\"meta_align\":\"below-title\",\"meta_element\":\"div\",\"meta_style\":\"h3\",\"panel_image_no_padding\":true,\"panel_padding\":\"large\",\"panel_style\":\"card-secondary\",\"parallax_breakpoint\":\"l\",\"parallax_easing\":\"1\",\"parallax_target\":\"!.uk-section\",\"parallax_y\":\"-80,110\",\"parallax_zindex\":false,\"title\":\"Available cruises include:\",\"title_align\":\"top\",\"title_element\":\"h3\",\"title_grid_breakpoint\":\"m\",\"title_grid_width\":\"1-2\",\"title_hover_style\":\"reset\",\"title_style\":\"h3\"}}]}]}]},{\"type\":\"section\",\"props\":{\"image_position\":\"center-center\",\"style\":\"muted\",\"title_breakpoint\":\"xl\",\"title_position\":\"top-left\",\"title_rotation\":\"left\",\"vertical_align\":\"middle\",\"width\":\"default\"},\"children\":[{\"type\":\"row\",\"props\":{\"divider\":true,\"layout\":\"1-2,1-2\"},\"children\":[{\"type\":\"column\",\"props\":{\"image_position\":\"center-center\",\"position_sticky_breakpoint\":\"m\",\"width_medium\":\"1-2\"},\"children\":[{\"type\":\"headline\",\"props\":{\"content\":\"Cruise Reservations \\\/ Inquiries\",\"link\":\"?page_id=50\",\"link_target\":false,\"margin\":\"small\",\"title_color\":\"primary\",\"title_element\":\"div\",\"title_style\":\"h3\"},\"name\":\"paketit\"},{\"type\":\"headline\",\"props\":{\"content\":\"sales@savonlinnatours.fi\",\"link\":\"mailto:sales@savonlinnatours.fi\",\"link_target\":true,\"margin\":\"small\",\"title_element\":\"div\",\"title_style\":\"h3\"},\"name\":\"email\"},{\"type\":\"headline\",\"props\":{\"content\":\"+358 50 548 4004\",\"link\":\"tel:+358505484004\",\"link_target\":true,\"margin\":\"small\",\"title_element\":\"div\",\"title_style\":\"h3\"},\"name\":\"puh\"}]},{\"type\":\"column\",\"props\":{\"image_position\":\"center-center\",\"position_sticky_breakpoint\":\"m\",\"width_medium\":\"1-2\"},\"children\":[{\"type\":\"headline\",\"props\":{\"content\":\"Frequently Asked Practical Questions\",\"title_color\":\"primary\",\"title_decoration\":\"divider\",\"title_element\":\"h3\",\"title_style\":\"h4\"}},{\"type\":\"accordion\",\"props\":{\"collapsible\":true,\"content_column_breakpoint\":\"m\",\"image_align\":\"top\",\"image_grid_breakpoint\":\"m\",\"image_grid_width\":\"1-2\",\"image_svg_color\":\"emphasis\",\"link_style\":\"default\",\"link_text\":\"Read more\",\"show_image\":true,\"show_link\":true},\"children\":[{\"type\":\"accordion_item\",\"source\":{\"query\":{\"name\":\"posts.customPosts\",\"arguments\":{\"terms\":[19],\"category_operator\":\"IN\",\"post_tag_operator\":\"IN\",\"users\":[],\"users_operator\":\"IN\",\"offset\":0,\"limit\":10,\"order\":\"date\",\"order_direction\":\"DESC\"}},\"props\":{\"title\":{\"name\":\"title\"},\"content\":{\"arguments\":{\"show_intro_text\":true},\"name\":\"content\"}}}}],\"name\":\"UKK\"}]}]}]},{\"type\":\"section\",\"props\":{\"height\":\"viewport\",\"image\":\"wp-content\\\/uploads\\\/2025\\\/09\\\/high-angle-view-city-by-sea-against-sky.jpg\",\"image_position\":\"center-center\",\"image_size\":\"cover\",\"sticky\":\"reveal\",\"style\":\"default\",\"title_breakpoint\":\"xl\",\"title_position\":\"top-left\",\"title_rotation\":\"left\",\"vertical_align\":\"middle\",\"width\":\"default\"},\"children\":[{\"type\":\"row\",\"children\":[{\"type\":\"column\",\"props\":{\"image_position\":\"center-center\",\"position_sticky_breakpoint\":\"m\"}}]}]}],\"version\":\"4.5.32\"} --><\/p>\n","protected":false},"excerpt":{"rendered":"<p>Cruises in Lake Saimaa All Lake Saimaa cruises from a single location A cruise through the labyrinthine archipelago of Finland\u2019s largest lake region is an experience that everyone visiting the area should have. You can choose from a wide variety of cruises, ranging from a 1-hour scenic cruise to multi-day boat holidays. We cooperate with [&hellip;]<\/p>\n","protected":false},"author":1,"featured_media":412,"parent":0,"menu_order":0,"comment_status":"closed","ping_status":"closed","template":"","meta":{"footnotes":""},"class_list":["post-413","page","type-page","status-publish","has-post-thumbnail","hentry"],"yoast_head":"<!-- This site is optimized with the Yoast SEO Premium plugin v27.2 (Yoast SEO v27.2) - https:\/\/yoast.com\/product\/yoast-seo-premium-wordpress\/ -->\n<title>Cruises in Saimaa and Savonlinna - Savonlinna Tours<\/title>\n<meta name=\"description\" content=\"All Saimaa cruises from a single location! Book an unforgettable archipelago journey through Savonlinna Tours \u2013 from one-hour trips to multi-day cruises.\" \/>\n<meta name=\"robots\" content=\"index, follow, max-snippet:-1, max-image-preview:large, max-video-preview:-1\" \/>\n<link rel=\"canonical\" href=\"https:\/\/savonlinnatours.fi\/en\/cruises-in-saimaa-and-savonlinna\/\" \/>\n<meta property=\"og:locale\" content=\"en_US\" \/>\n<meta property=\"og:type\" content=\"article\" \/>\n<meta property=\"og:title\" content=\"Cruises in Saimaa and Savonlinna\" \/>\n<meta property=\"og:description\" content=\"All Saimaa cruises from a single location! Book an unforgettable archipelago journey through Savonlinna Tours \u2013 from one-hour trips to multi-day cruises.\" \/>\n<meta property=\"og:url\" content=\"https:\/\/savonlinnatours.fi\/en\/cruises-in-saimaa-and-savonlinna\/\" \/>\n<meta property=\"og:site_name\" content=\"Savonlinna Tours\" \/>\n<meta property=\"article:modified_time\" content=\"2026-02-05T09:47:14+00:00\" \/>\n<meta property=\"og:image\" content=\"https:\/\/savonlinnatours.fi\/wp-content\/uploads\/2025\/10\/savonlinna-risteilyt1.jpg\" \/>\n\t<meta property=\"og:image:width\" content=\"904\" \/>\n\t<meta property=\"og:image:height\" content=\"697\" \/>\n\t<meta property=\"og:image:type\" content=\"image\/jpeg\" \/>\n<meta name=\"twitter:card\" content=\"summary_large_image\" \/>\n<meta name=\"twitter:label1\" content=\"Est. reading time\" \/>\n\t<meta name=\"twitter:data1\" content=\"2 minutes\" \/>\n<script type=\"application\/ld+json\" class=\"yoast-schema-graph\">{\"@context\":\"https:\/\/schema.org\",\"@graph\":[{\"@type\":\"WebPage\",\"@id\":\"https:\/\/savonlinnatours.fi\/en\/cruises-in-saimaa-and-savonlinna\/\",\"url\":\"https:\/\/savonlinnatours.fi\/en\/cruises-in-saimaa-and-savonlinna\/\",\"name\":\"Cruises in Saimaa and Savonlinna - Savonlinna Tours\",\"isPartOf\":{\"@id\":\"https:\/\/savonlinnatours.fi\/en\/#website\"},\"primaryImageOfPage\":{\"@id\":\"https:\/\/savonlinnatours.fi\/en\/cruises-in-saimaa-and-savonlinna\/#primaryimage\"},\"image\":{\"@id\":\"https:\/\/savonlinnatours.fi\/en\/cruises-in-saimaa-and-savonlinna\/#primaryimage\"},\"thumbnailUrl\":\"https:\/\/savonlinnatours.fi\/wp-content\/uploads\/2025\/10\/savonlinna-risteilyt1.jpg\",\"datePublished\":\"2025-09-23T09:05:42+00:00\",\"dateModified\":\"2026-02-05T09:47:14+00:00\",\"description\":\"All Saimaa cruises from a single location! Book an unforgettable archipelago journey through Savonlinna Tours \u2013 from one-hour trips to multi-day cruises.\",\"breadcrumb\":{\"@id\":\"https:\/\/savonlinnatours.fi\/en\/cruises-in-saimaa-and-savonlinna\/#breadcrumb\"},\"inLanguage\":\"en-US\",\"potentialAction\":[{\"@type\":\"ReadAction\",\"target\":[\"https:\/\/savonlinnatours.fi\/en\/cruises-in-saimaa-and-savonlinna\/\"]}]},{\"@type\":\"ImageObject\",\"inLanguage\":\"en-US\",\"@id\":\"https:\/\/savonlinnatours.fi\/en\/cruises-in-saimaa-and-savonlinna\/#primaryimage\",\"url\":\"https:\/\/savonlinnatours.fi\/wp-content\/uploads\/2025\/10\/savonlinna-risteilyt1.jpg\",\"contentUrl\":\"https:\/\/savonlinnatours.fi\/wp-content\/uploads\/2025\/10\/savonlinna-risteilyt1.jpg\",\"width\":904,\"height\":697},{\"@type\":\"BreadcrumbList\",\"@id\":\"https:\/\/savonlinnatours.fi\/en\/cruises-in-saimaa-and-savonlinna\/#breadcrumb\",\"itemListElement\":[{\"@type\":\"ListItem\",\"position\":1,\"name\":\"Etusivu\",\"item\":\"https:\/\/savonlinnatours.fi\/en\/\"},{\"@type\":\"ListItem\",\"position\":2,\"name\":\"Cruises in Saimaa and Savonlinna\"}]},{\"@type\":\"WebSite\",\"@id\":\"https:\/\/savonlinnatours.fi\/en\/#website\",\"url\":\"https:\/\/savonlinnatours.fi\/en\/\",\"name\":\"Savonlinna Tours\",\"description\":\"El\u00e4myksi\u00e4 Saimaan syd\u00e4mess\u00e4\",\"publisher\":{\"@id\":\"https:\/\/savonlinnatours.fi\/en\/#organization\"},\"potentialAction\":[{\"@type\":\"SearchAction\",\"target\":{\"@type\":\"EntryPoint\",\"urlTemplate\":\"https:\/\/savonlinnatours.fi\/en\/?s={search_term_string}\"},\"query-input\":{\"@type\":\"PropertyValueSpecification\",\"valueRequired\":true,\"valueName\":\"search_term_string\"}}],\"inLanguage\":\"en-US\"},{\"@type\":\"Organization\",\"@id\":\"https:\/\/savonlinnatours.fi\/en\/#organization\",\"name\":\"Savonlinna Tours\",\"url\":\"https:\/\/savonlinnatours.fi\/en\/\",\"logo\":{\"@type\":\"ImageObject\",\"inLanguage\":\"en-US\",\"@id\":\"https:\/\/savonlinnatours.fi\/en\/#\/schema\/logo\/image\/\",\"url\":\"https:\/\/savonlinnatours.fi\/wp-content\/uploads\/2025\/09\/savonlinna_tours_black-nelio.svg\",\"contentUrl\":\"https:\/\/savonlinnatours.fi\/wp-content\/uploads\/2025\/09\/savonlinna_tours_black-nelio.svg\",\"width\":1,\"height\":1,\"caption\":\"Savonlinna Tours\"},\"image\":{\"@id\":\"https:\/\/savonlinnatours.fi\/en\/#\/schema\/logo\/image\/\"}}]}<\/script>\n<!-- \/ Yoast SEO Premium plugin. -->","yoast_head_json":{"title":"Cruises in Saimaa and Savonlinna - Savonlinna Tours","description":"All Saimaa cruises from a single location! Book an unforgettable archipelago journey through Savonlinna Tours \u2013 from one-hour trips to multi-day cruises.","robots":{"index":"index","follow":"follow","max-snippet":"max-snippet:-1","max-image-preview":"max-image-preview:large","max-video-preview":"max-video-preview:-1"},"canonical":"https:\/\/savonlinnatours.fi\/en\/cruises-in-saimaa-and-savonlinna\/","og_locale":"en_US","og_type":"article","og_title":"Cruises in Saimaa and Savonlinna","og_description":"All Saimaa cruises from a single location! Book an unforgettable archipelago journey through Savonlinna Tours \u2013 from one-hour trips to multi-day cruises.","og_url":"https:\/\/savonlinnatours.fi\/en\/cruises-in-saimaa-and-savonlinna\/","og_site_name":"Savonlinna Tours","article_modified_time":"2026-02-05T09:47:14+00:00","og_image":[{"width":904,"height":697,"url":"https:\/\/savonlinnatours.fi\/wp-content\/uploads\/2025\/10\/savonlinna-risteilyt1.jpg","type":"image\/jpeg"}],"twitter_card":"summary_large_image","twitter_misc":{"Est. reading time":"2 minutes"},"schema":{"@context":"https:\/\/schema.org","@graph":[{"@type":"WebPage","@id":"https:\/\/savonlinnatours.fi\/en\/cruises-in-saimaa-and-savonlinna\/","url":"https:\/\/savonlinnatours.fi\/en\/cruises-in-saimaa-and-savonlinna\/","name":"Cruises in Saimaa and Savonlinna - Savonlinna Tours","isPartOf":{"@id":"https:\/\/savonlinnatours.fi\/en\/#website"},"primaryImageOfPage":{"@id":"https:\/\/savonlinnatours.fi\/en\/cruises-in-saimaa-and-savonlinna\/#primaryimage"},"image":{"@id":"https:\/\/savonlinnatours.fi\/en\/cruises-in-saimaa-and-savonlinna\/#primaryimage"},"thumbnailUrl":"https:\/\/savonlinnatours.fi\/wp-content\/uploads\/2025\/10\/savonlinna-risteilyt1.jpg","datePublished":"2025-09-23T09:05:42+00:00","dateModified":"2026-02-05T09:47:14+00:00","description":"All Saimaa cruises from a single location! Book an unforgettable archipelago journey through Savonlinna Tours \u2013 from one-hour trips to multi-day cruises.","breadcrumb":{"@id":"https:\/\/savonlinnatours.fi\/en\/cruises-in-saimaa-and-savonlinna\/#breadcrumb"},"inLanguage":"en-US","potentialAction":[{"@type":"ReadAction","target":["https:\/\/savonlinnatours.fi\/en\/cruises-in-saimaa-and-savonlinna\/"]}]},{"@type":"ImageObject","inLanguage":"en-US","@id":"https:\/\/savonlinnatours.fi\/en\/cruises-in-saimaa-and-savonlinna\/#primaryimage","url":"https:\/\/savonlinnatours.fi\/wp-content\/uploads\/2025\/10\/savonlinna-risteilyt1.jpg","contentUrl":"https:\/\/savonlinnatours.fi\/wp-content\/uploads\/2025\/10\/savonlinna-risteilyt1.jpg","width":904,"height":697},{"@type":"BreadcrumbList","@id":"https:\/\/savonlinnatours.fi\/en\/cruises-in-saimaa-and-savonlinna\/#breadcrumb","itemListElement":[{"@type":"ListItem","position":1,"name":"Etusivu","item":"https:\/\/savonlinnatours.fi\/en\/"},{"@type":"ListItem","position":2,"name":"Cruises in Saimaa and Savonlinna"}]},{"@type":"WebSite","@id":"https:\/\/savonlinnatours.fi\/en\/#website","url":"https:\/\/savonlinnatours.fi\/en\/","name":"Savonlinna Tours","description":"El\u00e4myksi\u00e4 Saimaan syd\u00e4mess\u00e4","publisher":{"@id":"https:\/\/savonlinnatours.fi\/en\/#organization"},"potentialAction":[{"@type":"SearchAction","target":{"@type":"EntryPoint","urlTemplate":"https:\/\/savonlinnatours.fi\/en\/?s={search_term_string}"},"query-input":{"@type":"PropertyValueSpecification","valueRequired":true,"valueName":"search_term_string"}}],"inLanguage":"en-US"},{"@type":"Organization","@id":"https:\/\/savonlinnatours.fi\/en\/#organization","name":"Savonlinna Tours","url":"https:\/\/savonlinnatours.fi\/en\/","logo":{"@type":"ImageObject","inLanguage":"en-US","@id":"https:\/\/savonlinnatours.fi\/en\/#\/schema\/logo\/image\/","url":"https:\/\/savonlinnatours.fi\/wp-content\/uploads\/2025\/09\/savonlinna_tours_black-nelio.svg","contentUrl":"https:\/\/savonlinnatours.fi\/wp-content\/uploads\/2025\/09\/savonlinna_tours_black-nelio.svg","width":1,"height":1,"caption":"Savonlinna Tours"},"image":{"@id":"https:\/\/savonlinnatours.fi\/en\/#\/schema\/logo\/image\/"}}]}},"_links":{"self":[{"href":"https:\/\/savonlinnatours.fi\/en\/wp-json\/wp\/v2\/pages\/413","targetHints":{"allow":["GET"]}}],"collection":[{"href":"https:\/\/savonlinnatours.fi\/en\/wp-json\/wp\/v2\/pages"}],"about":[{"href":"https:\/\/savonlinnatours.fi\/en\/wp-json\/wp\/v2\/types\/page"}],"author":[{"embeddable":true,"href":"https:\/\/savonlinnatours.fi\/en\/wp-json\/wp\/v2\/users\/1"}],"replies":[{"embeddable":true,"href":"https:\/\/savonlinnatours.fi\/en\/wp-json\/wp\/v2\/comments?post=413"}],"version-history":[{"count":10,"href":"https:\/\/savonlinnatours.fi\/en\/wp-json\/wp\/v2\/pages\/413\/revisions"}],"predecessor-version":[{"id":553,"href":"https:\/\/savonlinnatours.fi\/en\/wp-json\/wp\/v2\/pages\/413\/revisions\/553"}],"wp:featuredmedia":[{"embeddable":true,"href":"https:\/\/savonlinnatours.fi\/en\/wp-json\/wp\/v2\/media\/412"}],"wp:attachment":[{"href":"https:\/\/savonlinnatours.fi\/en\/wp-json\/wp\/v2\/media?parent=413"}],"curies":[{"name":"wp","href":"https:\/\/api.w.org\/{rel}","templated":true}]}}