{"id":407,"date":"2025-09-23T12:06:21","date_gmt":"2025-09-23T09:06:21","guid":{"rendered":"https:\/\/savonlinnatours.fi\/opaspalvelut\/"},"modified":"2025-11-12T10:30:36","modified_gmt":"2025-11-12T08:30:36","slug":"guided-services","status":"publish","type":"page","link":"https:\/\/savonlinnatours.fi\/en\/guided-services\/","title":{"rendered":"Guided services"},"content":{"rendered":"<h1>Guided Services<\/h1>\n<div>In Savonlinna, Kerim\u00e4ki and Punkaharju<\/div>\n<div>\n<p data-start=\"0\" data-end=\"351\">Would you like to learn more about the fascinating history of Savonlinna and its surrounding areas, without forgetting the present day? Savonlinna has a rich and layered past, serving as a crossroads between East and West, and later as an important port town on Lake Saimaa. All of this has shaped the region\u2019s culture and people over the centuries.<\/p>\n<\/p>\n<p data-start=\"353\" data-end=\"458\" data-is-last-node=\"\" data-is-only-node=\"\">Our professional guides will lead you to the secrets of the area in Savonlinna, Kerim\u00e4ki, and Punkaharju.<\/p>\n<\/div>\n<div>Bookings\u00a0<a href=\"mailto:sales@savonlinnatours.fi\">sales@savonlinnatours.fi<\/a> \/ <a href=\"tel:+358505484004\">+358 50 548 4004<\/a><\/div>\n<div><em>Welcome aboard!<\/em><\/div>\n<div>\n<div class=\"text-base my-auto mx-auto pb-10 [--thread-content-margin:--spacing(4)] thread-sm:[--thread-content-margin:--spacing(6)] thread-lg:[--thread-content-margin:--spacing(16)] px-(--thread-content-margin)\">\n<div class=\"[--thread-content-max-width:40rem] thread-lg:[--thread-content-max-width:48rem] mx-auto max-w-(--thread-content-max-width) flex-1 group\/turn-messages focus-visible:outline-hidden relative flex w-full min-w-0 flex-col agent-turn\" tabindex=\"-1\">\n<div class=\"flex max-w-full flex-col grow\">\n<div data-message-author-role=\"assistant\" data-message-id=\"b37b42d1-5c13-4eb8-ba76-052b90d5699b\" dir=\"auto\" class=\"min-h-8 text-message relative flex w-full flex-col items-end gap-2 text-start break-words whitespace-normal [.text-message+&amp;]:mt-1\" data-message-model-slug=\"gpt-5-mini\">\n<div class=\"flex w-full flex-col gap-1 empty:hidden first:pt-[1px]\">\n<div class=\"markdown prose dark:prose-invert w-full break-words dark markdown-new-styling\">\n<p>The two guided tours presented below (1.5 hours) are examples of our most popular excursions. We also offer 2\u20133 hour tours, which can include, for example, the town center of Savonlinna along with the scenic landscapes of Punkaharju or the famous church in Kerim\u00e4ki.<\/p>\n<p>You can also book a guide for a full day or even multiple days, with the itinerary fully tailored to your wishes.<\/p>\n<\/div>\n<\/div>\n<\/div>\n<\/div>\n<\/div>\n<\/div>\n<\/div>\n<ul>\n<li>\n<h3>Guided bus tour<\/h3>\n<p>Standard tour duration 1,5 hours<\/p>\n<div>\n<p>(Private group bus, with an additional fee for a bus arranged by Savonlinna Tours)<\/p>\n<p>Along the route, you will see Savonlinna\u2019s historic town center, where the old marketplace was located, as well as the current market square and passenger harbour. We drive over the city\u2019s many bridges to view the industrial area in the eastern part of town and continue westward to see the old, still-operational shipyard and the 18th-century bell tower.<\/p>\n<p>The bus tour can be complemented with a half-hour guided walking tour along Linnankatu, Finland\u2019s oldest inland street, which leads directly to Olavinlinna Castle.<\/p>\n<\/div>\n<\/li>\n<li>\n<h3>Guided walking tour in Savonlinna<\/h3>\n<p>Duration approx. 1,5h<\/p>\n<div>\n<p>Walking tour in the heart of Savonlinna. We explore the market square, Linnankatu, and the surroundings of Olavinlinna Castle. You will also see the City Hall, as well as the Casino Islands and the Spa Hotel Casino located on them.<\/p>\n<p>A shorter, approximately one-hour walking tour along Linnankatu and around Olavinlinna Castle is also available.<\/p>\n<\/div>\n<\/li>\n<li>\n<h3>Themed Guided Tours<\/h3>\n<div>Would you like to learn more about Savonlinna\u2019s lively spa culture in the early 20th century? Or explore the eventful history of the Opera Festival? We offer themed guided tours focusing on topics ranging from notable figures to historical turning points and the region\u2019s unique culture. Tours for children and the young at heart are also available.<\/div>\n<\/li>\n<\/ul>\n<div>\n<\/div>\n<p><!--more--><br \/>\n<!-- {\"type\":\"layout\",\"children\":[{\"name\":\"Hero\",\"type\":\"section\",\"props\":{\"header_transparent\":true,\"header_transparent_text_color\":\"light\",\"height\":\"viewport\",\"height_viewport\":80,\"image\":\"wp-content\\\/uploads\\\/2025\\\/09\\\/savonlinna-jarvelta.jpg\",\"image_loading\":true,\"image_position\":\"center-center\",\"image_size\":\"cover\",\"image_width\":\"2560\",\"media_overlay\":\"rgba(45, 39, 39, 0.35)\",\"overlap\":true,\"padding\":\"xlarge\",\"style\":\"secondary\",\"title_breakpoint\":\"xl\",\"title_position\":\"top-left\",\"title_rotation\":\"left\",\"vertical_align\":\"middle\",\"width\":\"large\"},\"children\":[{\"type\":\"row\",\"children\":[{\"type\":\"column\",\"props\":{\"image_position\":\"center-center\",\"position_sticky_breakpoint\":\"m\",\"width_medium\":\"1-1\"},\"children\":[{\"type\":\"headline\",\"props\":{\"animation\":\"parallax\",\"content\":\"Guided Services\",\"margin\":\"remove-vertical\",\"maxwidth\":\"xlarge\",\"parallax_breakpoint\":\"m\",\"parallax_easing\":\"0.8\",\"parallax_end\":\"5vh + 5%\",\"parallax_opacity\":\"1,0\",\"parallax_y\":\"0,40\",\"title_element\":\"h1\",\"title_style\":\"heading-large\"}},{\"type\":\"headline\",\"props\":{\"animation\":\"parallax\",\"content\":\"In Savonlinna, Kerim\\u00e4ki and Punkaharju\",\"margin\":\"remove-vertical\",\"parallax_breakpoint\":\"m\",\"parallax_easing\":\"0.8\",\"parallax_end\":\"5vh + 5%\",\"parallax_opacity\":\"1,0\",\"parallax_y\":\"0,40\",\"title_element\":\"div\",\"title_style\":\"h3\"}}]}]}]},{\"type\":\"section\",\"props\":{\"image_position\":\"center-center\",\"style\":\"secondary\",\"title_breakpoint\":\"xl\",\"title_position\":\"top-left\",\"title_rotation\":\"left\",\"vertical_align\":\"middle\",\"width\":\"small\"},\"children\":[{\"type\":\"row\",\"children\":[{\"type\":\"column\",\"props\":{\"image_position\":\"center-center\",\"position_sticky_breakpoint\":\"m\"},\"children\":[{\"type\":\"text\",\"props\":{\"column_breakpoint\":\"m\",\"content\":\"\n\n<p data-start=\\\"0\\\" data-end=\\\"351\\\">Would you like to learn more about the fascinating history of Savonlinna and its surrounding areas, without forgetting the present day? Savonlinna has a rich and layered past, serving as a crossroads between East and West, and later as an important port town on Lake Saimaa. All of this has shaped the region\\u2019s culture and people over the centuries.<\\\/p>\\n\n\n<p><\\\/p>\\n\n\n<p data-start=\\\"353\\\" data-end=\\\"458\\\" data-is-last-node=\\\"\\\" data-is-only-node=\\\"\\\">Our professional guides will lead you to the secrets of the area in Savonlinna, Kerim\\u00e4ki, and Punkaharju.<\\\/p>\",\"margin\":\"default\",\"text_align\":\"center\",\"text_style\":\"lead\"}},{\"type\":\"headline\",\"props\":{\"content\":\"Bookings\\u00a0<a href=\\\"mailto:sales@savonlinnatours.fi\\\">sales@savonlinnatours.fi<\\\/a> \\\/ <a href=\\\"tel:+358505484004\\\">+358 50 548 4004<\\\/a>\",\"text_align\":\"center\",\"title_element\":\"div\",\"title_style\":\"h3\"}},{\"type\":\"headline\",\"props\":{\"content\":\"<em>Welcome aboard!<\\\/em>\",\"text_align\":\"center\",\"title_element\":\"div\",\"title_font_family\":\"tertiary\",\"title_style\":\"h3\"}}]}]}]},{\"type\":\"section\",\"props\":{\"image_position\":\"center-center\",\"style\":\"default\",\"title_breakpoint\":\"xl\",\"title_position\":\"top-left\",\"title_rotation\":\"left\",\"vertical_align\":\"middle\",\"width\":\"default\"},\"children\":[{\"type\":\"row\",\"props\":{\"divider\":true},\"children\":[{\"type\":\"column\",\"props\":{\"image_position\":\"center-center\",\"position_sticky_breakpoint\":\"m\"},\"children\":[{\"type\":\"text\",\"props\":{\"block_align\":\"center\",\"column\":\"1-2\",\"column_breakpoint\":\"m\",\"content\":\"\n\n<div class=\\\"text-base my-auto mx-auto pb-10 [--thread-content-margin:--spacing(4)] thread-sm:[--thread-content-margin:--spacing(6)] thread-lg:[--thread-content-margin:--spacing(16)] px-(--thread-content-margin)\\\">\\n\n\n<div class=\\\"[--thread-content-max-width:40rem] thread-lg:[--thread-content-max-width:48rem] mx-auto max-w-(--thread-content-max-width) flex-1 group\\\/turn-messages focus-visible:outline-hidden relative flex w-full min-w-0 flex-col agent-turn\\\" tabindex=\\\"-1\\\">\\n\n\n<div class=\\\"flex max-w-full flex-col grow\\\">\\n\n\n<div data-message-author-role=\\\"assistant\\\" data-message-id=\\\"b37b42d1-5c13-4eb8-ba76-052b90d5699b\\\" dir=\\\"auto\\\" class=\\\"min-h-8 text-message relative flex w-full flex-col items-end gap-2 text-start break-words whitespace-normal [.text-message+&amp;]:mt-1\\\" data-message-model-slug=\\\"gpt-5-mini\\\">\\n\n\n<div class=\\\"flex w-full flex-col gap-1 empty:hidden first:pt-[1px]\\\">\\n\n\n<div class=\\\"markdown prose dark:prose-invert w-full break-words dark markdown-new-styling\\\">\\n\n\n<p>The two guided tours presented below (1.5 hours) are examples of our most popular excursions. We also offer 2\\u20133 hour tours, which can include, for example, the town center of Savonlinna along with the scenic landscapes of Punkaharju or the famous church in Kerim\\u00e4ki.<\\\/p>\\n\n\n<p>You can also book a guide for a full day or even multiple days, with the itinerary fully tailored to your wishes.<\\\/p>\\n<\\\/div>\\n<\\\/div>\\n<\\\/div>\\n<\\\/div>\\n<\\\/div>\\n<\\\/div>\",\"margin\":\"default\"}}]}]},{\"type\":\"row\",\"props\":{\"layout\":\"3-5,2-5\"},\"children\":[{\"type\":\"column\",\"props\":{\"image_position\":\"center-center\",\"position_sticky_breakpoint\":\"m\",\"width_medium\":\"3-5\"},\"children\":[{\"type\":\"grid\",\"props\":{\"content_column_breakpoint\":\"m\",\"filter_align\":\"left\",\"filter_all\":true,\"filter_grid_breakpoint\":\"m\",\"filter_grid_width\":\"auto\",\"filter_position\":\"top\",\"filter_style\":\"tab\",\"grid_column_gap\":\"small\",\"grid_default\":\"1\",\"grid_divider\":false,\"grid_medium\":\"2\",\"grid_row_gap\":\"small\",\"icon_width\":80,\"image_align\":\"top\",\"image_grid_breakpoint\":\"m\",\"image_grid_width\":\"1-2\",\"image_svg_color\":\"emphasis\",\"item_animation\":true,\"lightbox_bg_close\":true,\"link_style\":\"default\",\"link_text\":\"Read more\",\"margin\":\"default\",\"meta_align\":\"below-title\",\"meta_element\":\"div\",\"meta_style\":\"text-meta\",\"panel_image_no_padding\":true,\"panel_link\":true,\"panel_padding\":\"default\",\"panel_style\":\"tile-muted\",\"show_content\":true,\"show_hover_image\":true,\"show_hover_video\":true,\"show_image\":true,\"show_link\":true,\"show_meta\":true,\"show_title\":true,\"show_video\":true,\"title_align\":\"top\",\"title_element\":\"h3\",\"title_grid_breakpoint\":\"m\",\"title_grid_width\":\"1-2\",\"title_hover_style\":\"reset\"},\"children\":[{\"type\":\"grid_item\",\"props\":{\"content\":\"\n\n<p>(Private group bus, with an additional fee for a bus arranged by Savonlinna Tours)<\\\/p>\\n\n\n<p>Along the route, you will see Savonlinna\\u2019s historic town center, where the old marketplace was located, as well as the current market square and passenger harbour. We drive over the city\\u2019s many bridges to view the industrial area in the eastern part of town and continue westward to see the old, still-operational shipyard and the 18th-century bell tower.<\\\/p>\\n\n\n<p>The bus tour can be complemented with a half-hour guided walking tour along Linnankatu, Finland\\u2019s oldest inland street, which leads directly to Olavinlinna Castle.<\\\/p>\",\"meta\":\"Standard tour duration 1,5 hours\",\"title\":\"Guided bus tour\"}},{\"type\":\"grid_item\",\"props\":{\"content\":\"\n\n<p>Walking tour in the heart of Savonlinna. We explore the market square, Linnankatu, and the surroundings of Olavinlinna Castle. You will also see the City Hall, as well as the Casino Islands and the Spa Hotel Casino located on them.<\\\/p>\\n\n\n<p>A shorter, approximately one-hour walking tour along Linnankatu and around Olavinlinna Castle is also available.<\\\/p>\",\"meta\":\"Duration approx. 1,5h\",\"title\":\"Guided walking tour in Savonlinna\"}},{\"type\":\"grid_item\",\"props\":{\"content\":\"Would you like to learn more about Savonlinna\\u2019s lively spa culture in the early 20th century? Or explore the eventful history of the Opera Festival? We offer themed guided tours focusing on topics ranging from notable figures to historical turning points and the region\\u2019s unique culture. Tours for children and the young at heart are also available.\",\"title\":\"Themed Guided Tours\"}}]}]},{\"type\":\"column\",\"props\":{\"image_position\":\"center-center\",\"position_sticky_breakpoint\":\"m\",\"width_medium\":\"2-5\"},\"children\":[{\"type\":\"accordion\",\"props\":{\"collapsible\":true,\"content_column_breakpoint\":\"m\",\"image_align\":\"top\",\"image_grid_breakpoint\":\"m\",\"image_grid_width\":\"1-2\",\"image_svg_color\":\"emphasis\",\"link_style\":\"default\",\"link_text\":\"Read more\",\"show_image\":true,\"show_link\":true},\"children\":[{\"type\":\"accordion_item\",\"source\":{\"query\":{\"name\":\"posts.customPosts\",\"arguments\":{\"terms\":[133],\"category_operator\":\"IN\",\"post_tag_operator\":\"IN\",\"users\":[],\"users_operator\":\"IN\",\"offset\":0,\"limit\":10,\"order\":\"date\",\"order_direction\":\"DESC\"}},\"props\":{\"title\":{\"name\":\"title\"},\"content\":{\"arguments\":{\"show_intro_text\":true},\"name\":\"content\"}}}}],\"name\":\"UKK\"}]}]}]}],\"version\":\"4.5.32\"} --><\/p>\n","protected":false},"excerpt":{"rendered":"<p>Guided Services In Savonlinna, Kerim\u00e4ki and Punkaharju Would you like to learn more about the fascinating history of Savonlinna and its surrounding areas, without forgetting the present day? Savonlinna has a rich and layered past, serving as a crossroads between East and West, and later as an important port town on Lake Saimaa. All of [&hellip;]<\/p>\n","protected":false},"author":1,"featured_media":406,"parent":0,"menu_order":0,"comment_status":"closed","ping_status":"closed","template":"","meta":{"footnotes":""},"class_list":["post-407","page","type-page","status-publish","has-post-thumbnail","hentry"],"yoast_head":"<!-- This site is optimized with the Yoast SEO Premium plugin v27.2 (Yoast SEO v27.2) - https:\/\/yoast.com\/product\/yoast-seo-premium-wordpress\/ -->\n<title>Guided services - Savonlinna Tours<\/title>\n<meta name=\"description\" content=\"Tutustu Savonlinnan kiehtovaan historiaan ja kulttuuriin oppaan johdolla \u2013 id\u00e4n ja l\u00e4nnen risteys paljastaa tarinansa Kerim\u00e4ell\u00e4 ja Punkaharjulla.\" \/>\n<meta name=\"robots\" content=\"index, follow, max-snippet:-1, max-image-preview:large, max-video-preview:-1\" \/>\n<link rel=\"canonical\" href=\"https:\/\/savonlinnatours.fi\/en\/guided-services\/\" \/>\n<meta property=\"og:locale\" content=\"en_US\" \/>\n<meta property=\"og:type\" content=\"article\" \/>\n<meta property=\"og:title\" content=\"Guided services\" \/>\n<meta property=\"og:description\" content=\"Tutustu Savonlinnan kiehtovaan historiaan ja kulttuuriin oppaan johdolla \u2013 id\u00e4n ja l\u00e4nnen risteys paljastaa tarinansa Kerim\u00e4ell\u00e4 ja Punkaharjulla.\" \/>\n<meta property=\"og:url\" content=\"https:\/\/savonlinnatours.fi\/en\/guided-services\/\" \/>\n<meta property=\"og:site_name\" content=\"Savonlinna Tours\" \/>\n<meta property=\"article:modified_time\" content=\"2025-11-12T08:30:36+00:00\" \/>\n<meta property=\"og:image\" content=\"https:\/\/savonlinnatours.fi\/wp-content\/uploads\/2025\/09\/beautiful-view-olavinlinna-olofsborg-ancient-fortress-15thcentury-medieval-three-tower-castle-located-savonlinna-city-sunny-may-day-lake-saimaa-finland.jpg\" \/>\n\t<meta property=\"og:image:width\" content=\"1920\" \/>\n\t<meta property=\"og:image:height\" content=\"1280\" \/>\n\t<meta property=\"og:image:type\" content=\"image\/jpeg\" \/>\n<meta name=\"twitter:card\" content=\"summary_large_image\" \/>\n<meta name=\"twitter:label1\" content=\"Est. reading time\" \/>\n\t<meta name=\"twitter:data1\" content=\"2 minutes\" \/>\n<script type=\"application\/ld+json\" class=\"yoast-schema-graph\">{\"@context\":\"https:\/\/schema.org\",\"@graph\":[{\"@type\":\"WebPage\",\"@id\":\"https:\/\/savonlinnatours.fi\/en\/guided-services\/\",\"url\":\"https:\/\/savonlinnatours.fi\/en\/guided-services\/\",\"name\":\"Guided services - Savonlinna Tours\",\"isPartOf\":{\"@id\":\"https:\/\/savonlinnatours.fi\/en\/#website\"},\"primaryImageOfPage\":{\"@id\":\"https:\/\/savonlinnatours.fi\/en\/guided-services\/#primaryimage\"},\"image\":{\"@id\":\"https:\/\/savonlinnatours.fi\/en\/guided-services\/#primaryimage\"},\"thumbnailUrl\":\"https:\/\/savonlinnatours.fi\/wp-content\/uploads\/2025\/09\/beautiful-view-olavinlinna-olofsborg-ancient-fortress-15thcentury-medieval-three-tower-castle-located-savonlinna-city-sunny-may-day-lake-saimaa-finland.jpg\",\"datePublished\":\"2025-09-23T09:06:21+00:00\",\"dateModified\":\"2025-11-12T08:30:36+00:00\",\"description\":\"Tutustu Savonlinnan kiehtovaan historiaan ja kulttuuriin oppaan johdolla \u2013 id\u00e4n ja l\u00e4nnen risteys paljastaa tarinansa Kerim\u00e4ell\u00e4 ja Punkaharjulla.\",\"breadcrumb\":{\"@id\":\"https:\/\/savonlinnatours.fi\/en\/guided-services\/#breadcrumb\"},\"inLanguage\":\"en-US\",\"potentialAction\":[{\"@type\":\"ReadAction\",\"target\":[\"https:\/\/savonlinnatours.fi\/en\/guided-services\/\"]}]},{\"@type\":\"ImageObject\",\"inLanguage\":\"en-US\",\"@id\":\"https:\/\/savonlinnatours.fi\/en\/guided-services\/#primaryimage\",\"url\":\"https:\/\/savonlinnatours.fi\/wp-content\/uploads\/2025\/09\/beautiful-view-olavinlinna-olofsborg-ancient-fortress-15thcentury-medieval-three-tower-castle-located-savonlinna-city-sunny-may-day-lake-saimaa-finland.jpg\",\"contentUrl\":\"https:\/\/savonlinnatours.fi\/wp-content\/uploads\/2025\/09\/beautiful-view-olavinlinna-olofsborg-ancient-fortress-15thcentury-medieval-three-tower-castle-located-savonlinna-city-sunny-may-day-lake-saimaa-finland.jpg\",\"width\":1920,\"height\":1280,\"caption\":\"Beautiful view of Olavinlinna, Olofsborg ancient fortress, the 15th-century medieval three - tower castle located in Savonlinna city on a sunny May day. lake Saimaa, Finland\"},{\"@type\":\"BreadcrumbList\",\"@id\":\"https:\/\/savonlinnatours.fi\/en\/guided-services\/#breadcrumb\",\"itemListElement\":[{\"@type\":\"ListItem\",\"position\":1,\"name\":\"Etusivu\",\"item\":\"https:\/\/savonlinnatours.fi\/en\/\"},{\"@type\":\"ListItem\",\"position\":2,\"name\":\"Guided services\"}]},{\"@type\":\"WebSite\",\"@id\":\"https:\/\/savonlinnatours.fi\/en\/#website\",\"url\":\"https:\/\/savonlinnatours.fi\/en\/\",\"name\":\"Savonlinna Tours\",\"description\":\"El\u00e4myksi\u00e4 Saimaan syd\u00e4mess\u00e4\",\"publisher\":{\"@id\":\"https:\/\/savonlinnatours.fi\/en\/#organization\"},\"potentialAction\":[{\"@type\":\"SearchAction\",\"target\":{\"@type\":\"EntryPoint\",\"urlTemplate\":\"https:\/\/savonlinnatours.fi\/en\/?s={search_term_string}\"},\"query-input\":{\"@type\":\"PropertyValueSpecification\",\"valueRequired\":true,\"valueName\":\"search_term_string\"}}],\"inLanguage\":\"en-US\"},{\"@type\":\"Organization\",\"@id\":\"https:\/\/savonlinnatours.fi\/en\/#organization\",\"name\":\"Savonlinna Tours\",\"url\":\"https:\/\/savonlinnatours.fi\/en\/\",\"logo\":{\"@type\":\"ImageObject\",\"inLanguage\":\"en-US\",\"@id\":\"https:\/\/savonlinnatours.fi\/en\/#\/schema\/logo\/image\/\",\"url\":\"https:\/\/savonlinnatours.fi\/wp-content\/uploads\/2025\/09\/savonlinna_tours_black-nelio.svg\",\"contentUrl\":\"https:\/\/savonlinnatours.fi\/wp-content\/uploads\/2025\/09\/savonlinna_tours_black-nelio.svg\",\"width\":1,\"height\":1,\"caption\":\"Savonlinna Tours\"},\"image\":{\"@id\":\"https:\/\/savonlinnatours.fi\/en\/#\/schema\/logo\/image\/\"}}]}<\/script>\n<!-- \/ Yoast SEO Premium plugin. -->","yoast_head_json":{"title":"Guided services - Savonlinna Tours","description":"Tutustu Savonlinnan kiehtovaan historiaan ja kulttuuriin oppaan johdolla \u2013 id\u00e4n ja l\u00e4nnen risteys paljastaa tarinansa Kerim\u00e4ell\u00e4 ja Punkaharjulla.","robots":{"index":"index","follow":"follow","max-snippet":"max-snippet:-1","max-image-preview":"max-image-preview:large","max-video-preview":"max-video-preview:-1"},"canonical":"https:\/\/savonlinnatours.fi\/en\/guided-services\/","og_locale":"en_US","og_type":"article","og_title":"Guided services","og_description":"Tutustu Savonlinnan kiehtovaan historiaan ja kulttuuriin oppaan johdolla \u2013 id\u00e4n ja l\u00e4nnen risteys paljastaa tarinansa Kerim\u00e4ell\u00e4 ja Punkaharjulla.","og_url":"https:\/\/savonlinnatours.fi\/en\/guided-services\/","og_site_name":"Savonlinna Tours","article_modified_time":"2025-11-12T08:30:36+00:00","og_image":[{"width":1920,"height":1280,"url":"https:\/\/savonlinnatours.fi\/wp-content\/uploads\/2025\/09\/beautiful-view-olavinlinna-olofsborg-ancient-fortress-15thcentury-medieval-three-tower-castle-located-savonlinna-city-sunny-may-day-lake-saimaa-finland.jpg","type":"image\/jpeg"}],"twitter_card":"summary_large_image","twitter_misc":{"Est. reading time":"2 minutes"},"schema":{"@context":"https:\/\/schema.org","@graph":[{"@type":"WebPage","@id":"https:\/\/savonlinnatours.fi\/en\/guided-services\/","url":"https:\/\/savonlinnatours.fi\/en\/guided-services\/","name":"Guided services - Savonlinna Tours","isPartOf":{"@id":"https:\/\/savonlinnatours.fi\/en\/#website"},"primaryImageOfPage":{"@id":"https:\/\/savonlinnatours.fi\/en\/guided-services\/#primaryimage"},"image":{"@id":"https:\/\/savonlinnatours.fi\/en\/guided-services\/#primaryimage"},"thumbnailUrl":"https:\/\/savonlinnatours.fi\/wp-content\/uploads\/2025\/09\/beautiful-view-olavinlinna-olofsborg-ancient-fortress-15thcentury-medieval-three-tower-castle-located-savonlinna-city-sunny-may-day-lake-saimaa-finland.jpg","datePublished":"2025-09-23T09:06:21+00:00","dateModified":"2025-11-12T08:30:36+00:00","description":"Tutustu Savonlinnan kiehtovaan historiaan ja kulttuuriin oppaan johdolla \u2013 id\u00e4n ja l\u00e4nnen risteys paljastaa tarinansa Kerim\u00e4ell\u00e4 ja Punkaharjulla.","breadcrumb":{"@id":"https:\/\/savonlinnatours.fi\/en\/guided-services\/#breadcrumb"},"inLanguage":"en-US","potentialAction":[{"@type":"ReadAction","target":["https:\/\/savonlinnatours.fi\/en\/guided-services\/"]}]},{"@type":"ImageObject","inLanguage":"en-US","@id":"https:\/\/savonlinnatours.fi\/en\/guided-services\/#primaryimage","url":"https:\/\/savonlinnatours.fi\/wp-content\/uploads\/2025\/09\/beautiful-view-olavinlinna-olofsborg-ancient-fortress-15thcentury-medieval-three-tower-castle-located-savonlinna-city-sunny-may-day-lake-saimaa-finland.jpg","contentUrl":"https:\/\/savonlinnatours.fi\/wp-content\/uploads\/2025\/09\/beautiful-view-olavinlinna-olofsborg-ancient-fortress-15thcentury-medieval-three-tower-castle-located-savonlinna-city-sunny-may-day-lake-saimaa-finland.jpg","width":1920,"height":1280,"caption":"Beautiful view of Olavinlinna, Olofsborg ancient fortress, the 15th-century medieval three - tower castle located in Savonlinna city on a sunny May day. lake Saimaa, Finland"},{"@type":"BreadcrumbList","@id":"https:\/\/savonlinnatours.fi\/en\/guided-services\/#breadcrumb","itemListElement":[{"@type":"ListItem","position":1,"name":"Etusivu","item":"https:\/\/savonlinnatours.fi\/en\/"},{"@type":"ListItem","position":2,"name":"Guided services"}]},{"@type":"WebSite","@id":"https:\/\/savonlinnatours.fi\/en\/#website","url":"https:\/\/savonlinnatours.fi\/en\/","name":"Savonlinna Tours","description":"El\u00e4myksi\u00e4 Saimaan syd\u00e4mess\u00e4","publisher":{"@id":"https:\/\/savonlinnatours.fi\/en\/#organization"},"potentialAction":[{"@type":"SearchAction","target":{"@type":"EntryPoint","urlTemplate":"https:\/\/savonlinnatours.fi\/en\/?s={search_term_string}"},"query-input":{"@type":"PropertyValueSpecification","valueRequired":true,"valueName":"search_term_string"}}],"inLanguage":"en-US"},{"@type":"Organization","@id":"https:\/\/savonlinnatours.fi\/en\/#organization","name":"Savonlinna Tours","url":"https:\/\/savonlinnatours.fi\/en\/","logo":{"@type":"ImageObject","inLanguage":"en-US","@id":"https:\/\/savonlinnatours.fi\/en\/#\/schema\/logo\/image\/","url":"https:\/\/savonlinnatours.fi\/wp-content\/uploads\/2025\/09\/savonlinna_tours_black-nelio.svg","contentUrl":"https:\/\/savonlinnatours.fi\/wp-content\/uploads\/2025\/09\/savonlinna_tours_black-nelio.svg","width":1,"height":1,"caption":"Savonlinna Tours"},"image":{"@id":"https:\/\/savonlinnatours.fi\/en\/#\/schema\/logo\/image\/"}}]}},"_links":{"self":[{"href":"https:\/\/savonlinnatours.fi\/en\/wp-json\/wp\/v2\/pages\/407","targetHints":{"allow":["GET"]}}],"collection":[{"href":"https:\/\/savonlinnatours.fi\/en\/wp-json\/wp\/v2\/pages"}],"about":[{"href":"https:\/\/savonlinnatours.fi\/en\/wp-json\/wp\/v2\/types\/page"}],"author":[{"embeddable":true,"href":"https:\/\/savonlinnatours.fi\/en\/wp-json\/wp\/v2\/users\/1"}],"replies":[{"embeddable":true,"href":"https:\/\/savonlinnatours.fi\/en\/wp-json\/wp\/v2\/comments?post=407"}],"version-history":[{"count":12,"href":"https:\/\/savonlinnatours.fi\/en\/wp-json\/wp\/v2\/pages\/407\/revisions"}],"predecessor-version":[{"id":506,"href":"https:\/\/savonlinnatours.fi\/en\/wp-json\/wp\/v2\/pages\/407\/revisions\/506"}],"wp:featuredmedia":[{"embeddable":true,"href":"https:\/\/savonlinnatours.fi\/en\/wp-json\/wp\/v2\/media\/406"}],"wp:attachment":[{"href":"https:\/\/savonlinnatours.fi\/en\/wp-json\/wp\/v2\/media?parent=407"}],"curies":[{"name":"wp","href":"https:\/\/api.w.org\/{rel}","templated":true}]}}