{"id":403,"date":"2025-10-08T14:22:33","date_gmt":"2025-10-08T11:22:33","guid":{"rendered":"https:\/\/savonlinnatours.fi\/activities\/private-sauna-trip\/"},"modified":"2026-02-05T12:01:48","modified_gmt":"2026-02-05T10:01:48","slug":"private-sauna-trip","status":"publish","type":"page","link":"https:\/\/savonlinnatours.fi\/en\/activities\/private-sauna-trip\/","title":{"rendered":"Private Sauna Trip"},"content":{"rendered":"\n<p>Book an authentic and cozy lakeside sauna for your group\u2019s private use on the shores of Saimaa, yet just a short distance from Savonlinna city center. You will have access to a traditional Finnish sauna cottage, where you can enjoy the sauna and cool off by swimming in the fresh waters of Lake Saimaa.<\/p>\n\n\n\n<p>The sauna is an important part of Finnish culture, and it is estimated that about half of Finland\u2019s 5.6 million people use a sauna weekly. There are an estimated 3 million saunas in Finland. The Finnish lakeside sauna is an essential part of spending summer in Finland and an experience that everyone visiting Finland must try.<\/p>\n\n\n\n<p>The sauna trip is well suited for families, couples, and groups of friends or colleagues.<\/p>\n\n\n\n<p>The price includes transportation from Savonlinna city center to the sauna and back, heating of the sauna, and picnic snacks. Customers should bring weather-appropriate clothing and a water bottle.<\/p>\n\n\n\n<p>Duration: approx. 3h<\/p>\n\n\n\n<p>Price: 350\u20ac\/group (1-8 person)<\/p>\n\n\n\n<p>Availability inquiries and bookings: <a href=\"mailto:sales@savonlinnatours.fi\">sales@savonlinnatours.fi<\/a> \/ <a href=\"tel:+358505484004\">+358 50 548 4004<\/a><\/p>\n","protected":false},"excerpt":{"rendered":"<p>Duration approximately 3 hours<\/p>\n","protected":false},"author":1,"featured_media":396,"parent":374,"menu_order":0,"comment_status":"closed","ping_status":"open","template":"","meta":{"footnotes":""},"class_list":["post-403","page","type-page","status-publish","has-post-thumbnail","hentry"],"yoast_head":"<!-- This site is optimized with the Yoast SEO Premium plugin v27.2 (Yoast SEO v27.2) - https:\/\/yoast.com\/product\/yoast-seo-premium-wordpress\/ -->\n<title>Private Sauna Trip - Savonlinna Tours<\/title>\n<meta name=\"description\" content=\"Book an authentic and cozy lakeside sauna for your group\u2019s private use on the shores of Saimaa, just a short distance from Savonlinna city center.\" \/>\n<meta name=\"robots\" content=\"index, follow, max-snippet:-1, max-image-preview:large, max-video-preview:-1\" \/>\n<link rel=\"canonical\" href=\"https:\/\/savonlinnatours.fi\/en\/activities\/private-sauna-trip\/\" \/>\n<meta property=\"og:locale\" content=\"en_US\" \/>\n<meta property=\"og:type\" content=\"article\" \/>\n<meta property=\"og:title\" content=\"Private Sauna Trip\" \/>\n<meta property=\"og:description\" content=\"Book an authentic and cozy lakeside sauna for your group\u2019s private use on the shores of Saimaa, just a short distance from Savonlinna city center.\" \/>\n<meta property=\"og:url\" content=\"https:\/\/savonlinnatours.fi\/en\/activities\/private-sauna-trip\/\" \/>\n<meta property=\"og:site_name\" content=\"Savonlinna Tours\" \/>\n<meta property=\"article:modified_time\" content=\"2026-02-05T10:01:48+00:00\" \/>\n<meta property=\"og:image\" content=\"https:\/\/savonlinnatours.fi\/wp-content\/uploads\/2025\/10\/Saunaretki-1.jpg\" \/>\n\t<meta property=\"og:image:width\" content=\"1239\" \/>\n\t<meta property=\"og:image:height\" content=\"853\" \/>\n\t<meta property=\"og:image:type\" content=\"image\/jpeg\" \/>\n<meta name=\"twitter:card\" content=\"summary_large_image\" \/>\n<meta name=\"twitter:label1\" content=\"Est. reading time\" \/>\n\t<meta name=\"twitter:data1\" content=\"2 minutes\" \/>\n<script type=\"application\/ld+json\" class=\"yoast-schema-graph\">{\"@context\":\"https:\/\/schema.org\",\"@graph\":[{\"@type\":\"WebPage\",\"@id\":\"https:\/\/savonlinnatours.fi\/en\/activities\/private-sauna-trip\/\",\"url\":\"https:\/\/savonlinnatours.fi\/en\/activities\/private-sauna-trip\/\",\"name\":\"Private Sauna Trip - Savonlinna Tours\",\"isPartOf\":{\"@id\":\"https:\/\/savonlinnatours.fi\/en\/#website\"},\"primaryImageOfPage\":{\"@id\":\"https:\/\/savonlinnatours.fi\/en\/activities\/private-sauna-trip\/#primaryimage\"},\"image\":{\"@id\":\"https:\/\/savonlinnatours.fi\/en\/activities\/private-sauna-trip\/#primaryimage\"},\"thumbnailUrl\":\"https:\/\/savonlinnatours.fi\/wp-content\/uploads\/2025\/10\/Saunaretki-1.jpg\",\"datePublished\":\"2025-10-08T11:22:33+00:00\",\"dateModified\":\"2026-02-05T10:01:48+00:00\",\"description\":\"Book an authentic and cozy lakeside sauna for your group\u2019s private use on the shores of Saimaa, just a short distance from Savonlinna city center.\",\"breadcrumb\":{\"@id\":\"https:\/\/savonlinnatours.fi\/en\/activities\/private-sauna-trip\/#breadcrumb\"},\"inLanguage\":\"en-US\",\"potentialAction\":[{\"@type\":\"ReadAction\",\"target\":[\"https:\/\/savonlinnatours.fi\/en\/activities\/private-sauna-trip\/\"]}]},{\"@type\":\"ImageObject\",\"inLanguage\":\"en-US\",\"@id\":\"https:\/\/savonlinnatours.fi\/en\/activities\/private-sauna-trip\/#primaryimage\",\"url\":\"https:\/\/savonlinnatours.fi\/wp-content\/uploads\/2025\/10\/Saunaretki-1.jpg\",\"contentUrl\":\"https:\/\/savonlinnatours.fi\/wp-content\/uploads\/2025\/10\/Saunaretki-1.jpg\",\"width\":1239,\"height\":853},{\"@type\":\"BreadcrumbList\",\"@id\":\"https:\/\/savonlinnatours.fi\/en\/activities\/private-sauna-trip\/#breadcrumb\",\"itemListElement\":[{\"@type\":\"ListItem\",\"position\":1,\"name\":\"Etusivu\",\"item\":\"https:\/\/savonlinnatours.fi\/en\/\"},{\"@type\":\"ListItem\",\"position\":2,\"name\":\"Activities\",\"item\":\"https:\/\/savonlinnatours.fi\/en\/activities\/\"},{\"@type\":\"ListItem\",\"position\":3,\"name\":\"Private Sauna Trip\"}]},{\"@type\":\"WebSite\",\"@id\":\"https:\/\/savonlinnatours.fi\/en\/#website\",\"url\":\"https:\/\/savonlinnatours.fi\/en\/\",\"name\":\"Savonlinna Tours\",\"description\":\"El\u00e4myksi\u00e4 Saimaan syd\u00e4mess\u00e4\",\"publisher\":{\"@id\":\"https:\/\/savonlinnatours.fi\/en\/#organization\"},\"potentialAction\":[{\"@type\":\"SearchAction\",\"target\":{\"@type\":\"EntryPoint\",\"urlTemplate\":\"https:\/\/savonlinnatours.fi\/en\/?s={search_term_string}\"},\"query-input\":{\"@type\":\"PropertyValueSpecification\",\"valueRequired\":true,\"valueName\":\"search_term_string\"}}],\"inLanguage\":\"en-US\"},{\"@type\":\"Organization\",\"@id\":\"https:\/\/savonlinnatours.fi\/en\/#organization\",\"name\":\"Savonlinna Tours\",\"url\":\"https:\/\/savonlinnatours.fi\/en\/\",\"logo\":{\"@type\":\"ImageObject\",\"inLanguage\":\"en-US\",\"@id\":\"https:\/\/savonlinnatours.fi\/en\/#\/schema\/logo\/image\/\",\"url\":\"https:\/\/savonlinnatours.fi\/wp-content\/uploads\/2025\/09\/savonlinna_tours_black-nelio.svg\",\"contentUrl\":\"https:\/\/savonlinnatours.fi\/wp-content\/uploads\/2025\/09\/savonlinna_tours_black-nelio.svg\",\"width\":1,\"height\":1,\"caption\":\"Savonlinna Tours\"},\"image\":{\"@id\":\"https:\/\/savonlinnatours.fi\/en\/#\/schema\/logo\/image\/\"}}]}<\/script>\n<!-- \/ Yoast SEO Premium plugin. -->","yoast_head_json":{"title":"Private Sauna Trip - Savonlinna Tours","description":"Book an authentic and cozy lakeside sauna for your group\u2019s private use on the shores of Saimaa, just a short distance from Savonlinna city center.","robots":{"index":"index","follow":"follow","max-snippet":"max-snippet:-1","max-image-preview":"max-image-preview:large","max-video-preview":"max-video-preview:-1"},"canonical":"https:\/\/savonlinnatours.fi\/en\/activities\/private-sauna-trip\/","og_locale":"en_US","og_type":"article","og_title":"Private Sauna Trip","og_description":"Book an authentic and cozy lakeside sauna for your group\u2019s private use on the shores of Saimaa, just a short distance from Savonlinna city center.","og_url":"https:\/\/savonlinnatours.fi\/en\/activities\/private-sauna-trip\/","og_site_name":"Savonlinna Tours","article_modified_time":"2026-02-05T10:01:48+00:00","og_image":[{"width":1239,"height":853,"url":"https:\/\/savonlinnatours.fi\/wp-content\/uploads\/2025\/10\/Saunaretki-1.jpg","type":"image\/jpeg"}],"twitter_card":"summary_large_image","twitter_misc":{"Est. reading time":"2 minutes"},"schema":{"@context":"https:\/\/schema.org","@graph":[{"@type":"WebPage","@id":"https:\/\/savonlinnatours.fi\/en\/activities\/private-sauna-trip\/","url":"https:\/\/savonlinnatours.fi\/en\/activities\/private-sauna-trip\/","name":"Private Sauna Trip - Savonlinna Tours","isPartOf":{"@id":"https:\/\/savonlinnatours.fi\/en\/#website"},"primaryImageOfPage":{"@id":"https:\/\/savonlinnatours.fi\/en\/activities\/private-sauna-trip\/#primaryimage"},"image":{"@id":"https:\/\/savonlinnatours.fi\/en\/activities\/private-sauna-trip\/#primaryimage"},"thumbnailUrl":"https:\/\/savonlinnatours.fi\/wp-content\/uploads\/2025\/10\/Saunaretki-1.jpg","datePublished":"2025-10-08T11:22:33+00:00","dateModified":"2026-02-05T10:01:48+00:00","description":"Book an authentic and cozy lakeside sauna for your group\u2019s private use on the shores of Saimaa, just a short distance from Savonlinna city center.","breadcrumb":{"@id":"https:\/\/savonlinnatours.fi\/en\/activities\/private-sauna-trip\/#breadcrumb"},"inLanguage":"en-US","potentialAction":[{"@type":"ReadAction","target":["https:\/\/savonlinnatours.fi\/en\/activities\/private-sauna-trip\/"]}]},{"@type":"ImageObject","inLanguage":"en-US","@id":"https:\/\/savonlinnatours.fi\/en\/activities\/private-sauna-trip\/#primaryimage","url":"https:\/\/savonlinnatours.fi\/wp-content\/uploads\/2025\/10\/Saunaretki-1.jpg","contentUrl":"https:\/\/savonlinnatours.fi\/wp-content\/uploads\/2025\/10\/Saunaretki-1.jpg","width":1239,"height":853},{"@type":"BreadcrumbList","@id":"https:\/\/savonlinnatours.fi\/en\/activities\/private-sauna-trip\/#breadcrumb","itemListElement":[{"@type":"ListItem","position":1,"name":"Etusivu","item":"https:\/\/savonlinnatours.fi\/en\/"},{"@type":"ListItem","position":2,"name":"Activities","item":"https:\/\/savonlinnatours.fi\/en\/activities\/"},{"@type":"ListItem","position":3,"name":"Private Sauna Trip"}]},{"@type":"WebSite","@id":"https:\/\/savonlinnatours.fi\/en\/#website","url":"https:\/\/savonlinnatours.fi\/en\/","name":"Savonlinna Tours","description":"El\u00e4myksi\u00e4 Saimaan syd\u00e4mess\u00e4","publisher":{"@id":"https:\/\/savonlinnatours.fi\/en\/#organization"},"potentialAction":[{"@type":"SearchAction","target":{"@type":"EntryPoint","urlTemplate":"https:\/\/savonlinnatours.fi\/en\/?s={search_term_string}"},"query-input":{"@type":"PropertyValueSpecification","valueRequired":true,"valueName":"search_term_string"}}],"inLanguage":"en-US"},{"@type":"Organization","@id":"https:\/\/savonlinnatours.fi\/en\/#organization","name":"Savonlinna Tours","url":"https:\/\/savonlinnatours.fi\/en\/","logo":{"@type":"ImageObject","inLanguage":"en-US","@id":"https:\/\/savonlinnatours.fi\/en\/#\/schema\/logo\/image\/","url":"https:\/\/savonlinnatours.fi\/wp-content\/uploads\/2025\/09\/savonlinna_tours_black-nelio.svg","contentUrl":"https:\/\/savonlinnatours.fi\/wp-content\/uploads\/2025\/09\/savonlinna_tours_black-nelio.svg","width":1,"height":1,"caption":"Savonlinna Tours"},"image":{"@id":"https:\/\/savonlinnatours.fi\/en\/#\/schema\/logo\/image\/"}}]}},"_links":{"self":[{"href":"https:\/\/savonlinnatours.fi\/en\/wp-json\/wp\/v2\/pages\/403","targetHints":{"allow":["GET"]}}],"collection":[{"href":"https:\/\/savonlinnatours.fi\/en\/wp-json\/wp\/v2\/pages"}],"about":[{"href":"https:\/\/savonlinnatours.fi\/en\/wp-json\/wp\/v2\/types\/page"}],"author":[{"embeddable":true,"href":"https:\/\/savonlinnatours.fi\/en\/wp-json\/wp\/v2\/users\/1"}],"replies":[{"embeddable":true,"href":"https:\/\/savonlinnatours.fi\/en\/wp-json\/wp\/v2\/comments?post=403"}],"version-history":[{"count":2,"href":"https:\/\/savonlinnatours.fi\/en\/wp-json\/wp\/v2\/pages\/403\/revisions"}],"predecessor-version":[{"id":560,"href":"https:\/\/savonlinnatours.fi\/en\/wp-json\/wp\/v2\/pages\/403\/revisions\/560"}],"up":[{"embeddable":true,"href":"https:\/\/savonlinnatours.fi\/en\/wp-json\/wp\/v2\/pages\/374"}],"wp:featuredmedia":[{"embeddable":true,"href":"https:\/\/savonlinnatours.fi\/en\/wp-json\/wp\/v2\/media\/396"}],"wp:attachment":[{"href":"https:\/\/savonlinnatours.fi\/en\/wp-json\/wp\/v2\/media?parent=403"}],"curies":[{"name":"wp","href":"https:\/\/api.w.org\/{rel}","templated":true}]}}