{"id":400,"date":"2025-10-07T15:37:46","date_gmt":"2025-10-07T12:37:46","guid":{"rendered":"https:\/\/savonlinnatours.fi\/activities\/savonlinna-kerimaki-punkaharju\/"},"modified":"2025-11-11T14:42:36","modified_gmt":"2025-11-11T12:42:36","slug":"savonlinna-kerimaki-punkaharju","status":"publish","type":"page","link":"https:\/\/savonlinnatours.fi\/en\/activities\/savonlinna-kerimaki-punkaharju\/","title":{"rendered":"Savonlinna-Kerim\u00e4ki-Punkaharju"},"content":{"rendered":"\n<p>Departure from Savonlinna city center, from where we drive to Kerim\u00e4ki. In Kerim\u00e4ki, there is an opportunity to visit the famous Kerim\u00e4ki Church, the largest wooden church in the world. In the summer of 2026, the church will be undergoing a roof renovation, but the famous building can still be admired from the outside. From the church, we continue to Kerim\u00e4ki\u2019s idyllic Church Shore.<\/p>\n\n<p>From Kerim\u00e4ki, the journey continues to Punkaharju for lunch or coffee at the Mets\u00e4 Restaurant in Hotel Punkaharju. Hotel Punkaharju and the Mets\u00e4 Restaurant are run by the valued chef Ilkka L\u00e4\u00e4veri and Satu Helin, known for the Huono \u00c4iti brand. In addition to the Punkaharju restaurant, they also run the high-quality Le Ankka restaurant in Helsinki.<\/p>\n\n<p>After lunch, we drive along the famous Punkaharju Ridge Road, with a short stop offering the chance to admire the national landscape. The tour ends in Savonlinna city center.<\/p>\n\n<ul class=\"wp-block-list\">\n<li>Departures daily 9:30 AM and 14:00 PM. <\/li>\n\n\n\n<li>Bookings one day advance<\/li>\n\n\n\n<li>Duration: approx. 3 h<\/li>\n\n\n\n<li>Price: 89\u20ac\/adult, 69\u20ac\/child(under12v.). Lunch\/dining not included.<\/li>\n<\/ul>\n\n<figure class=\"wp-block-image size-large\"><img decoding=\"async\" width=\"1024\" height=\"449\" src=\"https:\/\/savonlinnatours.fi\/wp-content\/uploads\/2025\/10\/Kerimaki-punkaharju-2-1024x449.jpg\" alt=\"\" class=\"wp-image-289\" srcset=\"https:\/\/savonlinnatours.fi\/wp-content\/uploads\/2025\/10\/Kerimaki-punkaharju-2-1024x449.jpg 1024w, https:\/\/savonlinnatours.fi\/wp-content\/uploads\/2025\/10\/Kerimaki-punkaharju-2-300x132.jpg 300w, https:\/\/savonlinnatours.fi\/wp-content\/uploads\/2025\/10\/Kerimaki-punkaharju-2-768x337.jpg 768w, https:\/\/savonlinnatours.fi\/wp-content\/uploads\/2025\/10\/Kerimaki-punkaharju-2.jpg 1309w\" sizes=\"(max-width: 1024px) 100vw, 1024px\" \/><\/figure>\n\n<johku-widget id=\"savonlinnatours\/611a3e5e87645d71\" locale=\"fi_FI\"><\/johku-widget>\n","protected":false},"excerpt":{"rendered":"<p>Departures daily 9:30 AM and 14:00 PM. <br \/>Duration approximately 3 hours<\/p>\n","protected":false},"author":1,"featured_media":393,"parent":374,"menu_order":0,"comment_status":"closed","ping_status":"open","template":"","meta":{"footnotes":""},"class_list":["post-400","page","type-page","status-publish","has-post-thumbnail","hentry"],"yoast_head":"<!-- This site is optimized with the Yoast SEO Premium plugin v27.2 (Yoast SEO v27.2) - https:\/\/yoast.com\/product\/yoast-seo-premium-wordpress\/ -->\n<title>Savonlinna-Kerim\u00e4ki-Punkaharju - Savonlinna Tours<\/title>\n<meta name=\"description\" content=\"Explore Kerim\u00e4ki\u2019s world-famous wooden church and the national landscapes of Punkaharju. Enjoy lunch at the Mets\u00e4 Restaurant in Hotel Punkaharju.\" \/>\n<meta name=\"robots\" content=\"index, follow, max-snippet:-1, max-image-preview:large, max-video-preview:-1\" \/>\n<link rel=\"canonical\" href=\"https:\/\/savonlinnatours.fi\/en\/activities\/savonlinna-kerimaki-punkaharju\/\" \/>\n<meta property=\"og:locale\" content=\"en_US\" \/>\n<meta property=\"og:type\" content=\"article\" \/>\n<meta property=\"og:title\" content=\"Savonlinna-Kerim\u00e4ki-Punkaharju\" \/>\n<meta property=\"og:description\" content=\"Explore Kerim\u00e4ki\u2019s world-famous wooden church and the national landscapes of Punkaharju. Enjoy lunch at the Mets\u00e4 Restaurant in Hotel Punkaharju.\" \/>\n<meta property=\"og:url\" content=\"https:\/\/savonlinnatours.fi\/en\/activities\/savonlinna-kerimaki-punkaharju\/\" \/>\n<meta property=\"og:site_name\" content=\"Savonlinna Tours\" \/>\n<meta property=\"article:modified_time\" content=\"2025-11-11T12:42:36+00:00\" \/>\n<meta property=\"og:image\" content=\"https:\/\/savonlinnatours.fi\/wp-content\/uploads\/2025\/10\/Kerimaki-Punkaharju-1.jpg\" \/>\n\t<meta property=\"og:image:width\" content=\"1245\" \/>\n\t<meta property=\"og:image:height\" content=\"802\" \/>\n\t<meta property=\"og:image:type\" content=\"image\/jpeg\" \/>\n<meta name=\"twitter:card\" content=\"summary_large_image\" \/>\n<meta name=\"twitter:label1\" content=\"Est. reading time\" \/>\n\t<meta name=\"twitter:data1\" content=\"1 minute\" \/>\n<script type=\"application\/ld+json\" class=\"yoast-schema-graph\">{\"@context\":\"https:\/\/schema.org\",\"@graph\":[{\"@type\":\"WebPage\",\"@id\":\"https:\/\/savonlinnatours.fi\/en\/activities\/savonlinna-kerimaki-punkaharju\/\",\"url\":\"https:\/\/savonlinnatours.fi\/en\/activities\/savonlinna-kerimaki-punkaharju\/\",\"name\":\"Savonlinna-Kerim\u00e4ki-Punkaharju - Savonlinna Tours\",\"isPartOf\":{\"@id\":\"https:\/\/savonlinnatours.fi\/en\/#website\"},\"primaryImageOfPage\":{\"@id\":\"https:\/\/savonlinnatours.fi\/en\/activities\/savonlinna-kerimaki-punkaharju\/#primaryimage\"},\"image\":{\"@id\":\"https:\/\/savonlinnatours.fi\/en\/activities\/savonlinna-kerimaki-punkaharju\/#primaryimage\"},\"thumbnailUrl\":\"https:\/\/savonlinnatours.fi\/wp-content\/uploads\/2025\/10\/Kerimaki-Punkaharju-1.jpg\",\"datePublished\":\"2025-10-07T12:37:46+00:00\",\"dateModified\":\"2025-11-11T12:42:36+00:00\",\"description\":\"Explore Kerim\u00e4ki\u2019s world-famous wooden church and the national landscapes of Punkaharju. Enjoy lunch at the Mets\u00e4 Restaurant in Hotel Punkaharju.\",\"breadcrumb\":{\"@id\":\"https:\/\/savonlinnatours.fi\/en\/activities\/savonlinna-kerimaki-punkaharju\/#breadcrumb\"},\"inLanguage\":\"en-US\",\"potentialAction\":[{\"@type\":\"ReadAction\",\"target\":[\"https:\/\/savonlinnatours.fi\/en\/activities\/savonlinna-kerimaki-punkaharju\/\"]}]},{\"@type\":\"ImageObject\",\"inLanguage\":\"en-US\",\"@id\":\"https:\/\/savonlinnatours.fi\/en\/activities\/savonlinna-kerimaki-punkaharju\/#primaryimage\",\"url\":\"https:\/\/savonlinnatours.fi\/wp-content\/uploads\/2025\/10\/Kerimaki-Punkaharju-1.jpg\",\"contentUrl\":\"https:\/\/savonlinnatours.fi\/wp-content\/uploads\/2025\/10\/Kerimaki-Punkaharju-1.jpg\",\"width\":1245,\"height\":802},{\"@type\":\"BreadcrumbList\",\"@id\":\"https:\/\/savonlinnatours.fi\/en\/activities\/savonlinna-kerimaki-punkaharju\/#breadcrumb\",\"itemListElement\":[{\"@type\":\"ListItem\",\"position\":1,\"name\":\"Etusivu\",\"item\":\"https:\/\/savonlinnatours.fi\/en\/\"},{\"@type\":\"ListItem\",\"position\":2,\"name\":\"Activities\",\"item\":\"https:\/\/savonlinnatours.fi\/en\/activities\/\"},{\"@type\":\"ListItem\",\"position\":3,\"name\":\"Savonlinna-Kerim\u00e4ki-Punkaharju\"}]},{\"@type\":\"WebSite\",\"@id\":\"https:\/\/savonlinnatours.fi\/en\/#website\",\"url\":\"https:\/\/savonlinnatours.fi\/en\/\",\"name\":\"Savonlinna Tours\",\"description\":\"El\u00e4myksi\u00e4 Saimaan syd\u00e4mess\u00e4\",\"publisher\":{\"@id\":\"https:\/\/savonlinnatours.fi\/en\/#organization\"},\"potentialAction\":[{\"@type\":\"SearchAction\",\"target\":{\"@type\":\"EntryPoint\",\"urlTemplate\":\"https:\/\/savonlinnatours.fi\/en\/?s={search_term_string}\"},\"query-input\":{\"@type\":\"PropertyValueSpecification\",\"valueRequired\":true,\"valueName\":\"search_term_string\"}}],\"inLanguage\":\"en-US\"},{\"@type\":\"Organization\",\"@id\":\"https:\/\/savonlinnatours.fi\/en\/#organization\",\"name\":\"Savonlinna Tours\",\"url\":\"https:\/\/savonlinnatours.fi\/en\/\",\"logo\":{\"@type\":\"ImageObject\",\"inLanguage\":\"en-US\",\"@id\":\"https:\/\/savonlinnatours.fi\/en\/#\/schema\/logo\/image\/\",\"url\":\"https:\/\/savonlinnatours.fi\/wp-content\/uploads\/2025\/09\/savonlinna_tours_black-nelio.svg\",\"contentUrl\":\"https:\/\/savonlinnatours.fi\/wp-content\/uploads\/2025\/09\/savonlinna_tours_black-nelio.svg\",\"width\":1,\"height\":1,\"caption\":\"Savonlinna Tours\"},\"image\":{\"@id\":\"https:\/\/savonlinnatours.fi\/en\/#\/schema\/logo\/image\/\"}}]}<\/script>\n<!-- \/ Yoast SEO Premium plugin. -->","yoast_head_json":{"title":"Savonlinna-Kerim\u00e4ki-Punkaharju - Savonlinna Tours","description":"Explore Kerim\u00e4ki\u2019s world-famous wooden church and the national landscapes of Punkaharju. Enjoy lunch at the Mets\u00e4 Restaurant in Hotel Punkaharju.","robots":{"index":"index","follow":"follow","max-snippet":"max-snippet:-1","max-image-preview":"max-image-preview:large","max-video-preview":"max-video-preview:-1"},"canonical":"https:\/\/savonlinnatours.fi\/en\/activities\/savonlinna-kerimaki-punkaharju\/","og_locale":"en_US","og_type":"article","og_title":"Savonlinna-Kerim\u00e4ki-Punkaharju","og_description":"Explore Kerim\u00e4ki\u2019s world-famous wooden church and the national landscapes of Punkaharju. Enjoy lunch at the Mets\u00e4 Restaurant in Hotel Punkaharju.","og_url":"https:\/\/savonlinnatours.fi\/en\/activities\/savonlinna-kerimaki-punkaharju\/","og_site_name":"Savonlinna Tours","article_modified_time":"2025-11-11T12:42:36+00:00","og_image":[{"width":1245,"height":802,"url":"https:\/\/savonlinnatours.fi\/wp-content\/uploads\/2025\/10\/Kerimaki-Punkaharju-1.jpg","type":"image\/jpeg"}],"twitter_card":"summary_large_image","twitter_misc":{"Est. reading time":"1 minute"},"schema":{"@context":"https:\/\/schema.org","@graph":[{"@type":"WebPage","@id":"https:\/\/savonlinnatours.fi\/en\/activities\/savonlinna-kerimaki-punkaharju\/","url":"https:\/\/savonlinnatours.fi\/en\/activities\/savonlinna-kerimaki-punkaharju\/","name":"Savonlinna-Kerim\u00e4ki-Punkaharju - Savonlinna Tours","isPartOf":{"@id":"https:\/\/savonlinnatours.fi\/en\/#website"},"primaryImageOfPage":{"@id":"https:\/\/savonlinnatours.fi\/en\/activities\/savonlinna-kerimaki-punkaharju\/#primaryimage"},"image":{"@id":"https:\/\/savonlinnatours.fi\/en\/activities\/savonlinna-kerimaki-punkaharju\/#primaryimage"},"thumbnailUrl":"https:\/\/savonlinnatours.fi\/wp-content\/uploads\/2025\/10\/Kerimaki-Punkaharju-1.jpg","datePublished":"2025-10-07T12:37:46+00:00","dateModified":"2025-11-11T12:42:36+00:00","description":"Explore Kerim\u00e4ki\u2019s world-famous wooden church and the national landscapes of Punkaharju. Enjoy lunch at the Mets\u00e4 Restaurant in Hotel Punkaharju.","breadcrumb":{"@id":"https:\/\/savonlinnatours.fi\/en\/activities\/savonlinna-kerimaki-punkaharju\/#breadcrumb"},"inLanguage":"en-US","potentialAction":[{"@type":"ReadAction","target":["https:\/\/savonlinnatours.fi\/en\/activities\/savonlinna-kerimaki-punkaharju\/"]}]},{"@type":"ImageObject","inLanguage":"en-US","@id":"https:\/\/savonlinnatours.fi\/en\/activities\/savonlinna-kerimaki-punkaharju\/#primaryimage","url":"https:\/\/savonlinnatours.fi\/wp-content\/uploads\/2025\/10\/Kerimaki-Punkaharju-1.jpg","contentUrl":"https:\/\/savonlinnatours.fi\/wp-content\/uploads\/2025\/10\/Kerimaki-Punkaharju-1.jpg","width":1245,"height":802},{"@type":"BreadcrumbList","@id":"https:\/\/savonlinnatours.fi\/en\/activities\/savonlinna-kerimaki-punkaharju\/#breadcrumb","itemListElement":[{"@type":"ListItem","position":1,"name":"Etusivu","item":"https:\/\/savonlinnatours.fi\/en\/"},{"@type":"ListItem","position":2,"name":"Activities","item":"https:\/\/savonlinnatours.fi\/en\/activities\/"},{"@type":"ListItem","position":3,"name":"Savonlinna-Kerim\u00e4ki-Punkaharju"}]},{"@type":"WebSite","@id":"https:\/\/savonlinnatours.fi\/en\/#website","url":"https:\/\/savonlinnatours.fi\/en\/","name":"Savonlinna Tours","description":"El\u00e4myksi\u00e4 Saimaan syd\u00e4mess\u00e4","publisher":{"@id":"https:\/\/savonlinnatours.fi\/en\/#organization"},"potentialAction":[{"@type":"SearchAction","target":{"@type":"EntryPoint","urlTemplate":"https:\/\/savonlinnatours.fi\/en\/?s={search_term_string}"},"query-input":{"@type":"PropertyValueSpecification","valueRequired":true,"valueName":"search_term_string"}}],"inLanguage":"en-US"},{"@type":"Organization","@id":"https:\/\/savonlinnatours.fi\/en\/#organization","name":"Savonlinna Tours","url":"https:\/\/savonlinnatours.fi\/en\/","logo":{"@type":"ImageObject","inLanguage":"en-US","@id":"https:\/\/savonlinnatours.fi\/en\/#\/schema\/logo\/image\/","url":"https:\/\/savonlinnatours.fi\/wp-content\/uploads\/2025\/09\/savonlinna_tours_black-nelio.svg","contentUrl":"https:\/\/savonlinnatours.fi\/wp-content\/uploads\/2025\/09\/savonlinna_tours_black-nelio.svg","width":1,"height":1,"caption":"Savonlinna Tours"},"image":{"@id":"https:\/\/savonlinnatours.fi\/en\/#\/schema\/logo\/image\/"}}]}},"_links":{"self":[{"href":"https:\/\/savonlinnatours.fi\/en\/wp-json\/wp\/v2\/pages\/400","targetHints":{"allow":["GET"]}}],"collection":[{"href":"https:\/\/savonlinnatours.fi\/en\/wp-json\/wp\/v2\/pages"}],"about":[{"href":"https:\/\/savonlinnatours.fi\/en\/wp-json\/wp\/v2\/types\/page"}],"author":[{"embeddable":true,"href":"https:\/\/savonlinnatours.fi\/en\/wp-json\/wp\/v2\/users\/1"}],"replies":[{"embeddable":true,"href":"https:\/\/savonlinnatours.fi\/en\/wp-json\/wp\/v2\/comments?post=400"}],"version-history":[{"count":1,"href":"https:\/\/savonlinnatours.fi\/en\/wp-json\/wp\/v2\/pages\/400\/revisions"}],"predecessor-version":[{"id":402,"href":"https:\/\/savonlinnatours.fi\/en\/wp-json\/wp\/v2\/pages\/400\/revisions\/402"}],"up":[{"embeddable":true,"href":"https:\/\/savonlinnatours.fi\/en\/wp-json\/wp\/v2\/pages\/374"}],"wp:featuredmedia":[{"embeddable":true,"href":"https:\/\/savonlinnatours.fi\/en\/wp-json\/wp\/v2\/media\/393"}],"wp:attachment":[{"href":"https:\/\/savonlinnatours.fi\/en\/wp-json\/wp\/v2\/media?parent=400"}],"curies":[{"name":"wp","href":"https:\/\/api.w.org\/{rel}","templated":true}]}}