{"id":392,"date":"2025-10-08T14:01:38","date_gmt":"2025-10-08T11:01:38","guid":{"rendered":"https:\/\/savonlinnatours.fi\/activities\/punkaharju-cultural-tour\/"},"modified":"2025-11-12T08:28:54","modified_gmt":"2025-11-12T06:28:54","slug":"punkaharju-cultural-tour","status":"publish","type":"page","link":"https:\/\/savonlinnatours.fi\/en\/activities\/punkaharju-cultural-tour\/","title":{"rendered":"Punkaharju Cultural Tour"},"content":{"rendered":"\n<p>Punkaharju is one of Finland&#8217;s most famous landscapes and is also home to valuable art destinations. On the tour, you will get to explore not only the ridge landscapes of Punkaharju but also the stunning Johanna Oras Art Manor and the Asema Art Pier. During the trip, there is an opportunity to have lunch at the Mets\u00e4 Restaurant in Hotel Punkaharju.<\/p>\n\n<p>Departure from Savonlinna city center, from where we drive to Punkaharju and the Johanna Oras Art Manor. At the summer studio located in the manor\u2019s courtyard, there is an opportunity to observe the artist at work. At the art exhibition, you can explore the works of Johanna Oras. After visiting the Art Manor, we continue to the Punkaharju ridge area, where we will visit the Asema Art Pier. The Asema Art Pier is a high-quality and diverse art exhibition housed in an old station building. At the Art Pier, the beautiful architecture of the old train station, the artworks, and a warm sense of community come together. In 2026, the Asema Art Pier will celebrate its 10th anniversary.<\/p>\n\n<p>The journey continues to the Mets\u00e4 Restaurant at Hotel Punkaharju for lunch or coffee. Hotel Punkaharju and the Mets\u00e4 Restaurant are run by the valued chef Ilkka L\u00e4\u00e4veri and Satu Helin, known for the Huono \u00c4iti brand. In addition to the Punkaharju restaurant, they also run the high-quality Le Ankka restaurant in Helsinki.<\/p>\n\n<p>After lunch, we drive along the famous Punkaharju Ridge Road, with a short stop offering the chance to admire the national landscape. The tour ends in Savonlinna city center.<\/p>\n\n<p>The Punkaharju Cultural Tour is also well suited as an activity for a rainy day.<\/p>\n\n<ul class=\"wp-block-list\">\n<li>Departures daily 9:30 AM and 14:00 PM. <\/li>\n\n\n\n<li>Bookings one day advance<\/li>\n\n\n\n<li>Duration: approx. 3h<\/li>\n\n\n\n<li>Price: 75\u20ac\/person (lunch\/dining not included)<\/li>\n<\/ul>\n\n<figure class=\"wp-block-image size-large\"><img decoding=\"async\" width=\"1024\" height=\"616\" src=\"https:\/\/savonlinnatours.fi\/wp-content\/uploads\/2025\/10\/Punkaharjun-Kulttuurikierros-1-1024x616.jpg\" alt=\"\" class=\"wp-image-293\" srcset=\"https:\/\/savonlinnatours.fi\/wp-content\/uploads\/2025\/10\/Punkaharjun-Kulttuurikierros-1-1024x616.jpg 1024w, https:\/\/savonlinnatours.fi\/wp-content\/uploads\/2025\/10\/Punkaharjun-Kulttuurikierros-1-300x180.jpg 300w, https:\/\/savonlinnatours.fi\/wp-content\/uploads\/2025\/10\/Punkaharjun-Kulttuurikierros-1-768x462.jpg 768w, https:\/\/savonlinnatours.fi\/wp-content\/uploads\/2025\/10\/Punkaharjun-Kulttuurikierros-1.jpg 1282w\" sizes=\"(max-width: 1024px) 100vw, 1024px\" \/><\/figure>\n\n<johku-widget id=\"savonlinnatours\/a447c596d5e8c65d\" locale=\"fi_FI\"><\/johku-widget>\n","protected":false},"excerpt":{"rendered":"<p>Departures daily 9:30 AM and 14:00 PM. <br \/>Duration approximately 3 hours<\/p>\n","protected":false},"author":1,"featured_media":373,"parent":374,"menu_order":0,"comment_status":"closed","ping_status":"open","template":"","meta":{"footnotes":""},"class_list":["post-392","page","type-page","status-publish","has-post-thumbnail","hentry"],"yoast_head":"<!-- This site is optimized with the Yoast SEO Premium plugin v27.2 (Yoast SEO v27.2) - https:\/\/yoast.com\/product\/yoast-seo-premium-wordpress\/ -->\n<title>Punkaharju Cultural Tour - Savonlinna Tours<\/title>\n<meta name=\"description\" content=\"Explore the art and national landscapes of Punkaharju! On the tour, you will visit the Johanna Oras Art Manor, the Art Pier, and Hotel Punkaharju.\" \/>\n<meta name=\"robots\" content=\"index, follow, max-snippet:-1, max-image-preview:large, max-video-preview:-1\" \/>\n<link rel=\"canonical\" href=\"https:\/\/savonlinnatours.fi\/en\/activities\/punkaharju-cultural-tour\/\" \/>\n<meta property=\"og:locale\" content=\"en_US\" \/>\n<meta property=\"og:type\" content=\"article\" \/>\n<meta property=\"og:title\" content=\"Punkaharju Cultural Tour\" \/>\n<meta property=\"og:description\" content=\"Explore the art and national landscapes of Punkaharju! On the tour, you will visit the Johanna Oras Art Manor, the Art Pier, and Hotel Punkaharju.\" \/>\n<meta property=\"og:url\" content=\"https:\/\/savonlinnatours.fi\/en\/activities\/punkaharju-cultural-tour\/\" \/>\n<meta property=\"og:site_name\" content=\"Savonlinna Tours\" \/>\n<meta property=\"article:modified_time\" content=\"2025-11-12T06:28:54+00:00\" \/>\n<meta property=\"og:image\" content=\"https:\/\/savonlinnatours.fi\/wp-content\/uploads\/2025\/10\/Punkaharjun-Kultuurikierros-2.jpg\" \/>\n\t<meta property=\"og:image:width\" content=\"1555\" \/>\n\t<meta property=\"og:image:height\" content=\"808\" \/>\n\t<meta property=\"og:image:type\" content=\"image\/jpeg\" \/>\n<meta name=\"twitter:card\" content=\"summary_large_image\" \/>\n<meta name=\"twitter:label1\" content=\"Est. reading time\" \/>\n\t<meta name=\"twitter:data1\" content=\"1 minute\" \/>\n<script type=\"application\/ld+json\" class=\"yoast-schema-graph\">{\"@context\":\"https:\/\/schema.org\",\"@graph\":[{\"@type\":\"WebPage\",\"@id\":\"https:\/\/savonlinnatours.fi\/en\/activities\/punkaharju-cultural-tour\/\",\"url\":\"https:\/\/savonlinnatours.fi\/en\/activities\/punkaharju-cultural-tour\/\",\"name\":\"Punkaharju Cultural Tour - Savonlinna Tours\",\"isPartOf\":{\"@id\":\"https:\/\/savonlinnatours.fi\/en\/#website\"},\"primaryImageOfPage\":{\"@id\":\"https:\/\/savonlinnatours.fi\/en\/activities\/punkaharju-cultural-tour\/#primaryimage\"},\"image\":{\"@id\":\"https:\/\/savonlinnatours.fi\/en\/activities\/punkaharju-cultural-tour\/#primaryimage\"},\"thumbnailUrl\":\"https:\/\/savonlinnatours.fi\/wp-content\/uploads\/2025\/10\/Punkaharjun-Kultuurikierros-2.jpg\",\"datePublished\":\"2025-10-08T11:01:38+00:00\",\"dateModified\":\"2025-11-12T06:28:54+00:00\",\"description\":\"Explore the art and national landscapes of Punkaharju! On the tour, you will visit the Johanna Oras Art Manor, the Art Pier, and Hotel Punkaharju.\",\"breadcrumb\":{\"@id\":\"https:\/\/savonlinnatours.fi\/en\/activities\/punkaharju-cultural-tour\/#breadcrumb\"},\"inLanguage\":\"en-US\",\"potentialAction\":[{\"@type\":\"ReadAction\",\"target\":[\"https:\/\/savonlinnatours.fi\/en\/activities\/punkaharju-cultural-tour\/\"]}]},{\"@type\":\"ImageObject\",\"inLanguage\":\"en-US\",\"@id\":\"https:\/\/savonlinnatours.fi\/en\/activities\/punkaharju-cultural-tour\/#primaryimage\",\"url\":\"https:\/\/savonlinnatours.fi\/wp-content\/uploads\/2025\/10\/Punkaharjun-Kultuurikierros-2.jpg\",\"contentUrl\":\"https:\/\/savonlinnatours.fi\/wp-content\/uploads\/2025\/10\/Punkaharjun-Kultuurikierros-2.jpg\",\"width\":1555,\"height\":808},{\"@type\":\"BreadcrumbList\",\"@id\":\"https:\/\/savonlinnatours.fi\/en\/activities\/punkaharju-cultural-tour\/#breadcrumb\",\"itemListElement\":[{\"@type\":\"ListItem\",\"position\":1,\"name\":\"Etusivu\",\"item\":\"https:\/\/savonlinnatours.fi\/en\/\"},{\"@type\":\"ListItem\",\"position\":2,\"name\":\"Activities\",\"item\":\"https:\/\/savonlinnatours.fi\/en\/activities\/\"},{\"@type\":\"ListItem\",\"position\":3,\"name\":\"Punkaharju Cultural Tour\"}]},{\"@type\":\"WebSite\",\"@id\":\"https:\/\/savonlinnatours.fi\/en\/#website\",\"url\":\"https:\/\/savonlinnatours.fi\/en\/\",\"name\":\"Savonlinna Tours\",\"description\":\"El\u00e4myksi\u00e4 Saimaan syd\u00e4mess\u00e4\",\"publisher\":{\"@id\":\"https:\/\/savonlinnatours.fi\/en\/#organization\"},\"potentialAction\":[{\"@type\":\"SearchAction\",\"target\":{\"@type\":\"EntryPoint\",\"urlTemplate\":\"https:\/\/savonlinnatours.fi\/en\/?s={search_term_string}\"},\"query-input\":{\"@type\":\"PropertyValueSpecification\",\"valueRequired\":true,\"valueName\":\"search_term_string\"}}],\"inLanguage\":\"en-US\"},{\"@type\":\"Organization\",\"@id\":\"https:\/\/savonlinnatours.fi\/en\/#organization\",\"name\":\"Savonlinna Tours\",\"url\":\"https:\/\/savonlinnatours.fi\/en\/\",\"logo\":{\"@type\":\"ImageObject\",\"inLanguage\":\"en-US\",\"@id\":\"https:\/\/savonlinnatours.fi\/en\/#\/schema\/logo\/image\/\",\"url\":\"https:\/\/savonlinnatours.fi\/wp-content\/uploads\/2025\/09\/savonlinna_tours_black-nelio.svg\",\"contentUrl\":\"https:\/\/savonlinnatours.fi\/wp-content\/uploads\/2025\/09\/savonlinna_tours_black-nelio.svg\",\"width\":1,\"height\":1,\"caption\":\"Savonlinna Tours\"},\"image\":{\"@id\":\"https:\/\/savonlinnatours.fi\/en\/#\/schema\/logo\/image\/\"}}]}<\/script>\n<!-- \/ Yoast SEO Premium plugin. -->","yoast_head_json":{"title":"Punkaharju Cultural Tour - Savonlinna Tours","description":"Explore the art and national landscapes of Punkaharju! On the tour, you will visit the Johanna Oras Art Manor, the Art Pier, and Hotel Punkaharju.","robots":{"index":"index","follow":"follow","max-snippet":"max-snippet:-1","max-image-preview":"max-image-preview:large","max-video-preview":"max-video-preview:-1"},"canonical":"https:\/\/savonlinnatours.fi\/en\/activities\/punkaharju-cultural-tour\/","og_locale":"en_US","og_type":"article","og_title":"Punkaharju Cultural Tour","og_description":"Explore the art and national landscapes of Punkaharju! On the tour, you will visit the Johanna Oras Art Manor, the Art Pier, and Hotel Punkaharju.","og_url":"https:\/\/savonlinnatours.fi\/en\/activities\/punkaharju-cultural-tour\/","og_site_name":"Savonlinna Tours","article_modified_time":"2025-11-12T06:28:54+00:00","og_image":[{"width":1555,"height":808,"url":"https:\/\/savonlinnatours.fi\/wp-content\/uploads\/2025\/10\/Punkaharjun-Kultuurikierros-2.jpg","type":"image\/jpeg"}],"twitter_card":"summary_large_image","twitter_misc":{"Est. reading time":"1 minute"},"schema":{"@context":"https:\/\/schema.org","@graph":[{"@type":"WebPage","@id":"https:\/\/savonlinnatours.fi\/en\/activities\/punkaharju-cultural-tour\/","url":"https:\/\/savonlinnatours.fi\/en\/activities\/punkaharju-cultural-tour\/","name":"Punkaharju Cultural Tour - Savonlinna Tours","isPartOf":{"@id":"https:\/\/savonlinnatours.fi\/en\/#website"},"primaryImageOfPage":{"@id":"https:\/\/savonlinnatours.fi\/en\/activities\/punkaharju-cultural-tour\/#primaryimage"},"image":{"@id":"https:\/\/savonlinnatours.fi\/en\/activities\/punkaharju-cultural-tour\/#primaryimage"},"thumbnailUrl":"https:\/\/savonlinnatours.fi\/wp-content\/uploads\/2025\/10\/Punkaharjun-Kultuurikierros-2.jpg","datePublished":"2025-10-08T11:01:38+00:00","dateModified":"2025-11-12T06:28:54+00:00","description":"Explore the art and national landscapes of Punkaharju! On the tour, you will visit the Johanna Oras Art Manor, the Art Pier, and Hotel Punkaharju.","breadcrumb":{"@id":"https:\/\/savonlinnatours.fi\/en\/activities\/punkaharju-cultural-tour\/#breadcrumb"},"inLanguage":"en-US","potentialAction":[{"@type":"ReadAction","target":["https:\/\/savonlinnatours.fi\/en\/activities\/punkaharju-cultural-tour\/"]}]},{"@type":"ImageObject","inLanguage":"en-US","@id":"https:\/\/savonlinnatours.fi\/en\/activities\/punkaharju-cultural-tour\/#primaryimage","url":"https:\/\/savonlinnatours.fi\/wp-content\/uploads\/2025\/10\/Punkaharjun-Kultuurikierros-2.jpg","contentUrl":"https:\/\/savonlinnatours.fi\/wp-content\/uploads\/2025\/10\/Punkaharjun-Kultuurikierros-2.jpg","width":1555,"height":808},{"@type":"BreadcrumbList","@id":"https:\/\/savonlinnatours.fi\/en\/activities\/punkaharju-cultural-tour\/#breadcrumb","itemListElement":[{"@type":"ListItem","position":1,"name":"Etusivu","item":"https:\/\/savonlinnatours.fi\/en\/"},{"@type":"ListItem","position":2,"name":"Activities","item":"https:\/\/savonlinnatours.fi\/en\/activities\/"},{"@type":"ListItem","position":3,"name":"Punkaharju Cultural Tour"}]},{"@type":"WebSite","@id":"https:\/\/savonlinnatours.fi\/en\/#website","url":"https:\/\/savonlinnatours.fi\/en\/","name":"Savonlinna Tours","description":"El\u00e4myksi\u00e4 Saimaan syd\u00e4mess\u00e4","publisher":{"@id":"https:\/\/savonlinnatours.fi\/en\/#organization"},"potentialAction":[{"@type":"SearchAction","target":{"@type":"EntryPoint","urlTemplate":"https:\/\/savonlinnatours.fi\/en\/?s={search_term_string}"},"query-input":{"@type":"PropertyValueSpecification","valueRequired":true,"valueName":"search_term_string"}}],"inLanguage":"en-US"},{"@type":"Organization","@id":"https:\/\/savonlinnatours.fi\/en\/#organization","name":"Savonlinna Tours","url":"https:\/\/savonlinnatours.fi\/en\/","logo":{"@type":"ImageObject","inLanguage":"en-US","@id":"https:\/\/savonlinnatours.fi\/en\/#\/schema\/logo\/image\/","url":"https:\/\/savonlinnatours.fi\/wp-content\/uploads\/2025\/09\/savonlinna_tours_black-nelio.svg","contentUrl":"https:\/\/savonlinnatours.fi\/wp-content\/uploads\/2025\/09\/savonlinna_tours_black-nelio.svg","width":1,"height":1,"caption":"Savonlinna Tours"},"image":{"@id":"https:\/\/savonlinnatours.fi\/en\/#\/schema\/logo\/image\/"}}]}},"_links":{"self":[{"href":"https:\/\/savonlinnatours.fi\/en\/wp-json\/wp\/v2\/pages\/392","targetHints":{"allow":["GET"]}}],"collection":[{"href":"https:\/\/savonlinnatours.fi\/en\/wp-json\/wp\/v2\/pages"}],"about":[{"href":"https:\/\/savonlinnatours.fi\/en\/wp-json\/wp\/v2\/types\/page"}],"author":[{"embeddable":true,"href":"https:\/\/savonlinnatours.fi\/en\/wp-json\/wp\/v2\/users\/1"}],"replies":[{"embeddable":true,"href":"https:\/\/savonlinnatours.fi\/en\/wp-json\/wp\/v2\/comments?post=392"}],"version-history":[{"count":3,"href":"https:\/\/savonlinnatours.fi\/en\/wp-json\/wp\/v2\/pages\/392\/revisions"}],"predecessor-version":[{"id":488,"href":"https:\/\/savonlinnatours.fi\/en\/wp-json\/wp\/v2\/pages\/392\/revisions\/488"}],"up":[{"embeddable":true,"href":"https:\/\/savonlinnatours.fi\/en\/wp-json\/wp\/v2\/pages\/374"}],"wp:featuredmedia":[{"embeddable":true,"href":"https:\/\/savonlinnatours.fi\/en\/wp-json\/wp\/v2\/media\/373"}],"wp:attachment":[{"href":"https:\/\/savonlinnatours.fi\/en\/wp-json\/wp\/v2\/media?parent=392"}],"curies":[{"name":"wp","href":"https:\/\/api.w.org\/{rel}","templated":true}]}}