{"id":390,"date":"2025-10-08T14:16:13","date_gmt":"2025-10-08T11:16:13","guid":{"rendered":"https:\/\/savonlinnatours.fi\/activities\/a-day-at-jarvisydan-with-the-option-to-visit-lake-spa\/"},"modified":"2026-02-05T11:59:24","modified_gmt":"2026-02-05T09:59:24","slug":"a-day-at-jarvisydan-with-the-option-to-visit-lake-spa","status":"publish","type":"page","link":"https:\/\/savonlinnatours.fi\/en\/activities\/a-day-at-jarvisydan-with-the-option-to-visit-lake-spa\/","title":{"rendered":"A Day at J\u00e4rvisyd\u00e4n, with the option to Visit Lake Spa"},"content":{"rendered":"\n<p>J\u00e4rvisyd\u00e4n is a versatile tourism center in Rantasalmi offering spa, nature experience, and accommodation services. J\u00e4rvisyd\u00e4n is located on the shore of Lake Saimaa, in the immediate vicinity of Linnansaari National Park. Nature Hotel &amp; Spa Resort J\u00e4rvisyd\u00e4n was chosen as the domestic travel destination of the year 2020.<\/p>\n\n\n\n<p>Departure from Savonlinna city center, from where we drive to J\u00e4rvisyd\u00e4n resort in Rantasalmi. At J\u00e4rvisyd\u00e4n, there&#8217;s an opportunity to visit the Lake Spa. A wide range of other activities are also available, such as stand-up paddleboarding or kayaking. The J\u00e4rvisyd\u00e4n area also has high-quality restaurants. Return from J\u00e4rvisyd\u00e4n to Savonlinna city center at approx. 4:00 PM.<\/p>\n\n\n\n<p>This trip is well-suited for couples and families.<\/p>\n\n\n\n<p>It also works well as a rainy day activity.<\/p>\n\n\n\n<ul class=\"wp-block-list\">\n<li>Departures daily at 9:30 AM. <\/li>\n\n\n\n<li>Bookings one day advance<\/li>\n\n\n\n<li>Duration: approx. 6h<\/li>\n\n\n\n<li>Hinta: 99\u20ac\/aikuinen, 59\u20ac\/lapsi (alle 12v.). The price includes transportation between J\u00e4rvisyd\u00e4n and Savonlinna, but does not include spa tickets, activities, or lunch\/meals.<\/li>\n<\/ul>\n\n\n\n<figure class=\"wp-block-image size-large\"><img decoding=\"async\" width=\"1024\" height=\"657\" src=\"https:\/\/savonlinnatours.fi\/wp-content\/uploads\/2025\/10\/Jarvisydan-2-1024x657.jpg\" alt=\"\" class=\"wp-image-287\" srcset=\"https:\/\/savonlinnatours.fi\/wp-content\/uploads\/2025\/10\/Jarvisydan-2-1024x657.jpg 1024w, https:\/\/savonlinnatours.fi\/wp-content\/uploads\/2025\/10\/Jarvisydan-2-300x193.jpg 300w, https:\/\/savonlinnatours.fi\/wp-content\/uploads\/2025\/10\/Jarvisydan-2-768x493.jpg 768w, https:\/\/savonlinnatours.fi\/wp-content\/uploads\/2025\/10\/Jarvisydan-2.jpg 1147w\" sizes=\"(max-width: 1024px) 100vw, 1024px\" \/><\/figure>\n\n\n\n<johku-widget id=\"savonlinnatours\/6501338fb78acef6\" locale=\"fi_FI\"><\/johku-widget>\n","protected":false},"excerpt":{"rendered":"<p>Departures daily at 9:30 AM<br \/>Duration about 6h<\/p>\n","protected":false},"author":1,"featured_media":386,"parent":374,"menu_order":0,"comment_status":"closed","ping_status":"open","template":"","meta":{"footnotes":""},"class_list":["post-390","page","type-page","status-publish","has-post-thumbnail","hentry"],"yoast_head":"<!-- This site is optimized with the Yoast SEO Premium plugin v27.2 (Yoast SEO v27.2) - https:\/\/yoast.com\/product\/yoast-seo-premium-wordpress\/ -->\n<title>A Day at J\u00e4rvisyd\u00e4n, with the option to Visit Lake Spa - Savonlinna Tours<\/title>\n<meta name=\"description\" content=\"Transportation from Savonlinna city center to J\u00e4rvisyd\u00e4n resort in Rantasalmi. Opportunity to visit the LakeSpa or go paddleboarding or kayaking.\" \/>\n<meta name=\"robots\" content=\"index, follow, max-snippet:-1, max-image-preview:large, max-video-preview:-1\" \/>\n<link rel=\"canonical\" href=\"https:\/\/savonlinnatours.fi\/en\/activities\/a-day-at-jarvisydan-with-the-option-to-visit-lake-spa\/\" \/>\n<meta property=\"og:locale\" content=\"en_US\" \/>\n<meta property=\"og:type\" content=\"article\" \/>\n<meta property=\"og:title\" content=\"A Day at J\u00e4rvisyd\u00e4n, with the option to Visit Lake Spa\" \/>\n<meta property=\"og:description\" content=\"Transportation from Savonlinna city center to J\u00e4rvisyd\u00e4n resort in Rantasalmi. Opportunity to visit the LakeSpa or go paddleboarding or kayaking.\" \/>\n<meta property=\"og:url\" content=\"https:\/\/savonlinnatours.fi\/en\/activities\/a-day-at-jarvisydan-with-the-option-to-visit-lake-spa\/\" \/>\n<meta property=\"og:site_name\" content=\"Savonlinna Tours\" \/>\n<meta property=\"article:modified_time\" content=\"2026-02-05T09:59:24+00:00\" \/>\n<meta property=\"og:image\" content=\"https:\/\/savonlinnatours.fi\/wp-content\/uploads\/2025\/10\/Jarvisydan-kylpyla.jpg\" \/>\n\t<meta property=\"og:image:width\" content=\"1263\" \/>\n\t<meta property=\"og:image:height\" content=\"766\" \/>\n\t<meta property=\"og:image:type\" content=\"image\/jpeg\" \/>\n<meta name=\"twitter:card\" content=\"summary_large_image\" \/>\n<meta name=\"twitter:label1\" content=\"Est. reading time\" \/>\n\t<meta name=\"twitter:data1\" content=\"2 minutes\" \/>\n<script type=\"application\/ld+json\" class=\"yoast-schema-graph\">{\"@context\":\"https:\/\/schema.org\",\"@graph\":[{\"@type\":\"WebPage\",\"@id\":\"https:\/\/savonlinnatours.fi\/en\/activities\/a-day-at-jarvisydan-with-the-option-to-visit-lake-spa\/\",\"url\":\"https:\/\/savonlinnatours.fi\/en\/activities\/a-day-at-jarvisydan-with-the-option-to-visit-lake-spa\/\",\"name\":\"A Day at J\u00e4rvisyd\u00e4n, with the option to Visit Lake Spa - Savonlinna Tours\",\"isPartOf\":{\"@id\":\"https:\/\/savonlinnatours.fi\/en\/#website\"},\"primaryImageOfPage\":{\"@id\":\"https:\/\/savonlinnatours.fi\/en\/activities\/a-day-at-jarvisydan-with-the-option-to-visit-lake-spa\/#primaryimage\"},\"image\":{\"@id\":\"https:\/\/savonlinnatours.fi\/en\/activities\/a-day-at-jarvisydan-with-the-option-to-visit-lake-spa\/#primaryimage\"},\"thumbnailUrl\":\"https:\/\/savonlinnatours.fi\/wp-content\/uploads\/2025\/10\/Jarvisydan-kylpyla.jpg\",\"datePublished\":\"2025-10-08T11:16:13+00:00\",\"dateModified\":\"2026-02-05T09:59:24+00:00\",\"description\":\"Transportation from Savonlinna city center to J\u00e4rvisyd\u00e4n resort in Rantasalmi. Opportunity to visit the LakeSpa or go paddleboarding or kayaking.\",\"breadcrumb\":{\"@id\":\"https:\/\/savonlinnatours.fi\/en\/activities\/a-day-at-jarvisydan-with-the-option-to-visit-lake-spa\/#breadcrumb\"},\"inLanguage\":\"en-US\",\"potentialAction\":[{\"@type\":\"ReadAction\",\"target\":[\"https:\/\/savonlinnatours.fi\/en\/activities\/a-day-at-jarvisydan-with-the-option-to-visit-lake-spa\/\"]}]},{\"@type\":\"ImageObject\",\"inLanguage\":\"en-US\",\"@id\":\"https:\/\/savonlinnatours.fi\/en\/activities\/a-day-at-jarvisydan-with-the-option-to-visit-lake-spa\/#primaryimage\",\"url\":\"https:\/\/savonlinnatours.fi\/wp-content\/uploads\/2025\/10\/Jarvisydan-kylpyla.jpg\",\"contentUrl\":\"https:\/\/savonlinnatours.fi\/wp-content\/uploads\/2025\/10\/Jarvisydan-kylpyla.jpg\",\"width\":1263,\"height\":766},{\"@type\":\"BreadcrumbList\",\"@id\":\"https:\/\/savonlinnatours.fi\/en\/activities\/a-day-at-jarvisydan-with-the-option-to-visit-lake-spa\/#breadcrumb\",\"itemListElement\":[{\"@type\":\"ListItem\",\"position\":1,\"name\":\"Etusivu\",\"item\":\"https:\/\/savonlinnatours.fi\/en\/\"},{\"@type\":\"ListItem\",\"position\":2,\"name\":\"Activities\",\"item\":\"https:\/\/savonlinnatours.fi\/en\/activities\/\"},{\"@type\":\"ListItem\",\"position\":3,\"name\":\"A Day at J\u00e4rvisyd\u00e4n, with the option to Visit Lake Spa\"}]},{\"@type\":\"WebSite\",\"@id\":\"https:\/\/savonlinnatours.fi\/en\/#website\",\"url\":\"https:\/\/savonlinnatours.fi\/en\/\",\"name\":\"Savonlinna Tours\",\"description\":\"El\u00e4myksi\u00e4 Saimaan syd\u00e4mess\u00e4\",\"publisher\":{\"@id\":\"https:\/\/savonlinnatours.fi\/en\/#organization\"},\"potentialAction\":[{\"@type\":\"SearchAction\",\"target\":{\"@type\":\"EntryPoint\",\"urlTemplate\":\"https:\/\/savonlinnatours.fi\/en\/?s={search_term_string}\"},\"query-input\":{\"@type\":\"PropertyValueSpecification\",\"valueRequired\":true,\"valueName\":\"search_term_string\"}}],\"inLanguage\":\"en-US\"},{\"@type\":\"Organization\",\"@id\":\"https:\/\/savonlinnatours.fi\/en\/#organization\",\"name\":\"Savonlinna Tours\",\"url\":\"https:\/\/savonlinnatours.fi\/en\/\",\"logo\":{\"@type\":\"ImageObject\",\"inLanguage\":\"en-US\",\"@id\":\"https:\/\/savonlinnatours.fi\/en\/#\/schema\/logo\/image\/\",\"url\":\"https:\/\/savonlinnatours.fi\/wp-content\/uploads\/2025\/09\/savonlinna_tours_black-nelio.svg\",\"contentUrl\":\"https:\/\/savonlinnatours.fi\/wp-content\/uploads\/2025\/09\/savonlinna_tours_black-nelio.svg\",\"width\":1,\"height\":1,\"caption\":\"Savonlinna Tours\"},\"image\":{\"@id\":\"https:\/\/savonlinnatours.fi\/en\/#\/schema\/logo\/image\/\"}}]}<\/script>\n<!-- \/ Yoast SEO Premium plugin. -->","yoast_head_json":{"title":"A Day at J\u00e4rvisyd\u00e4n, with the option to Visit Lake Spa - Savonlinna Tours","description":"Transportation from Savonlinna city center to J\u00e4rvisyd\u00e4n resort in Rantasalmi. Opportunity to visit the LakeSpa or go paddleboarding or kayaking.","robots":{"index":"index","follow":"follow","max-snippet":"max-snippet:-1","max-image-preview":"max-image-preview:large","max-video-preview":"max-video-preview:-1"},"canonical":"https:\/\/savonlinnatours.fi\/en\/activities\/a-day-at-jarvisydan-with-the-option-to-visit-lake-spa\/","og_locale":"en_US","og_type":"article","og_title":"A Day at J\u00e4rvisyd\u00e4n, with the option to Visit Lake Spa","og_description":"Transportation from Savonlinna city center to J\u00e4rvisyd\u00e4n resort in Rantasalmi. Opportunity to visit the LakeSpa or go paddleboarding or kayaking.","og_url":"https:\/\/savonlinnatours.fi\/en\/activities\/a-day-at-jarvisydan-with-the-option-to-visit-lake-spa\/","og_site_name":"Savonlinna Tours","article_modified_time":"2026-02-05T09:59:24+00:00","og_image":[{"width":1263,"height":766,"url":"https:\/\/savonlinnatours.fi\/wp-content\/uploads\/2025\/10\/Jarvisydan-kylpyla.jpg","type":"image\/jpeg"}],"twitter_card":"summary_large_image","twitter_misc":{"Est. reading time":"2 minutes"},"schema":{"@context":"https:\/\/schema.org","@graph":[{"@type":"WebPage","@id":"https:\/\/savonlinnatours.fi\/en\/activities\/a-day-at-jarvisydan-with-the-option-to-visit-lake-spa\/","url":"https:\/\/savonlinnatours.fi\/en\/activities\/a-day-at-jarvisydan-with-the-option-to-visit-lake-spa\/","name":"A Day at J\u00e4rvisyd\u00e4n, with the option to Visit Lake Spa - Savonlinna Tours","isPartOf":{"@id":"https:\/\/savonlinnatours.fi\/en\/#website"},"primaryImageOfPage":{"@id":"https:\/\/savonlinnatours.fi\/en\/activities\/a-day-at-jarvisydan-with-the-option-to-visit-lake-spa\/#primaryimage"},"image":{"@id":"https:\/\/savonlinnatours.fi\/en\/activities\/a-day-at-jarvisydan-with-the-option-to-visit-lake-spa\/#primaryimage"},"thumbnailUrl":"https:\/\/savonlinnatours.fi\/wp-content\/uploads\/2025\/10\/Jarvisydan-kylpyla.jpg","datePublished":"2025-10-08T11:16:13+00:00","dateModified":"2026-02-05T09:59:24+00:00","description":"Transportation from Savonlinna city center to J\u00e4rvisyd\u00e4n resort in Rantasalmi. Opportunity to visit the LakeSpa or go paddleboarding or kayaking.","breadcrumb":{"@id":"https:\/\/savonlinnatours.fi\/en\/activities\/a-day-at-jarvisydan-with-the-option-to-visit-lake-spa\/#breadcrumb"},"inLanguage":"en-US","potentialAction":[{"@type":"ReadAction","target":["https:\/\/savonlinnatours.fi\/en\/activities\/a-day-at-jarvisydan-with-the-option-to-visit-lake-spa\/"]}]},{"@type":"ImageObject","inLanguage":"en-US","@id":"https:\/\/savonlinnatours.fi\/en\/activities\/a-day-at-jarvisydan-with-the-option-to-visit-lake-spa\/#primaryimage","url":"https:\/\/savonlinnatours.fi\/wp-content\/uploads\/2025\/10\/Jarvisydan-kylpyla.jpg","contentUrl":"https:\/\/savonlinnatours.fi\/wp-content\/uploads\/2025\/10\/Jarvisydan-kylpyla.jpg","width":1263,"height":766},{"@type":"BreadcrumbList","@id":"https:\/\/savonlinnatours.fi\/en\/activities\/a-day-at-jarvisydan-with-the-option-to-visit-lake-spa\/#breadcrumb","itemListElement":[{"@type":"ListItem","position":1,"name":"Etusivu","item":"https:\/\/savonlinnatours.fi\/en\/"},{"@type":"ListItem","position":2,"name":"Activities","item":"https:\/\/savonlinnatours.fi\/en\/activities\/"},{"@type":"ListItem","position":3,"name":"A Day at J\u00e4rvisyd\u00e4n, with the option to Visit Lake Spa"}]},{"@type":"WebSite","@id":"https:\/\/savonlinnatours.fi\/en\/#website","url":"https:\/\/savonlinnatours.fi\/en\/","name":"Savonlinna Tours","description":"El\u00e4myksi\u00e4 Saimaan syd\u00e4mess\u00e4","publisher":{"@id":"https:\/\/savonlinnatours.fi\/en\/#organization"},"potentialAction":[{"@type":"SearchAction","target":{"@type":"EntryPoint","urlTemplate":"https:\/\/savonlinnatours.fi\/en\/?s={search_term_string}"},"query-input":{"@type":"PropertyValueSpecification","valueRequired":true,"valueName":"search_term_string"}}],"inLanguage":"en-US"},{"@type":"Organization","@id":"https:\/\/savonlinnatours.fi\/en\/#organization","name":"Savonlinna Tours","url":"https:\/\/savonlinnatours.fi\/en\/","logo":{"@type":"ImageObject","inLanguage":"en-US","@id":"https:\/\/savonlinnatours.fi\/en\/#\/schema\/logo\/image\/","url":"https:\/\/savonlinnatours.fi\/wp-content\/uploads\/2025\/09\/savonlinna_tours_black-nelio.svg","contentUrl":"https:\/\/savonlinnatours.fi\/wp-content\/uploads\/2025\/09\/savonlinna_tours_black-nelio.svg","width":1,"height":1,"caption":"Savonlinna Tours"},"image":{"@id":"https:\/\/savonlinnatours.fi\/en\/#\/schema\/logo\/image\/"}}]}},"_links":{"self":[{"href":"https:\/\/savonlinnatours.fi\/en\/wp-json\/wp\/v2\/pages\/390","targetHints":{"allow":["GET"]}}],"collection":[{"href":"https:\/\/savonlinnatours.fi\/en\/wp-json\/wp\/v2\/pages"}],"about":[{"href":"https:\/\/savonlinnatours.fi\/en\/wp-json\/wp\/v2\/types\/page"}],"author":[{"embeddable":true,"href":"https:\/\/savonlinnatours.fi\/en\/wp-json\/wp\/v2\/users\/1"}],"replies":[{"embeddable":true,"href":"https:\/\/savonlinnatours.fi\/en\/wp-json\/wp\/v2\/comments?post=390"}],"version-history":[{"count":2,"href":"https:\/\/savonlinnatours.fi\/en\/wp-json\/wp\/v2\/pages\/390\/revisions"}],"predecessor-version":[{"id":559,"href":"https:\/\/savonlinnatours.fi\/en\/wp-json\/wp\/v2\/pages\/390\/revisions\/559"}],"up":[{"embeddable":true,"href":"https:\/\/savonlinnatours.fi\/en\/wp-json\/wp\/v2\/pages\/374"}],"wp:featuredmedia":[{"embeddable":true,"href":"https:\/\/savonlinnatours.fi\/en\/wp-json\/wp\/v2\/media\/386"}],"wp:attachment":[{"href":"https:\/\/savonlinnatours.fi\/en\/wp-json\/wp\/v2\/media?parent=390"}],"curies":[{"name":"wp","href":"https:\/\/api.w.org\/{rel}","templated":true}]}}