{"id":378,"date":"2025-11-03T09:36:57","date_gmt":"2025-11-03T07:36:57","guid":{"rendered":"https:\/\/savonlinnatours.fi\/activities\/kayaking-and-stand-up-paddleboarding\/"},"modified":"2025-11-12T08:28:40","modified_gmt":"2025-11-12T06:28:40","slug":"kayaking-and-stand-up-paddleboarding","status":"publish","type":"page","link":"https:\/\/savonlinnatours.fi\/en\/activities\/kayaking-and-stand-up-paddleboarding\/","title":{"rendered":"Kayaking and Stand-Up Paddleboarding"},"content":{"rendered":"\n<p>Would you like to try kayaking, canoeing, or perhaps stand-up paddleboarding in the Savonlinna archipelago? We offer various guided kayaking and stand-up paddleboarding trips. The kayaking\/paddleboarding takes place just outside Savonlinna&#8217;s center. The trip price includes transportation from Savonlinna&#8217;s center to the starting point. The trips are also suitable for beginners, and it&#8217;s easy to customize the trips according to your wishes!<\/p>\n\n<p>Savonlinna is a city built on islands, where water and nature are present everywhere. Just a few minutes away from the city center, you&#8217;ll find yourself in the midst of the most beautiful Lake Saimaa nature. Savonlinna is indeed one of the few places where you can combine the services of a lively summer city with the peace of nature and breathtaking lake views. You can best explore these landscapes by kayaking or paddleboarding. The region&#8217;s labyrinthine archipelago, with its many islands, offers plenty of kayaking and paddleboarding routes sheltered from the wind.<\/p>\n\n<p>Suitable for couples and families (including children).<\/p>\n\n<p>The price includes transportation from Savonlinna&#8217;s center to the kayaking starting point and back, guided kayaking, and equipment. Customers should bring weather-appropriate clothing and a water bottle.<\/p>\n\n<ul class=\"wp-block-list\">\n<li>Departures daily at 10:00 AM and 2:00 PM<\/li>\n\n\n\n<li>Bookings one day advance<\/li>\n\n\n\n<li>Duration: approx. 2h<\/li>\n\n\n\n<li>Price: \u20ac79\/adult, \u20ac59\/child (under 12 years).<\/li>\n<\/ul>\n","protected":false},"excerpt":{"rendered":"<p>Duration about 2 hours<\/p>\n","protected":false},"author":1,"featured_media":377,"parent":374,"menu_order":0,"comment_status":"closed","ping_status":"open","template":"","meta":{"footnotes":""},"class_list":["post-378","page","type-page","status-publish","has-post-thumbnail","hentry"],"yoast_head":"<!-- This site is optimized with the Yoast SEO Premium plugin v27.2 (Yoast SEO v27.2) - https:\/\/yoast.com\/product\/yoast-seo-premium-wordpress\/ -->\n<title>Kayaking and Stand-Up Paddleboarding - Savonlinna Tours<\/title>\n<meta name=\"description\" content=\"We offer various guided kayaking and stand-up paddleboarding trips in the Savonlinna archipelago. The trips are also suitable for beginners\" \/>\n<meta name=\"robots\" content=\"index, follow, max-snippet:-1, max-image-preview:large, max-video-preview:-1\" \/>\n<link rel=\"canonical\" href=\"https:\/\/savonlinnatours.fi\/en\/activities\/kayaking-and-stand-up-paddleboarding\/\" \/>\n<meta property=\"og:locale\" content=\"en_US\" \/>\n<meta property=\"og:type\" content=\"article\" \/>\n<meta property=\"og:title\" content=\"Kayaking and Stand-Up Paddleboarding\" \/>\n<meta property=\"og:description\" content=\"We offer various guided kayaking and stand-up paddleboarding trips in the Savonlinna archipelago. The trips are also suitable for beginners\" \/>\n<meta property=\"og:url\" content=\"https:\/\/savonlinnatours.fi\/en\/activities\/kayaking-and-stand-up-paddleboarding\/\" \/>\n<meta property=\"og:site_name\" content=\"Savonlinna Tours\" \/>\n<meta property=\"article:modified_time\" content=\"2025-11-12T06:28:40+00:00\" \/>\n<meta property=\"og:image\" content=\"https:\/\/savonlinnatours.fi\/wp-content\/uploads\/2025\/11\/Melonta-1.jpg\" \/>\n\t<meta property=\"og:image:width\" content=\"1920\" \/>\n\t<meta property=\"og:image:height\" content=\"1282\" \/>\n\t<meta property=\"og:image:type\" content=\"image\/jpeg\" \/>\n<meta name=\"twitter:card\" content=\"summary_large_image\" \/>\n<meta name=\"twitter:label1\" content=\"Est. reading time\" \/>\n\t<meta name=\"twitter:data1\" content=\"1 minute\" \/>\n<script type=\"application\/ld+json\" class=\"yoast-schema-graph\">{\"@context\":\"https:\/\/schema.org\",\"@graph\":[{\"@type\":\"WebPage\",\"@id\":\"https:\/\/savonlinnatours.fi\/en\/activities\/kayaking-and-stand-up-paddleboarding\/\",\"url\":\"https:\/\/savonlinnatours.fi\/en\/activities\/kayaking-and-stand-up-paddleboarding\/\",\"name\":\"Kayaking and Stand-Up Paddleboarding - Savonlinna Tours\",\"isPartOf\":{\"@id\":\"https:\/\/savonlinnatours.fi\/en\/#website\"},\"primaryImageOfPage\":{\"@id\":\"https:\/\/savonlinnatours.fi\/en\/activities\/kayaking-and-stand-up-paddleboarding\/#primaryimage\"},\"image\":{\"@id\":\"https:\/\/savonlinnatours.fi\/en\/activities\/kayaking-and-stand-up-paddleboarding\/#primaryimage\"},\"thumbnailUrl\":\"https:\/\/savonlinnatours.fi\/wp-content\/uploads\/2025\/11\/Melonta-1.jpg\",\"datePublished\":\"2025-11-03T07:36:57+00:00\",\"dateModified\":\"2025-11-12T06:28:40+00:00\",\"description\":\"We offer various guided kayaking and stand-up paddleboarding trips in the Savonlinna archipelago. The trips are also suitable for beginners\",\"breadcrumb\":{\"@id\":\"https:\/\/savonlinnatours.fi\/en\/activities\/kayaking-and-stand-up-paddleboarding\/#breadcrumb\"},\"inLanguage\":\"en-US\",\"potentialAction\":[{\"@type\":\"ReadAction\",\"target\":[\"https:\/\/savonlinnatours.fi\/en\/activities\/kayaking-and-stand-up-paddleboarding\/\"]}]},{\"@type\":\"ImageObject\",\"inLanguage\":\"en-US\",\"@id\":\"https:\/\/savonlinnatours.fi\/en\/activities\/kayaking-and-stand-up-paddleboarding\/#primaryimage\",\"url\":\"https:\/\/savonlinnatours.fi\/wp-content\/uploads\/2025\/11\/Melonta-1.jpg\",\"contentUrl\":\"https:\/\/savonlinnatours.fi\/wp-content\/uploads\/2025\/11\/Melonta-1.jpg\",\"width\":1920,\"height\":1282},{\"@type\":\"BreadcrumbList\",\"@id\":\"https:\/\/savonlinnatours.fi\/en\/activities\/kayaking-and-stand-up-paddleboarding\/#breadcrumb\",\"itemListElement\":[{\"@type\":\"ListItem\",\"position\":1,\"name\":\"Etusivu\",\"item\":\"https:\/\/savonlinnatours.fi\/en\/\"},{\"@type\":\"ListItem\",\"position\":2,\"name\":\"Activities\",\"item\":\"https:\/\/savonlinnatours.fi\/en\/activities\/\"},{\"@type\":\"ListItem\",\"position\":3,\"name\":\"Kayaking and Stand-Up Paddleboarding\"}]},{\"@type\":\"WebSite\",\"@id\":\"https:\/\/savonlinnatours.fi\/en\/#website\",\"url\":\"https:\/\/savonlinnatours.fi\/en\/\",\"name\":\"Savonlinna Tours\",\"description\":\"El\u00e4myksi\u00e4 Saimaan syd\u00e4mess\u00e4\",\"publisher\":{\"@id\":\"https:\/\/savonlinnatours.fi\/en\/#organization\"},\"potentialAction\":[{\"@type\":\"SearchAction\",\"target\":{\"@type\":\"EntryPoint\",\"urlTemplate\":\"https:\/\/savonlinnatours.fi\/en\/?s={search_term_string}\"},\"query-input\":{\"@type\":\"PropertyValueSpecification\",\"valueRequired\":true,\"valueName\":\"search_term_string\"}}],\"inLanguage\":\"en-US\"},{\"@type\":\"Organization\",\"@id\":\"https:\/\/savonlinnatours.fi\/en\/#organization\",\"name\":\"Savonlinna Tours\",\"url\":\"https:\/\/savonlinnatours.fi\/en\/\",\"logo\":{\"@type\":\"ImageObject\",\"inLanguage\":\"en-US\",\"@id\":\"https:\/\/savonlinnatours.fi\/en\/#\/schema\/logo\/image\/\",\"url\":\"https:\/\/savonlinnatours.fi\/wp-content\/uploads\/2025\/09\/savonlinna_tours_black-nelio.svg\",\"contentUrl\":\"https:\/\/savonlinnatours.fi\/wp-content\/uploads\/2025\/09\/savonlinna_tours_black-nelio.svg\",\"width\":1,\"height\":1,\"caption\":\"Savonlinna Tours\"},\"image\":{\"@id\":\"https:\/\/savonlinnatours.fi\/en\/#\/schema\/logo\/image\/\"}}]}<\/script>\n<!-- \/ Yoast SEO Premium plugin. -->","yoast_head_json":{"title":"Kayaking and Stand-Up Paddleboarding - Savonlinna Tours","description":"We offer various guided kayaking and stand-up paddleboarding trips in the Savonlinna archipelago. The trips are also suitable for beginners","robots":{"index":"index","follow":"follow","max-snippet":"max-snippet:-1","max-image-preview":"max-image-preview:large","max-video-preview":"max-video-preview:-1"},"canonical":"https:\/\/savonlinnatours.fi\/en\/activities\/kayaking-and-stand-up-paddleboarding\/","og_locale":"en_US","og_type":"article","og_title":"Kayaking and Stand-Up Paddleboarding","og_description":"We offer various guided kayaking and stand-up paddleboarding trips in the Savonlinna archipelago. The trips are also suitable for beginners","og_url":"https:\/\/savonlinnatours.fi\/en\/activities\/kayaking-and-stand-up-paddleboarding\/","og_site_name":"Savonlinna Tours","article_modified_time":"2025-11-12T06:28:40+00:00","og_image":[{"width":1920,"height":1282,"url":"https:\/\/savonlinnatours.fi\/wp-content\/uploads\/2025\/11\/Melonta-1.jpg","type":"image\/jpeg"}],"twitter_card":"summary_large_image","twitter_misc":{"Est. reading time":"1 minute"},"schema":{"@context":"https:\/\/schema.org","@graph":[{"@type":"WebPage","@id":"https:\/\/savonlinnatours.fi\/en\/activities\/kayaking-and-stand-up-paddleboarding\/","url":"https:\/\/savonlinnatours.fi\/en\/activities\/kayaking-and-stand-up-paddleboarding\/","name":"Kayaking and Stand-Up Paddleboarding - Savonlinna Tours","isPartOf":{"@id":"https:\/\/savonlinnatours.fi\/en\/#website"},"primaryImageOfPage":{"@id":"https:\/\/savonlinnatours.fi\/en\/activities\/kayaking-and-stand-up-paddleboarding\/#primaryimage"},"image":{"@id":"https:\/\/savonlinnatours.fi\/en\/activities\/kayaking-and-stand-up-paddleboarding\/#primaryimage"},"thumbnailUrl":"https:\/\/savonlinnatours.fi\/wp-content\/uploads\/2025\/11\/Melonta-1.jpg","datePublished":"2025-11-03T07:36:57+00:00","dateModified":"2025-11-12T06:28:40+00:00","description":"We offer various guided kayaking and stand-up paddleboarding trips in the Savonlinna archipelago. The trips are also suitable for beginners","breadcrumb":{"@id":"https:\/\/savonlinnatours.fi\/en\/activities\/kayaking-and-stand-up-paddleboarding\/#breadcrumb"},"inLanguage":"en-US","potentialAction":[{"@type":"ReadAction","target":["https:\/\/savonlinnatours.fi\/en\/activities\/kayaking-and-stand-up-paddleboarding\/"]}]},{"@type":"ImageObject","inLanguage":"en-US","@id":"https:\/\/savonlinnatours.fi\/en\/activities\/kayaking-and-stand-up-paddleboarding\/#primaryimage","url":"https:\/\/savonlinnatours.fi\/wp-content\/uploads\/2025\/11\/Melonta-1.jpg","contentUrl":"https:\/\/savonlinnatours.fi\/wp-content\/uploads\/2025\/11\/Melonta-1.jpg","width":1920,"height":1282},{"@type":"BreadcrumbList","@id":"https:\/\/savonlinnatours.fi\/en\/activities\/kayaking-and-stand-up-paddleboarding\/#breadcrumb","itemListElement":[{"@type":"ListItem","position":1,"name":"Etusivu","item":"https:\/\/savonlinnatours.fi\/en\/"},{"@type":"ListItem","position":2,"name":"Activities","item":"https:\/\/savonlinnatours.fi\/en\/activities\/"},{"@type":"ListItem","position":3,"name":"Kayaking and Stand-Up Paddleboarding"}]},{"@type":"WebSite","@id":"https:\/\/savonlinnatours.fi\/en\/#website","url":"https:\/\/savonlinnatours.fi\/en\/","name":"Savonlinna Tours","description":"El\u00e4myksi\u00e4 Saimaan syd\u00e4mess\u00e4","publisher":{"@id":"https:\/\/savonlinnatours.fi\/en\/#organization"},"potentialAction":[{"@type":"SearchAction","target":{"@type":"EntryPoint","urlTemplate":"https:\/\/savonlinnatours.fi\/en\/?s={search_term_string}"},"query-input":{"@type":"PropertyValueSpecification","valueRequired":true,"valueName":"search_term_string"}}],"inLanguage":"en-US"},{"@type":"Organization","@id":"https:\/\/savonlinnatours.fi\/en\/#organization","name":"Savonlinna Tours","url":"https:\/\/savonlinnatours.fi\/en\/","logo":{"@type":"ImageObject","inLanguage":"en-US","@id":"https:\/\/savonlinnatours.fi\/en\/#\/schema\/logo\/image\/","url":"https:\/\/savonlinnatours.fi\/wp-content\/uploads\/2025\/09\/savonlinna_tours_black-nelio.svg","contentUrl":"https:\/\/savonlinnatours.fi\/wp-content\/uploads\/2025\/09\/savonlinna_tours_black-nelio.svg","width":1,"height":1,"caption":"Savonlinna Tours"},"image":{"@id":"https:\/\/savonlinnatours.fi\/en\/#\/schema\/logo\/image\/"}}]}},"_links":{"self":[{"href":"https:\/\/savonlinnatours.fi\/en\/wp-json\/wp\/v2\/pages\/378","targetHints":{"allow":["GET"]}}],"collection":[{"href":"https:\/\/savonlinnatours.fi\/en\/wp-json\/wp\/v2\/pages"}],"about":[{"href":"https:\/\/savonlinnatours.fi\/en\/wp-json\/wp\/v2\/types\/page"}],"author":[{"embeddable":true,"href":"https:\/\/savonlinnatours.fi\/en\/wp-json\/wp\/v2\/users\/1"}],"replies":[{"embeddable":true,"href":"https:\/\/savonlinnatours.fi\/en\/wp-json\/wp\/v2\/comments?post=378"}],"version-history":[{"count":5,"href":"https:\/\/savonlinnatours.fi\/en\/wp-json\/wp\/v2\/pages\/378\/revisions"}],"predecessor-version":[{"id":486,"href":"https:\/\/savonlinnatours.fi\/en\/wp-json\/wp\/v2\/pages\/378\/revisions\/486"}],"up":[{"embeddable":true,"href":"https:\/\/savonlinnatours.fi\/en\/wp-json\/wp\/v2\/pages\/374"}],"wp:featuredmedia":[{"embeddable":true,"href":"https:\/\/savonlinnatours.fi\/en\/wp-json\/wp\/v2\/media\/377"}],"wp:attachment":[{"href":"https:\/\/savonlinnatours.fi\/en\/wp-json\/wp\/v2\/media?parent=378"}],"curies":[{"name":"wp","href":"https:\/\/api.w.org\/{rel}","templated":true}]}}