{"id":363,"date":"2025-10-08T14:11:24","date_gmt":"2025-10-08T11:11:24","guid":{"rendered":"https:\/\/savonlinnatours.fi\/linnansaari-national-park-oravi-canal-village\/"},"modified":"2026-02-05T11:56:30","modified_gmt":"2026-02-05T09:56:30","slug":"linnansaari-national-park-oravi-canal-village","status":"publish","type":"page","link":"https:\/\/savonlinnatours.fi\/en\/activities\/linnansaari-national-park-oravi-canal-village\/","title":{"rendered":"Linnansaari National Park + Oravi Canal Village"},"content":{"rendered":"\n<p>Set off to discover the stunning archipelago nature and the historic cultural landscape of Linnansaari National Park. On the excursion, you will get to see the Oravi Canal village and experience a memorable boat taxi ride to Linnansaari. On Linnansaari, you can explore the island\u2019s trails and have a picnic, for example at Linnavuori or Sammakkoniemi fireplaces. The island also has a small kiosk where you can buy snacks, refreshments, ice cream, or even a souvenir. The island has two accessible routes as well as longer, more challenging trails. You can explore the traditional landscape via the Torppa Trail, which starts from Sammakkoniemi. Saimaa&#8217;s most famous resident, the Saimaa ringed seal, thrives in this area, and with a bit of luck, you might see this whiskered creature enjoying a summer day.<\/p>\n\n\n\n<p>Departure from Savonlinna city center, from where we drive to the idyllic Oravi canal village. From Oravi, we transfer by boat taxi to Linnansaari National Park, where you can enjoy self-guided hiking for approximately 2 hours. The boat taxi departs from Linnansaari back to Oravi at 1:00 PM In Oravi, there is an option for lunch at Restaurant Ruukinranta. Return from Oravi to Savonlinna city center at approximately 15:00 PM.<\/p>\n\n\n\n<p>Guests should bring weather-appropriate clothing, a water bottle, and snacks if desired.<\/p>\n\n\n\n<ul class=\"wp-block-list\">\n<li>Departures daily 9:30 AM<\/li>\n\n\n\n<li>Reservations must be made at least 1 day in advance.<\/li>\n\n\n\n<li>Duration approximately 6 hours<\/li>\n\n\n\n<li>Price: 99\u20ac\/adult, 59\u20ac\/child (under 12y). Includes transportation Savonlinna\u2013Oravi\u2013Savonlinna and boat taxi tickets; does not include lunch\/meals.<\/li>\n<\/ul>\n\n\n\n<figure class=\"wp-block-image size-large\"><img decoding=\"async\" width=\"1024\" height=\"388\" src=\"https:\/\/savonlinnatours.fi\/wp-content\/uploads\/2025\/10\/Linnansaari-2-1024x388.jpg\" alt=\"\" class=\"wp-image-291\" srcset=\"https:\/\/savonlinnatours.fi\/wp-content\/uploads\/2025\/10\/Linnansaari-2-1024x388.jpg 1024w, https:\/\/savonlinnatours.fi\/wp-content\/uploads\/2025\/10\/Linnansaari-2-300x114.jpg 300w, https:\/\/savonlinnatours.fi\/wp-content\/uploads\/2025\/10\/Linnansaari-2-768x291.jpg 768w, https:\/\/savonlinnatours.fi\/wp-content\/uploads\/2025\/10\/Linnansaari-2-1536x582.jpg 1536w, https:\/\/savonlinnatours.fi\/wp-content\/uploads\/2025\/10\/Linnansaari-2.jpg 1665w\" sizes=\"(max-width: 1024px) 100vw, 1024px\" \/><\/figure>\n\n\n\n<johku-widget id=\"savonlinnatours\/4b141d154938d19f\" locale=\"fi_FI\"><\/johku-widget>\n","protected":false},"excerpt":{"rendered":"<p>Departures daily at 9:30 a.m.<br \/>Duration approx. 6 hours<\/p>\n","protected":false},"author":1,"featured_media":362,"parent":374,"menu_order":0,"comment_status":"closed","ping_status":"open","template":"","meta":{"footnotes":""},"class_list":["post-363","page","type-page","status-publish","has-post-thumbnail","hentry"],"yoast_head":"<!-- This site is optimized with the Yoast SEO Premium plugin v27.2 (Yoast SEO v27.2) - https:\/\/yoast.com\/product\/yoast-seo-premium-wordpress\/ -->\n<title>Linnansaari National Park + Oravi Canal Village - Savonlinna Tours<\/title>\n<meta name=\"description\" content=\"Tutustu Linnansaaren kansallispuiston saaristoluontoon ja perinnemaisemaan. Veneile Oravista, patikoi poluilla ja tapaa Saimaan norppa!\" \/>\n<meta name=\"robots\" content=\"index, follow, max-snippet:-1, max-image-preview:large, max-video-preview:-1\" \/>\n<link rel=\"canonical\" href=\"https:\/\/savonlinnatours.fi\/en\/activities\/linnansaari-national-park-oravi-canal-village\/\" \/>\n<meta property=\"og:locale\" content=\"en_US\" \/>\n<meta property=\"og:type\" content=\"article\" \/>\n<meta property=\"og:title\" content=\"Linnansaari National Park + Oravi Canal Village\" \/>\n<meta property=\"og:description\" content=\"Tutustu Linnansaaren kansallispuiston saaristoluontoon ja perinnemaisemaan. Veneile Oravista, patikoi poluilla ja tapaa Saimaan norppa!\" \/>\n<meta property=\"og:url\" content=\"https:\/\/savonlinnatours.fi\/en\/activities\/linnansaari-national-park-oravi-canal-village\/\" \/>\n<meta property=\"og:site_name\" content=\"Savonlinna Tours\" \/>\n<meta property=\"article:modified_time\" content=\"2026-02-05T09:56:30+00:00\" \/>\n<meta property=\"og:image\" content=\"https:\/\/savonlinnatours.fi\/wp-content\/uploads\/2025\/10\/Linnansaari-1.jpg\" \/>\n\t<meta property=\"og:image:width\" content=\"1354\" \/>\n\t<meta property=\"og:image:height\" content=\"763\" \/>\n\t<meta property=\"og:image:type\" content=\"image\/jpeg\" \/>\n<meta name=\"twitter:card\" content=\"summary_large_image\" \/>\n<meta name=\"twitter:label1\" content=\"Est. reading time\" \/>\n\t<meta name=\"twitter:data1\" content=\"2 minutes\" \/>\n<script type=\"application\/ld+json\" class=\"yoast-schema-graph\">{\"@context\":\"https:\/\/schema.org\",\"@graph\":[{\"@type\":\"WebPage\",\"@id\":\"https:\/\/savonlinnatours.fi\/en\/activities\/linnansaari-national-park-oravi-canal-village\/\",\"url\":\"https:\/\/savonlinnatours.fi\/en\/activities\/linnansaari-national-park-oravi-canal-village\/\",\"name\":\"Linnansaari National Park + Oravi Canal Village - Savonlinna Tours\",\"isPartOf\":{\"@id\":\"https:\/\/savonlinnatours.fi\/en\/#website\"},\"primaryImageOfPage\":{\"@id\":\"https:\/\/savonlinnatours.fi\/en\/activities\/linnansaari-national-park-oravi-canal-village\/#primaryimage\"},\"image\":{\"@id\":\"https:\/\/savonlinnatours.fi\/en\/activities\/linnansaari-national-park-oravi-canal-village\/#primaryimage\"},\"thumbnailUrl\":\"https:\/\/savonlinnatours.fi\/wp-content\/uploads\/2025\/10\/Linnansaari-1.jpg\",\"datePublished\":\"2025-10-08T11:11:24+00:00\",\"dateModified\":\"2026-02-05T09:56:30+00:00\",\"description\":\"Tutustu Linnansaaren kansallispuiston saaristoluontoon ja perinnemaisemaan. Veneile Oravista, patikoi poluilla ja tapaa Saimaan norppa!\",\"breadcrumb\":{\"@id\":\"https:\/\/savonlinnatours.fi\/en\/activities\/linnansaari-national-park-oravi-canal-village\/#breadcrumb\"},\"inLanguage\":\"en-US\",\"potentialAction\":[{\"@type\":\"ReadAction\",\"target\":[\"https:\/\/savonlinnatours.fi\/en\/activities\/linnansaari-national-park-oravi-canal-village\/\"]}]},{\"@type\":\"ImageObject\",\"inLanguage\":\"en-US\",\"@id\":\"https:\/\/savonlinnatours.fi\/en\/activities\/linnansaari-national-park-oravi-canal-village\/#primaryimage\",\"url\":\"https:\/\/savonlinnatours.fi\/wp-content\/uploads\/2025\/10\/Linnansaari-1.jpg\",\"contentUrl\":\"https:\/\/savonlinnatours.fi\/wp-content\/uploads\/2025\/10\/Linnansaari-1.jpg\",\"width\":1354,\"height\":763},{\"@type\":\"BreadcrumbList\",\"@id\":\"https:\/\/savonlinnatours.fi\/en\/activities\/linnansaari-national-park-oravi-canal-village\/#breadcrumb\",\"itemListElement\":[{\"@type\":\"ListItem\",\"position\":1,\"name\":\"Etusivu\",\"item\":\"https:\/\/savonlinnatours.fi\/en\/\"},{\"@type\":\"ListItem\",\"position\":2,\"name\":\"Activities\",\"item\":\"https:\/\/savonlinnatours.fi\/en\/activities\/\"},{\"@type\":\"ListItem\",\"position\":3,\"name\":\"Linnansaari National Park + Oravi Canal Village\"}]},{\"@type\":\"WebSite\",\"@id\":\"https:\/\/savonlinnatours.fi\/en\/#website\",\"url\":\"https:\/\/savonlinnatours.fi\/en\/\",\"name\":\"Savonlinna Tours\",\"description\":\"El\u00e4myksi\u00e4 Saimaan syd\u00e4mess\u00e4\",\"publisher\":{\"@id\":\"https:\/\/savonlinnatours.fi\/en\/#organization\"},\"potentialAction\":[{\"@type\":\"SearchAction\",\"target\":{\"@type\":\"EntryPoint\",\"urlTemplate\":\"https:\/\/savonlinnatours.fi\/en\/?s={search_term_string}\"},\"query-input\":{\"@type\":\"PropertyValueSpecification\",\"valueRequired\":true,\"valueName\":\"search_term_string\"}}],\"inLanguage\":\"en-US\"},{\"@type\":\"Organization\",\"@id\":\"https:\/\/savonlinnatours.fi\/en\/#organization\",\"name\":\"Savonlinna Tours\",\"url\":\"https:\/\/savonlinnatours.fi\/en\/\",\"logo\":{\"@type\":\"ImageObject\",\"inLanguage\":\"en-US\",\"@id\":\"https:\/\/savonlinnatours.fi\/en\/#\/schema\/logo\/image\/\",\"url\":\"https:\/\/savonlinnatours.fi\/wp-content\/uploads\/2025\/09\/savonlinna_tours_black-nelio.svg\",\"contentUrl\":\"https:\/\/savonlinnatours.fi\/wp-content\/uploads\/2025\/09\/savonlinna_tours_black-nelio.svg\",\"width\":1,\"height\":1,\"caption\":\"Savonlinna Tours\"},\"image\":{\"@id\":\"https:\/\/savonlinnatours.fi\/en\/#\/schema\/logo\/image\/\"}}]}<\/script>\n<!-- \/ Yoast SEO Premium plugin. -->","yoast_head_json":{"title":"Linnansaari National Park + Oravi Canal Village - Savonlinna Tours","description":"Tutustu Linnansaaren kansallispuiston saaristoluontoon ja perinnemaisemaan. Veneile Oravista, patikoi poluilla ja tapaa Saimaan norppa!","robots":{"index":"index","follow":"follow","max-snippet":"max-snippet:-1","max-image-preview":"max-image-preview:large","max-video-preview":"max-video-preview:-1"},"canonical":"https:\/\/savonlinnatours.fi\/en\/activities\/linnansaari-national-park-oravi-canal-village\/","og_locale":"en_US","og_type":"article","og_title":"Linnansaari National Park + Oravi Canal Village","og_description":"Tutustu Linnansaaren kansallispuiston saaristoluontoon ja perinnemaisemaan. Veneile Oravista, patikoi poluilla ja tapaa Saimaan norppa!","og_url":"https:\/\/savonlinnatours.fi\/en\/activities\/linnansaari-national-park-oravi-canal-village\/","og_site_name":"Savonlinna Tours","article_modified_time":"2026-02-05T09:56:30+00:00","og_image":[{"width":1354,"height":763,"url":"https:\/\/savonlinnatours.fi\/wp-content\/uploads\/2025\/10\/Linnansaari-1.jpg","type":"image\/jpeg"}],"twitter_card":"summary_large_image","twitter_misc":{"Est. reading time":"2 minutes"},"schema":{"@context":"https:\/\/schema.org","@graph":[{"@type":"WebPage","@id":"https:\/\/savonlinnatours.fi\/en\/activities\/linnansaari-national-park-oravi-canal-village\/","url":"https:\/\/savonlinnatours.fi\/en\/activities\/linnansaari-national-park-oravi-canal-village\/","name":"Linnansaari National Park + Oravi Canal Village - Savonlinna Tours","isPartOf":{"@id":"https:\/\/savonlinnatours.fi\/en\/#website"},"primaryImageOfPage":{"@id":"https:\/\/savonlinnatours.fi\/en\/activities\/linnansaari-national-park-oravi-canal-village\/#primaryimage"},"image":{"@id":"https:\/\/savonlinnatours.fi\/en\/activities\/linnansaari-national-park-oravi-canal-village\/#primaryimage"},"thumbnailUrl":"https:\/\/savonlinnatours.fi\/wp-content\/uploads\/2025\/10\/Linnansaari-1.jpg","datePublished":"2025-10-08T11:11:24+00:00","dateModified":"2026-02-05T09:56:30+00:00","description":"Tutustu Linnansaaren kansallispuiston saaristoluontoon ja perinnemaisemaan. Veneile Oravista, patikoi poluilla ja tapaa Saimaan norppa!","breadcrumb":{"@id":"https:\/\/savonlinnatours.fi\/en\/activities\/linnansaari-national-park-oravi-canal-village\/#breadcrumb"},"inLanguage":"en-US","potentialAction":[{"@type":"ReadAction","target":["https:\/\/savonlinnatours.fi\/en\/activities\/linnansaari-national-park-oravi-canal-village\/"]}]},{"@type":"ImageObject","inLanguage":"en-US","@id":"https:\/\/savonlinnatours.fi\/en\/activities\/linnansaari-national-park-oravi-canal-village\/#primaryimage","url":"https:\/\/savonlinnatours.fi\/wp-content\/uploads\/2025\/10\/Linnansaari-1.jpg","contentUrl":"https:\/\/savonlinnatours.fi\/wp-content\/uploads\/2025\/10\/Linnansaari-1.jpg","width":1354,"height":763},{"@type":"BreadcrumbList","@id":"https:\/\/savonlinnatours.fi\/en\/activities\/linnansaari-national-park-oravi-canal-village\/#breadcrumb","itemListElement":[{"@type":"ListItem","position":1,"name":"Etusivu","item":"https:\/\/savonlinnatours.fi\/en\/"},{"@type":"ListItem","position":2,"name":"Activities","item":"https:\/\/savonlinnatours.fi\/en\/activities\/"},{"@type":"ListItem","position":3,"name":"Linnansaari National Park + Oravi Canal Village"}]},{"@type":"WebSite","@id":"https:\/\/savonlinnatours.fi\/en\/#website","url":"https:\/\/savonlinnatours.fi\/en\/","name":"Savonlinna Tours","description":"El\u00e4myksi\u00e4 Saimaan syd\u00e4mess\u00e4","publisher":{"@id":"https:\/\/savonlinnatours.fi\/en\/#organization"},"potentialAction":[{"@type":"SearchAction","target":{"@type":"EntryPoint","urlTemplate":"https:\/\/savonlinnatours.fi\/en\/?s={search_term_string}"},"query-input":{"@type":"PropertyValueSpecification","valueRequired":true,"valueName":"search_term_string"}}],"inLanguage":"en-US"},{"@type":"Organization","@id":"https:\/\/savonlinnatours.fi\/en\/#organization","name":"Savonlinna Tours","url":"https:\/\/savonlinnatours.fi\/en\/","logo":{"@type":"ImageObject","inLanguage":"en-US","@id":"https:\/\/savonlinnatours.fi\/en\/#\/schema\/logo\/image\/","url":"https:\/\/savonlinnatours.fi\/wp-content\/uploads\/2025\/09\/savonlinna_tours_black-nelio.svg","contentUrl":"https:\/\/savonlinnatours.fi\/wp-content\/uploads\/2025\/09\/savonlinna_tours_black-nelio.svg","width":1,"height":1,"caption":"Savonlinna Tours"},"image":{"@id":"https:\/\/savonlinnatours.fi\/en\/#\/schema\/logo\/image\/"}}]}},"_links":{"self":[{"href":"https:\/\/savonlinnatours.fi\/en\/wp-json\/wp\/v2\/pages\/363","targetHints":{"allow":["GET"]}}],"collection":[{"href":"https:\/\/savonlinnatours.fi\/en\/wp-json\/wp\/v2\/pages"}],"about":[{"href":"https:\/\/savonlinnatours.fi\/en\/wp-json\/wp\/v2\/types\/page"}],"author":[{"embeddable":true,"href":"https:\/\/savonlinnatours.fi\/en\/wp-json\/wp\/v2\/users\/1"}],"replies":[{"embeddable":true,"href":"https:\/\/savonlinnatours.fi\/en\/wp-json\/wp\/v2\/comments?post=363"}],"version-history":[{"count":7,"href":"https:\/\/savonlinnatours.fi\/en\/wp-json\/wp\/v2\/pages\/363\/revisions"}],"predecessor-version":[{"id":557,"href":"https:\/\/savonlinnatours.fi\/en\/wp-json\/wp\/v2\/pages\/363\/revisions\/557"}],"up":[{"embeddable":true,"href":"https:\/\/savonlinnatours.fi\/en\/wp-json\/wp\/v2\/pages\/374"}],"wp:featuredmedia":[{"embeddable":true,"href":"https:\/\/savonlinnatours.fi\/en\/wp-json\/wp\/v2\/media\/362"}],"wp:attachment":[{"href":"https:\/\/savonlinnatours.fi\/en\/wp-json\/wp\/v2\/media?parent=363"}],"curies":[{"name":"wp","href":"https:\/\/api.w.org\/{rel}","templated":true}]}}