{"id":100,"date":"2025-09-08T11:25:50","date_gmt":"2025-09-08T08:25:50","guid":{"rendered":"https:\/\/savonlinnatours.fi?page_id=100"},"modified":"2026-02-05T11:11:38","modified_gmt":"2026-02-05T09:11:38","slug":"savonlinna-opera-festival-travel-experiences-on-saimaa","status":"publish","type":"page","link":"https:\/\/savonlinnatours.fi\/en\/","title":{"rendered":"Savonlinna Opera Festival &amp; Travel Experiences on Saimaa"},"content":{"rendered":"<div>\n<h3>Experiences in the heart of Lake Saimaa<\/h3>\n<div>Savonlinna Opera Festival &amp; Travel Experiences on Saimaa &#8211; Savonlinna Tours\n<\/div>\n<\/div>\n<div>\n<h3>Experiences in the heart of Lake Saimaa<\/h3>\n<div>\n<p>Savonlinna Opera Festival &amp; Travel Experiences in the Saimaa region &#8211; Savonlinna Tours<\/p>\n<\/div>\n<\/div>\n<div>Your local travel guide<\/div>\n<div>\n<p>Savonlinna Tours is a private travel agency and family business offering a wide range of travel services in Savonlinna and the surrounding area \u2013 including a world-class experience, the Savonlinna Opera Festival.<\/p>\n<p>With us, you\u2019ll find everything in one place: accommodation, Saimaa cruises, activities, guided tours, meeting and transport arrangements, and much more. We always tailor the perfect package to suit you or your group \u2013 easily and effortlessly.<\/p>\n<\/div>\n<div><a href=\"tel:+358505484004\">+358 50 548 4004<\/a><\/div>\n<div><a href=\"mailto:sales@savonlinnatours.fi\">sales@savonlinnatours.fi<\/a><\/div>\n<ul>\n<li>\n<p>        <img decoding=\"async\" src=\"\/wp-content\/uploads\/2025\/11\/ooppera3.jpg\" alt=\"Savonlinna Opera Festival\"><\/p>\n<h2>Savonlinna Opera Festival<\/h2>\n<p>Culture<\/p>\n<p><a href=\"https:\/\/savonlinnatours.fi\/en\/savonlinna-opera-festival\/\"><\/a><\/p>\n<\/li>\n<li>\n<p>        <img decoding=\"async\" src=\"\/wp-content\/uploads\/2025\/09\/saimaan-risteilyt-pieni.jpg\" alt=\"Cruises in Lake Saimaa\"><\/p>\n<h2>Cruises in Lake Saimaa<\/h2>\n<p>Get to know  to Lake Saimaa, the largest lake in Finland<\/p>\n<p><a href=\"https:\/\/savonlinnatours.fi\/en\/cruises-in-saimaa-and-savonlinna\/\"><\/a><\/p>\n<\/li>\n<li>\n<p>        <img decoding=\"async\" src=\"\/wp-content\/uploads\/2025\/09\/opastus.jpg\" alt=\"People walking on a path by the lake shore on a cloudy summer day.\"><\/p>\n<h2>Guided services<\/h2>\n<p>Explore Savonlinna beyond the surface<\/p>\n<p><a href=\"\/en\/guiding-services\/\"><\/a><\/p>\n<\/li>\n<li>\n<p>        <img decoding=\"async\" src=\"\/wp-content\/uploads\/2025\/09\/yritykset.jpg\" alt=\"Aerial view of Saimaa Harbor\"><\/p>\n<h2>Travel Organizers and Groups<\/h2>\n<p>Destination Services in Savonlinna<\/p>\n<p><a href=\"https:\/\/savonlinnatours.fi\/en\/groups-travel-organizers\/\"><\/a><\/p>\n<\/li>\n<li>\n<p>        <img decoding=\"async\" src=\"\/wp-content\/uploads\/2025\/11\/melonta-pieni2.jpg\" alt=\"Person kayaking on lake in beautiful sunset.\"><\/p>\n<h2>Activities<\/h2>\n<p>A Range of Day Trips and Activities<\/p>\n<p><a href=\"https:\/\/savonlinnatours.fi\/en\/activities\/\"><\/a><\/p>\n<\/li>\n<\/ul>\n<p><!--more--><br \/>\n<!-- {\"type\":\"layout\",\"children\":[{\"type\":\"section\",\"props\":{\"class\":\"uk-visible@m\",\"header_transparent\":true,\"header_transparent_text_color\":\"light\",\"height\":\"viewport\",\"height_offset_top\":true,\"html_element\":\"header\",\"image_position\":\"center-center\",\"image_size\":\"cover\",\"image_width\":\"2560\",\"media_overlay\":\"rgba(0, 0, 0, 0.15)\",\"padding\":\"none\",\"style\":\"default\",\"title_breakpoint\":\"xl\",\"title_position\":\"top-left\",\"title_rotation\":\"left\",\"vertical_align\":\"middle\",\"video\":\"https:\\\/\\\/player.vimeo.com\\\/video\\\/1117347361?h=c536aba5bf&amp;badge=0&amp;autopause=0&amp;player_id=0&amp;app_id=58479&amp;autoplay=1&amp;muted=1&amp;loop=1\",\"width\":\"default\"},\"children\":[{\"type\":\"row\",\"children\":[{\"type\":\"column\",\"props\":{\"image_position\":\"center-center\",\"position_sticky_breakpoint\":\"m\"},\"children\":[{\"type\":\"panel\",\"props\":{\"content\":\"Savonlinna Opera Festival &amp; Travel Experiences on Saimaa - Savonlinna Tours\\n\",\"content_column_breakpoint\":\"m\",\"content_style\":\"text-large\",\"icon_width\":80,\"image_align\":\"top\",\"image_grid_breakpoint\":\"m\",\"image_grid_width\":\"1-2\",\"image_svg_color\":\"emphasis\",\"link_style\":\"default\",\"link_text\":\"Read more\",\"margin\":\"default\",\"maxwidth\":\"large\",\"meta_align\":\"below-title\",\"meta_element\":\"div\",\"meta_style\":\"text-meta\",\"panel_padding\":\"default\",\"panel_style\":\"card-default\",\"title\":\"Experiences in the heart of Lake Saimaa\",\"title_align\":\"top\",\"title_element\":\"h3\",\"title_grid_breakpoint\":\"m\",\"title_grid_width\":\"1-2\",\"title_hover_style\":\"reset\",\"title_style\":\"heading-small\"}}]}]}],\"name\":\"Hero\"},{\"type\":\"section\",\"props\":{\"class\":\"uk-hidden@m\",\"header_transparent\":true,\"header_transparent_text_color\":\"light\",\"height\":\"viewport\",\"height_offset_top\":true,\"image\":\"wp-content\\\/uploads\\\/2025\\\/09\\\/beautiful-view-olavinlinna-olofsborg-ancient-fortress-15thcentury-medieval-three-tower-castle-located-savonlinna-city-sunny-may-day-lake-saimaa-finland.jpg\",\"image_position\":\"center-center\",\"image_size\":\"cover\",\"image_width\":\"2560\",\"padding\":\"none\",\"style\":\"default\",\"title_breakpoint\":\"xl\",\"title_position\":\"top-left\",\"title_rotation\":\"left\",\"vertical_align\":\"middle\",\"width\":\"default\"},\"children\":[{\"type\":\"row\",\"children\":[{\"type\":\"column\",\"props\":{\"image_position\":\"center-center\",\"position_sticky_breakpoint\":\"m\"},\"children\":[{\"type\":\"panel\",\"props\":{\"content\":\"\n\n<p>Savonlinna Opera Festival &amp; Travel Experiences in the Saimaa region - Savonlinna Tours<\\\/p>\",\"content_column_breakpoint\":\"m\",\"content_style\":\"text-large\",\"icon_width\":80,\"image_align\":\"top\",\"image_grid_breakpoint\":\"m\",\"image_grid_width\":\"1-2\",\"image_svg_color\":\"emphasis\",\"link_style\":\"default\",\"link_text\":\"Read more\",\"margin\":\"default\",\"maxwidth\":\"large\",\"meta_align\":\"below-title\",\"meta_element\":\"div\",\"meta_style\":\"text-meta\",\"panel_padding\":\"default\",\"panel_style\":\"card-default\",\"title\":\"Experiences in the heart of Lake Saimaa\",\"title_align\":\"top\",\"title_element\":\"h3\",\"title_grid_breakpoint\":\"m\",\"title_grid_width\":\"1-2\",\"title_hover_style\":\"reset\",\"title_style\":\"heading-small\"}}]}]}],\"name\":\"Hero mobi\"},{\"type\":\"section\",\"props\":{\"image_position\":\"center-center\",\"style\":\"default\",\"title_breakpoint\":\"xl\",\"title_position\":\"top-left\",\"title_rotation\":\"left\",\"vertical_align\":\"middle\",\"width\":\"default\"},\"children\":[{\"type\":\"row\",\"props\":{\"layout\":\"2-5,3-5\"},\"children\":[{\"type\":\"column\",\"props\":{\"image_position\":\"center-center\",\"position_sticky_breakpoint\":\"m\",\"width_medium\":\"2-5\"},\"children\":[{\"type\":\"headline\",\"props\":{\"content\":\"Your local travel guide\",\"margin_remove_top\":true,\"title_element\":\"div\",\"title_style\":\"heading-small\"}}]},{\"type\":\"column\",\"props\":{\"image_position\":\"center-center\",\"position_sticky_breakpoint\":\"m\",\"width_medium\":\"3-5\"},\"children\":[{\"type\":\"text\",\"props\":{\"column_breakpoint\":\"m\",\"content\":\"\n\n<p>Savonlinna Tours is a private travel agency and family business offering a wide range of travel services in Savonlinna and the surrounding area \\u2013 including a world-class experience, the Savonlinna Opera Festival.<\\\/p>\\n\n\n<p>With us, you\\u2019ll find everything in one place: accommodation, Saimaa cruises, activities, guided tours, meeting and transport arrangements, and much more. We always tailor the perfect package to suit you or your group \\u2013 easily and effortlessly.<\\\/p>\",\"margin\":\"default\"}},{\"type\":\"headline\",\"props\":{\"content\":\"+358 50 548 4004\",\"link\":\"tel:+358505484004\",\"link_target\":true,\"margin\":\"small\",\"title_element\":\"div\",\"title_style\":\"h3\"}},{\"type\":\"headline\",\"props\":{\"content\":\"sales@savonlinnatours.fi\",\"link\":\"mailto:sales@savonlinnatours.fi\",\"link_target\":true,\"margin\":\"small\",\"title_element\":\"div\",\"title_style\":\"h3\"}}]}]}]},{\"type\":\"section\",\"props\":{\"image_position\":\"center-center\",\"style\":\"default\",\"title_breakpoint\":\"xl\",\"title_position\":\"top-left\",\"title_rotation\":\"left\",\"vertical_align\":\"middle\",\"width\":\"default\"},\"children\":[{\"type\":\"row\",\"children\":[{\"type\":\"column\",\"props\":{\"image_position\":\"center-center\",\"position_sticky_breakpoint\":\"m\"},\"children\":[{\"name\":\"Gallery Masonry\",\"type\":\"gallery\",\"children\":[{\"type\":\"gallery_item\",\"props\":{\"image\":\"wp-content\\\/uploads\\\/2025\\\/11\\\/ooppera3.jpg\",\"image_alt\":\"Savonlinna Opera Festival\",\"link\":\"en\\\/savonlinna-opera-festival\\\/\",\"link_aria_label\":\"Savonlinna Opera Festival\",\"meta\":\"Culture\",\"title\":\"Savonlinna Opera Festival\"}},{\"type\":\"gallery_item\",\"props\":{\"content\":\"\",\"image\":\"wp-content\\\/uploads\\\/2025\\\/09\\\/saimaan-risteilyt-pieni.jpg\",\"image_alt\":\"Cruises in Lake Saimaa\",\"link\":\"en\\\/cruises-in-saimaa-and-savonlinna\\\/\",\"link_aria_label\":\"Saimaa cruises\",\"meta\":\"Get to know  to Lake Saimaa, the largest lake in Finland\",\"title\":\"Cruises in Lake Saimaa\"}},{\"type\":\"gallery_item\",\"props\":{\"image\":\"wp-content\\\/uploads\\\/2025\\\/09\\\/opastus.jpg\",\"image_alt\":\"People walking on a path by the lake shore on a cloudy summer day.\",\"link\":\"en\\\/guiding-services\\\/\",\"link_aria_label\":\"Guided services\",\"meta\":\"Explore Savonlinna beyond the surface\",\"title\":\"Guided services\"}},{\"type\":\"gallery_item\",\"props\":{\"image\":\"wp-content\\\/uploads\\\/2025\\\/09\\\/yritykset.jpg\",\"image_alt\":\"Aerial view of Saimaa Harbor\",\"link\":\"en\\\/groups-travel-organizers\\\/\",\"link_aria_label\":\"Travel Organizers and Groups\",\"meta\":\"Destination Services in Savonlinna\",\"title\":\"Travel Organizers and Groups\"}},{\"type\":\"gallery_item\",\"props\":{\"image\":\"wp-content\\\/uploads\\\/2025\\\/11\\\/melonta-pieni2.jpg\",\"image_alt\":\"Person kayaking on lake in beautiful sunset.\",\"link\":\"en\\\/activities\\\/\",\"link_aria_label\":\"Activities\",\"meta\":\"A Range of Day Trips and Activities\",\"title\":\"Activities\"}}],\"props\":{\"content_expand\":false,\"css\":\"img {\\n  border-radius: 15px;\\n}\\n\",\"filter\":false,\"filter_align\":\"center\",\"filter_all\":true,\"filter_grid_breakpoint\":\"m\",\"filter_grid_width\":\"auto\",\"filter_margin\":\"large\",\"filter_position\":\"top\",\"filter_style\":\"subnav\",\"grid_column_gap\":\"small\",\"grid_default\":\"1\",\"grid_masonry\":\"pack\",\"grid_medium\":\"3\",\"grid_parallax_justify\":false,\"grid_row_gap\":\"small\",\"grid_small\":\"2\",\"image_orientation\":false,\"image_width\":\"610\",\"item_animation\":true,\"lightbox_bg_close\":true,\"link_style\":\"default\",\"link_text\":\"\",\"margin\":\"default\",\"meta_align\":\"above-title\",\"meta_element\":\"div\",\"meta_margin\":\"small\",\"meta_style\":\"text-meta\",\"overlay_hover\":false,\"overlay_link\":true,\"overlay_mode\":\"caption\",\"overlay_padding\":\"small\",\"overlay_position\":\"bottom\",\"overlay_style\":\"overlay-default\",\"overlay_transition\":\"slide-bottom-small\",\"parallax_easing\":\"1\",\"show_content\":true,\"show_hover_image\":true,\"show_hover_video\":true,\"show_link\":true,\"show_meta\":true,\"show_title\":true,\"text_align\":\"\",\"text_color\":\"\",\"title_element\":\"h2\",\"title_hover_style\":\"reset\",\"title_link\":true,\"title_margin\":\"remove\",\"title_style\":\"h4\"}}]}]}],\"name\":\"Kuvilla on tarkat mitat\\u00a0\\u00c4L\\u00c4\\u00a0KOSKE\\u00a0JOS\\u00a0ET\\u00a0TIED\\u00c4\\u00a0MIT\\u00c4\\u00a0NE\\u00a0ON\"}],\"version\":\"4.5.32\"} --><\/p>\n","protected":false},"excerpt":{"rendered":"<p>Experiences in the heart of Lake Saimaa Savonlinna Opera Festival &amp; Travel Experiences on Saimaa &#8211; Savonlinna Tours Experiences in the heart of Lake Saimaa Savonlinna Opera Festival &amp; Travel Experiences in the Saimaa region &#8211; Savonlinna Tours Your local travel guide Savonlinna Tours is a private travel agency and family business offering a wide [&hellip;]<\/p>\n","protected":false},"author":1,"featured_media":401,"parent":0,"menu_order":0,"comment_status":"closed","ping_status":"closed","template":"","meta":{"footnotes":""},"class_list":["post-100","page","type-page","status-publish","has-post-thumbnail","hentry"],"yoast_head":"<!-- This site is optimized with the Yoast SEO Premium plugin v27.2 (Yoast SEO v27.2) - https:\/\/yoast.com\/product\/yoast-seo-premium-wordpress\/ -->\n<title>Savonlinna Opera Festival &amp; Travel Experiences on Saimaa - Savonlinna Tours<\/title>\n<meta name=\"robots\" content=\"index, follow, max-snippet:-1, max-image-preview:large, max-video-preview:-1\" \/>\n<link rel=\"canonical\" href=\"https:\/\/savonlinnatours.fi\/en\/\" \/>\n<meta property=\"og:locale\" content=\"en_US\" \/>\n<meta property=\"og:type\" content=\"article\" \/>\n<meta property=\"og:title\" content=\"Savonlinna Opera Festival &amp; Travel Experiences on Saimaa\" \/>\n<meta property=\"og:description\" content=\"Experiences in the heart of Lake Saimaa Savonlinna Opera Festival &amp; Travel Experiences on Saimaa &#8211; Savonlinna Tours Experiences in the heart of Lake Saimaa Savonlinna Opera Festival &amp; Travel Experiences in the Saimaa region &#8211; Savonlinna Tours Your local travel guide Savonlinna Tours is a private travel agency and family business offering a wide [&hellip;]\" \/>\n<meta property=\"og:url\" content=\"https:\/\/savonlinnatours.fi\/en\/\" \/>\n<meta property=\"og:site_name\" content=\"Savonlinna Tours\" \/>\n<meta property=\"article:modified_time\" content=\"2026-02-05T09:11:38+00:00\" \/>\n<meta property=\"og:image\" content=\"https:\/\/savonlinnatours.fi\/wp-content\/uploads\/2025\/10\/savonlinna-risteily-olavinlinna.jpg\" \/>\n\t<meta property=\"og:image:width\" content=\"1920\" \/>\n\t<meta property=\"og:image:height\" content=\"1080\" \/>\n\t<meta property=\"og:image:type\" content=\"image\/jpeg\" \/>\n<meta name=\"twitter:card\" content=\"summary_large_image\" \/>\n<meta name=\"twitter:label1\" content=\"Est. reading time\" \/>\n\t<meta name=\"twitter:data1\" content=\"2 minutes\" \/>\n<script type=\"application\/ld+json\" class=\"yoast-schema-graph\">{\"@context\":\"https:\/\/schema.org\",\"@graph\":[{\"@type\":\"WebPage\",\"@id\":\"https:\/\/savonlinnatours.fi\/en\/\",\"url\":\"https:\/\/savonlinnatours.fi\/en\/\",\"name\":\"Savonlinna Opera Festival &amp; Travel Experiences on Saimaa - Savonlinna Tours\",\"isPartOf\":{\"@id\":\"https:\/\/savonlinnatours.fi\/en\/#website\"},\"primaryImageOfPage\":{\"@id\":\"https:\/\/savonlinnatours.fi\/en\/#primaryimage\"},\"image\":{\"@id\":\"https:\/\/savonlinnatours.fi\/en\/#primaryimage\"},\"thumbnailUrl\":\"https:\/\/savonlinnatours.fi\/wp-content\/uploads\/2025\/10\/savonlinna-risteily-olavinlinna.jpg\",\"datePublished\":\"2025-09-08T08:25:50+00:00\",\"dateModified\":\"2026-02-05T09:11:38+00:00\",\"breadcrumb\":{\"@id\":\"https:\/\/savonlinnatours.fi\/en\/#breadcrumb\"},\"inLanguage\":\"en-US\",\"potentialAction\":[{\"@type\":\"ReadAction\",\"target\":[\"https:\/\/savonlinnatours.fi\/en\/\"]}]},{\"@type\":\"ImageObject\",\"inLanguage\":\"en-US\",\"@id\":\"https:\/\/savonlinnatours.fi\/en\/#primaryimage\",\"url\":\"https:\/\/savonlinnatours.fi\/wp-content\/uploads\/2025\/10\/savonlinna-risteily-olavinlinna.jpg\",\"contentUrl\":\"https:\/\/savonlinnatours.fi\/wp-content\/uploads\/2025\/10\/savonlinna-risteily-olavinlinna.jpg\",\"width\":1920,\"height\":1080},{\"@type\":\"BreadcrumbList\",\"@id\":\"https:\/\/savonlinnatours.fi\/en\/#breadcrumb\",\"itemListElement\":[{\"@type\":\"ListItem\",\"position\":1,\"name\":\"Etusivu\",\"item\":\"https:\/\/savonlinnatours.fi\/en\/\"},{\"@type\":\"ListItem\",\"position\":2,\"name\":\"Savonlinna Opera Festival &amp; Travel Experiences on Saimaa\"}]},{\"@type\":\"WebSite\",\"@id\":\"https:\/\/savonlinnatours.fi\/en\/#website\",\"url\":\"https:\/\/savonlinnatours.fi\/en\/\",\"name\":\"Savonlinna Tours\",\"description\":\"El\u00e4myksi\u00e4 Saimaan syd\u00e4mess\u00e4\",\"publisher\":{\"@id\":\"https:\/\/savonlinnatours.fi\/en\/#organization\"},\"potentialAction\":[{\"@type\":\"SearchAction\",\"target\":{\"@type\":\"EntryPoint\",\"urlTemplate\":\"https:\/\/savonlinnatours.fi\/en\/?s={search_term_string}\"},\"query-input\":{\"@type\":\"PropertyValueSpecification\",\"valueRequired\":true,\"valueName\":\"search_term_string\"}}],\"inLanguage\":\"en-US\"},{\"@type\":\"Organization\",\"@id\":\"https:\/\/savonlinnatours.fi\/en\/#organization\",\"name\":\"Savonlinna Tours\",\"url\":\"https:\/\/savonlinnatours.fi\/en\/\",\"logo\":{\"@type\":\"ImageObject\",\"inLanguage\":\"en-US\",\"@id\":\"https:\/\/savonlinnatours.fi\/en\/#\/schema\/logo\/image\/\",\"url\":\"https:\/\/savonlinnatours.fi\/wp-content\/uploads\/2025\/09\/savonlinna_tours_black-nelio.svg\",\"contentUrl\":\"https:\/\/savonlinnatours.fi\/wp-content\/uploads\/2025\/09\/savonlinna_tours_black-nelio.svg\",\"width\":1,\"height\":1,\"caption\":\"Savonlinna Tours\"},\"image\":{\"@id\":\"https:\/\/savonlinnatours.fi\/en\/#\/schema\/logo\/image\/\"}}]}<\/script>\n<!-- \/ Yoast SEO Premium plugin. -->","yoast_head_json":{"title":"Savonlinna Opera Festival &amp; Travel Experiences on Saimaa - Savonlinna Tours","robots":{"index":"index","follow":"follow","max-snippet":"max-snippet:-1","max-image-preview":"max-image-preview:large","max-video-preview":"max-video-preview:-1"},"canonical":"https:\/\/savonlinnatours.fi\/en\/","og_locale":"en_US","og_type":"article","og_title":"Savonlinna Opera Festival &amp; Travel Experiences on Saimaa","og_description":"Experiences in the heart of Lake Saimaa Savonlinna Opera Festival &amp; Travel Experiences on Saimaa &#8211; Savonlinna Tours Experiences in the heart of Lake Saimaa Savonlinna Opera Festival &amp; Travel Experiences in the Saimaa region &#8211; Savonlinna Tours Your local travel guide Savonlinna Tours is a private travel agency and family business offering a wide [&hellip;]","og_url":"https:\/\/savonlinnatours.fi\/en\/","og_site_name":"Savonlinna Tours","article_modified_time":"2026-02-05T09:11:38+00:00","og_image":[{"width":1920,"height":1080,"url":"https:\/\/savonlinnatours.fi\/wp-content\/uploads\/2025\/10\/savonlinna-risteily-olavinlinna.jpg","type":"image\/jpeg"}],"twitter_card":"summary_large_image","twitter_misc":{"Est. reading time":"2 minutes"},"schema":{"@context":"https:\/\/schema.org","@graph":[{"@type":"WebPage","@id":"https:\/\/savonlinnatours.fi\/en\/","url":"https:\/\/savonlinnatours.fi\/en\/","name":"Savonlinna Opera Festival &amp; Travel Experiences on Saimaa - Savonlinna Tours","isPartOf":{"@id":"https:\/\/savonlinnatours.fi\/en\/#website"},"primaryImageOfPage":{"@id":"https:\/\/savonlinnatours.fi\/en\/#primaryimage"},"image":{"@id":"https:\/\/savonlinnatours.fi\/en\/#primaryimage"},"thumbnailUrl":"https:\/\/savonlinnatours.fi\/wp-content\/uploads\/2025\/10\/savonlinna-risteily-olavinlinna.jpg","datePublished":"2025-09-08T08:25:50+00:00","dateModified":"2026-02-05T09:11:38+00:00","breadcrumb":{"@id":"https:\/\/savonlinnatours.fi\/en\/#breadcrumb"},"inLanguage":"en-US","potentialAction":[{"@type":"ReadAction","target":["https:\/\/savonlinnatours.fi\/en\/"]}]},{"@type":"ImageObject","inLanguage":"en-US","@id":"https:\/\/savonlinnatours.fi\/en\/#primaryimage","url":"https:\/\/savonlinnatours.fi\/wp-content\/uploads\/2025\/10\/savonlinna-risteily-olavinlinna.jpg","contentUrl":"https:\/\/savonlinnatours.fi\/wp-content\/uploads\/2025\/10\/savonlinna-risteily-olavinlinna.jpg","width":1920,"height":1080},{"@type":"BreadcrumbList","@id":"https:\/\/savonlinnatours.fi\/en\/#breadcrumb","itemListElement":[{"@type":"ListItem","position":1,"name":"Etusivu","item":"https:\/\/savonlinnatours.fi\/en\/"},{"@type":"ListItem","position":2,"name":"Savonlinna Opera Festival &amp; Travel Experiences on Saimaa"}]},{"@type":"WebSite","@id":"https:\/\/savonlinnatours.fi\/en\/#website","url":"https:\/\/savonlinnatours.fi\/en\/","name":"Savonlinna Tours","description":"El\u00e4myksi\u00e4 Saimaan syd\u00e4mess\u00e4","publisher":{"@id":"https:\/\/savonlinnatours.fi\/en\/#organization"},"potentialAction":[{"@type":"SearchAction","target":{"@type":"EntryPoint","urlTemplate":"https:\/\/savonlinnatours.fi\/en\/?s={search_term_string}"},"query-input":{"@type":"PropertyValueSpecification","valueRequired":true,"valueName":"search_term_string"}}],"inLanguage":"en-US"},{"@type":"Organization","@id":"https:\/\/savonlinnatours.fi\/en\/#organization","name":"Savonlinna Tours","url":"https:\/\/savonlinnatours.fi\/en\/","logo":{"@type":"ImageObject","inLanguage":"en-US","@id":"https:\/\/savonlinnatours.fi\/en\/#\/schema\/logo\/image\/","url":"https:\/\/savonlinnatours.fi\/wp-content\/uploads\/2025\/09\/savonlinna_tours_black-nelio.svg","contentUrl":"https:\/\/savonlinnatours.fi\/wp-content\/uploads\/2025\/09\/savonlinna_tours_black-nelio.svg","width":1,"height":1,"caption":"Savonlinna Tours"},"image":{"@id":"https:\/\/savonlinnatours.fi\/en\/#\/schema\/logo\/image\/"}}]}},"_links":{"self":[{"href":"https:\/\/savonlinnatours.fi\/en\/wp-json\/wp\/v2\/pages\/100","targetHints":{"allow":["GET"]}}],"collection":[{"href":"https:\/\/savonlinnatours.fi\/en\/wp-json\/wp\/v2\/pages"}],"about":[{"href":"https:\/\/savonlinnatours.fi\/en\/wp-json\/wp\/v2\/types\/page"}],"author":[{"embeddable":true,"href":"https:\/\/savonlinnatours.fi\/en\/wp-json\/wp\/v2\/users\/1"}],"replies":[{"embeddable":true,"href":"https:\/\/savonlinnatours.fi\/en\/wp-json\/wp\/v2\/comments?post=100"}],"version-history":[{"count":20,"href":"https:\/\/savonlinnatours.fi\/en\/wp-json\/wp\/v2\/pages\/100\/revisions"}],"predecessor-version":[{"id":546,"href":"https:\/\/savonlinnatours.fi\/en\/wp-json\/wp\/v2\/pages\/100\/revisions\/546"}],"wp:featuredmedia":[{"embeddable":true,"href":"https:\/\/savonlinnatours.fi\/en\/wp-json\/wp\/v2\/media\/401"}],"wp:attachment":[{"href":"https:\/\/savonlinnatours.fi\/en\/wp-json\/wp\/v2\/media?parent=100"}],"curies":[{"name":"wp","href":"https:\/\/api.w.org\/{rel}","templated":true}]}}